{"id":633,"date":"2017-12-15T20:32:21","date_gmt":"2017-12-15T20:32:21","guid":{"rendered":"http:\/\/vze-vogelzucht.de\/?page_id=633"},"modified":"2023-07-15T05:17:02","modified_gmt":"2023-07-15T03:17:02","slug":"papageienvoegel","status":"publish","type":"page","link":"https:\/\/vze-vogelzucht.de\/?page_id=633","title":{"rendered":"IG Papageienv\u00f6gel"},"content":{"rendered":"<p><img loading=\"lazy\" decoding=\"async\" class=\"alignnone wp-image-502\" src=\"https:\/\/vze-vogelzucht.de\/wp-content\/uploads\/2017\/12\/bild_jw_01-80-e1514640879563.jpg\" alt=\"\" width=\"209\" height=\"296\" \/>\u00a0<img loading=\"lazy\" decoding=\"async\" class=\"alignnone wp-image-482\" src=\"https:\/\/vze-vogelzucht.de\/wp-content\/uploads\/2017\/12\/bild_jw_01-60.jpg\" alt=\"\" width=\"284\" height=\"295\" srcset=\"https:\/\/vze-vogelzucht.de\/wp-content\/uploads\/2017\/12\/bild_jw_01-60.jpg 1600w, https:\/\/vze-vogelzucht.de\/wp-content\/uploads\/2017\/12\/bild_jw_01-60-289x300.jpg 289w, https:\/\/vze-vogelzucht.de\/wp-content\/uploads\/2017\/12\/bild_jw_01-60-768x797.jpg 768w, https:\/\/vze-vogelzucht.de\/wp-content\/uploads\/2017\/12\/bild_jw_01-60-986x1024.jpg 986w, https:\/\/vze-vogelzucht.de\/wp-content\/uploads\/2017\/12\/bild_jw_01-60-144x150.jpg 144w\" sizes=\"auto, (max-width: 284px) 100vw, 284px\" \/><\/p>\n<p><strong>IG Papageienv\u00f6gel<\/strong><\/p>\n<p>Vorsitzender:<br \/>\nGerhard Schmidt<br \/>\nHauptstr. 3<br \/>\n03238 Heideland OT Fischwasser<br \/>\nTel.: 035322 32195<br \/>\nE-Mail: <a href=\"mailto:siger.schmidt@t-online.de\" target=\"_blank\" rel=\"noopener\">siger.schmidt@t-online.de<\/a><\/p>\n<hr \/>\n<p><strong>Beitr\u00e4ge der\u00a0IG Papageienv\u00f6gel<\/strong><\/p>\n<ul class=\"lcp_catlist\" id=\"lcp_instance_0\"><li><a href=\"https:\/\/vze-vogelzucht.de\/?p=8177\">Fachtagung der Interessengemeinschaft Papageienv\u00f6gel am 26. April 2026 im Hotel Waldschl\u00f6\u00dfchen, Klieken<\/a><\/li><li><a href=\"https:\/\/vze-vogelzucht.de\/?p=7937\">XI. Internationaler Papageienkongress auf Teneriffa<\/a><\/li><li><a href=\"https:\/\/vze-vogelzucht.de\/?p=6821\">IG Papageienv\u00f6gel Einladung zur Fachtagung 20. August 2023<\/a><\/li><li><a href=\"https:\/\/vze-vogelzucht.de\/?p=5957\">X. Papageienkongress &#8211; Die Papageienwelt trifft sich auf Teneriffa<\/a><\/li><li><a href=\"https:\/\/vze-vogelzucht.de\/?p=4473\">Absage der Fachtagung &#8211; IG Papageienv\u00f6gel 26.04.2020<\/a><\/li><li><a href=\"https:\/\/vze-vogelzucht.de\/?p=4274\">Auswertung 62. VZE-Bundesmeisterschaft, VZE-Bundesausstellung, Landesmeisterschaft Sachsen-Anhalt 2019<\/a><\/li><li><a href=\"https:\/\/vze-vogelzucht.de\/?p=3513\">Auswertung 61. VZE-Bundesmeisterschaft Gro\u00dfsittiche 2018<\/a><\/li><\/ul>\n<hr \/>\n<p>&nbsp;<\/p>\n","protected":false},"excerpt":{"rendered":"<p>\u00a0 IG Papageienv\u00f6gel Vorsitzender: Gerhard Schmidt Hauptstr. 3 03238 Heideland OT Fischwasser Tel.: 035322 32195 E-Mail: siger.schmidt@t-online.de Beitr\u00e4ge der\u00a0IG Papageienv\u00f6gel &nbsp;<\/p>\n<p class=\"continue-reading-button\"> <a class=\"continue-reading-link\" href=\"https:\/\/vze-vogelzucht.de\/?page_id=633\">wei\u00adter\u00adle\u00adsen<i class=\"crycon-right-dir\"><\/i><\/a><\/p>\n","protected":false},"author":2,"featured_media":0,"parent":21,"menu_order":0,"comment_status":"closed","ping_status":"closed","template":"","meta":{"footnotes":""},"class_list":["post-633","page","type-page","status-publish","hentry"],"jetpack-related-posts":[],"jetpack_sharing_enabled":true,"_links":{"self":[{"href":"https:\/\/vze-vogelzucht.de\/index.php?rest_route=\/wp\/v2\/pages\/633","targetHints":{"allow":["GET"]}}],"collection":[{"href":"https:\/\/vze-vogelzucht.de\/index.php?rest_route=\/wp\/v2\/pages"}],"about":[{"href":"https:\/\/vze-vogelzucht.de\/index.php?rest_route=\/wp\/v2\/types\/page"}],"author":[{"embeddable":true,"href":"https:\/\/vze-vogelzucht.de\/index.php?rest_route=\/wp\/v2\/users\/2"}],"replies":[{"embeddable":true,"href":"https:\/\/vze-vogelzucht.de\/index.php?rest_route=%2Fwp%2Fv2%2Fcomments&post=633"}],"version-history":[{"count":2,"href":"https:\/\/vze-vogelzucht.de\/index.php?rest_route=\/wp\/v2\/pages\/633\/revisions"}],"predecessor-version":[{"id":6823,"href":"https:\/\/vze-vogelzucht.de\/index.php?rest_route=\/wp\/v2\/pages\/633\/revisions\/6823"}],"up":[{"embeddable":true,"href":"https:\/\/vze-vogelzucht.de\/index.php?rest_route=\/wp\/v2\/pages\/21"}],"wp:attachment":[{"href":"https:\/\/vze-vogelzucht.de\/index.php?rest_route=%2Fwp%2Fv2%2Fmedia&parent=633"}],"curies":[{"name":"wp","href":"https:\/\/api.w.org\/{rel}","templated":true}]}}