{"id":46,"date":"2017-12-12T17:12:43","date_gmt":"2017-12-12T17:12:43","guid":{"rendered":"http:\/\/vze-vogelzucht.de\/?page_id=46"},"modified":"2024-10-27T15:33:58","modified_gmt":"2024-10-27T14:33:58","slug":"medien","status":"publish","type":"page","link":"https:\/\/vze-vogelzucht.de\/?page_id=46","title":{"rendered":"Bilder"},"content":{"rendered":"<p><a href=\"https:\/\/vze-vogelzucht.de\/wp-content\/uploads\/2017\/12\/bild_jw_01-91.jpg\"><img loading=\"lazy\" decoding=\"async\" class=\"alignnone size-medium wp-image-513\" src=\"https:\/\/vze-vogelzucht.de\/wp-content\/uploads\/2017\/12\/bild_jw_01-91-300x199.jpg\" alt=\"\" width=\"300\" height=\"199\" \/><\/a>\u00a0<a href=\"https:\/\/vze-vogelzucht.de\/wp-content\/uploads\/2017\/12\/bild_jw_01-86.jpg\"><img loading=\"lazy\" decoding=\"async\" class=\"alignnone size-medium wp-image-508\" src=\"https:\/\/vze-vogelzucht.de\/wp-content\/uploads\/2017\/12\/bild_jw_01-86-300x199.jpg\" alt=\"\" width=\"300\" height=\"199\" \/><\/a><\/p>\n<p>Copyright-Hinweis:<br \/>\nBilder, Videos und Grafiken dieser Internetpr\u00e4senz sind urheberrechtlich gesch\u00fctzt. Eine Reproduktion, auch in Teilen, erfordert unsere ausdr\u00fcckliche Genehmigung.<\/p>\n<p><a href=\"https:\/\/photos.app.goo.gl\/fXbC7N4nTjBEPFGS7\" target=\"_blank\" rel=\"noopener\">Video &#8211; Jahnsdorf 2024 (Vereinsausstellung und IG Meisterschaft)<\/a><\/p>\n<p><a href=\"https:\/\/photos.app.goo.gl\/RSHusnsZ4AsnQtM3A\" target=\"_blank\" rel=\"noopener\">23. VZE-Kanarienbewertung 2023<\/a><\/p>\n<p><a href=\"https:\/\/photos.app.goo.gl\/ZaSMZkCsmQdQWdPf9\" target=\"_blank\" rel=\"noopener\">Bilder 63. VZE-Bundesausstellung, Bundesmeisterschaft 2022<\/a><\/p>\n<p><a href=\"https:\/\/photos.app.goo.gl\/kdVP9DJyqUoMEcaH6\" target=\"_blank\" rel=\"noopener noreferrer\">Bilder 62. VZE-Bundesausstellung, Bundesmeisterschaft 2019<\/a><\/p>\n<p><a href=\"https:\/\/photos.app.goo.gl\/UHoY1u2iFYpgZLrZ7\" target=\"_blank\" rel=\"noopener noreferrer\">Bilder 61. VZE-Bundesausstellung, Bundesmeisterschaft 2018<\/a><\/p>\n<p><a href=\"https:\/\/photos.app.goo.gl\/BrnYWYUyqAdtATc49\" target=\"_blank\" rel=\"noopener noreferrer\">Bilder 60. VZE-Bundesausstellung, Bundesmeisterschaft 2017<\/a><\/p>\n<p><a href=\"https:\/\/photos.app.goo.gl\/UWuopGyWdhVVvuHN7\" target=\"_blank\" rel=\"noopener noreferrer\">Bilder V\u00f6gel 1<\/a><\/p>\n<p><a href=\"https:\/\/photos.app.goo.gl\/1gFBwrwLWtKr7t2PA\" target=\"_blank\" rel=\"noopener noreferrer\">Bilder V\u00f6gel 2<\/a><\/p>\n<p><a href=\"https:\/\/photos.app.goo.gl\/aR92mkZTMTXG4Fyq6\" target=\"_blank\" rel=\"noopener noreferrer\">Rachenzeichnung der Prachtfinkennestlinge<\/a><\/p>\n<p>&nbsp;<\/p>\n<p>&nbsp;<\/p>\n","protected":false},"excerpt":{"rendered":"<p>\u00a0 Copyright-Hinweis: Bilder, Videos und Grafiken dieser Internetpr\u00e4senz sind urheberrechtlich gesch\u00fctzt. Eine Reproduktion, auch in Teilen, erfordert unsere ausdr\u00fcckliche Genehmigung. Video &#8211; Jahnsdorf 2024 (Vereinsausstellung und IG Meisterschaft) 23. VZE-Kanarienbewertung 2023 Bilder 63. VZE-Bundesausstellung, Bundesmeisterschaft 2022 Bilder 62. VZE-Bundesausstellung, Bundesmeisterschaft 2019 Bilder 61. VZE-Bundesausstellung, Bundesmeisterschaft 2018 Bilder 60. VZE-Bundesausstellung, Bundesmeisterschaft\u2026<\/p>\n<p class=\"continue-reading-button\"> <a class=\"continue-reading-link\" href=\"https:\/\/vze-vogelzucht.de\/?page_id=46\">wei\u00adter\u00adle\u00adsen<i class=\"crycon-right-dir\"><\/i><\/a><\/p>\n","protected":false},"author":2,"featured_media":0,"parent":0,"menu_order":334,"comment_status":"closed","ping_status":"closed","template":"","meta":{"footnotes":""},"class_list":["post-46","page","type-page","status-publish","hentry"],"jetpack-related-posts":[],"jetpack_sharing_enabled":true,"_links":{"self":[{"href":"https:\/\/vze-vogelzucht.de\/index.php?rest_route=\/wp\/v2\/pages\/46","targetHints":{"allow":["GET"]}}],"collection":[{"href":"https:\/\/vze-vogelzucht.de\/index.php?rest_route=\/wp\/v2\/pages"}],"about":[{"href":"https:\/\/vze-vogelzucht.de\/index.php?rest_route=\/wp\/v2\/types\/page"}],"author":[{"embeddable":true,"href":"https:\/\/vze-vogelzucht.de\/index.php?rest_route=\/wp\/v2\/users\/2"}],"replies":[{"embeddable":true,"href":"https:\/\/vze-vogelzucht.de\/index.php?rest_route=%2Fwp%2Fv2%2Fcomments&post=46"}],"version-history":[{"count":9,"href":"https:\/\/vze-vogelzucht.de\/index.php?rest_route=\/wp\/v2\/pages\/46\/revisions"}],"predecessor-version":[{"id":7459,"href":"https:\/\/vze-vogelzucht.de\/index.php?rest_route=\/wp\/v2\/pages\/46\/revisions\/7459"}],"wp:attachment":[{"href":"https:\/\/vze-vogelzucht.de\/index.php?rest_route=%2Fwp%2Fv2%2Fmedia&parent=46"}],"curies":[{"name":"wp","href":"https:\/\/api.w.org\/{rel}","templated":true}]}}