{"id":42,"date":"2017-12-12T17:09:58","date_gmt":"2017-12-12T17:09:58","guid":{"rendered":"http:\/\/vze-vogelzucht.de\/?page_id=42"},"modified":"2024-10-23T19:34:28","modified_gmt":"2024-10-23T17:34:28","slug":"partner-links","status":"publish","type":"page","link":"https:\/\/vze-vogelzucht.de\/?page_id=42","title":{"rendered":"Partner &#038; Links"},"content":{"rendered":"<p><a href=\"https:\/\/www.wittemolen.com\/de\" target=\"_blank\" rel=\"noopener noreferrer\"><img loading=\"lazy\" decoding=\"async\" class=\"alignnone wp-image-2164\" src=\"https:\/\/vze-vogelzucht.de\/wp-content\/uploads\/2018\/01\/witte-molen-logo-neu-jpg-2.jpg\" alt=\"\" width=\"206\" height=\"190\" srcset=\"https:\/\/vze-vogelzucht.de\/wp-content\/uploads\/2018\/01\/witte-molen-logo-neu-jpg-2.jpg 600w, https:\/\/vze-vogelzucht.de\/wp-content\/uploads\/2018\/01\/witte-molen-logo-neu-jpg-2-150x138.jpg 150w\" sizes=\"auto, (max-width: 206px) 100vw, 206px\" \/><\/a><\/p>\n<p><a href=\"https:\/\/www.rudloff.de\/\" target=\"_blank\" rel=\"noopener\"><img loading=\"lazy\" decoding=\"async\" class=\"alignnone wp-image-7444\" src=\"https:\/\/vze-vogelzucht.de\/wp-content\/uploads\/2024\/10\/Rudloff_logo-jpg.jpg\" alt=\"\" width=\"217\" height=\"141\" srcset=\"https:\/\/vze-vogelzucht.de\/wp-content\/uploads\/2024\/10\/Rudloff_logo-jpg.jpg 1024w, https:\/\/vze-vogelzucht.de\/wp-content\/uploads\/2024\/10\/Rudloff_logo-jpg-600x390.jpg 600w, https:\/\/vze-vogelzucht.de\/wp-content\/uploads\/2024\/10\/Rudloff_logo-jpg-768x500.jpg 768w, https:\/\/vze-vogelzucht.de\/wp-content\/uploads\/2024\/10\/Rudloff_logo-jpg-150x98.jpg 150w\" sizes=\"auto, (max-width: 217px) 100vw, 217px\" \/><\/a><\/p>\n<p><a href=\"http:\/\/www.vogelringe.de\/\" target=\"_blank\" rel=\"noopener noreferrer\"><img loading=\"lazy\" decoding=\"async\" class=\"alignnone wp-image-2168 size-full\" src=\"https:\/\/vze-vogelzucht.de\/wp-content\/uploads\/2018\/01\/logo-vogelringe-hansherr-02-jpg.jpg\" alt=\"\" width=\"304\" height=\"96\" srcset=\"https:\/\/vze-vogelzucht.de\/wp-content\/uploads\/2018\/01\/logo-vogelringe-hansherr-02-jpg.jpg 304w, https:\/\/vze-vogelzucht.de\/wp-content\/uploads\/2018\/01\/logo-vogelringe-hansherr-02-jpg-150x47.jpg 150w\" sizes=\"auto, (max-width: 304px) 100vw, 304px\" \/><\/a><\/p>\n<p><a href=\"http:\/\/www.zoo-magdeburg.de\/\" target=\"_blank\" rel=\"noopener noreferrer\"><img loading=\"lazy\" decoding=\"async\" class=\"alignnone wp-image-2178\" src=\"https:\/\/vze-vogelzucht.de\/wp-content\/uploads\/2018\/01\/logo-zoo-magdeburg-jpg-1.jpg\" alt=\"\" width=\"201\" height=\"185\" srcset=\"https:\/\/vze-vogelzucht.de\/wp-content\/uploads\/2018\/01\/logo-zoo-magdeburg-jpg-1.jpg 250w, https:\/\/vze-vogelzucht.de\/wp-content\/uploads\/2018\/01\/logo-zoo-magdeburg-jpg-1-150x138.jpg 150w\" sizes=\"auto, (max-width: 201px) 100vw, 201px\" \/><\/a><\/p>\n<p><a href=\"http:\/\/tierarzt-mensing.de\/\" target=\"_blank\" rel=\"alternate noopener noreferrer\">Tierarztpraxis Dr. Mensing<\/a><\/p>\n<p><a href=\"http:\/\/www.vze-roedertal.de\/\" target=\"_blank\" rel=\"alternate noopener noreferrer\">VZE Roedertal<\/a><\/p>\n<p><a href=\"http:\/\/www.vze-roedertal.de\/\" target=\"_blank\" rel=\"alternate noopener noreferrer\">VZE Weimar<\/a><\/p>\n<p><a href=\"http:\/\/www.vze-stendal.de\/\" target=\"_blank\" rel=\"alternate noopener noreferrer\">VZE Stendal<\/a><\/p>\n<p><a title=\"Vogelz\u00fcchter Weixdorf\" href=\"http:\/\/www.xn--vogelzchter-weixdorf-uec.de\/\" target=\"_blank\" rel=\"alternate noopener noreferrer\">Vogelz\u00fcchter Weixdorf<\/a><\/p>\n<p><a href=\"https:\/\/dresdner-vogelfreunde.de\/\" target=\"_blank\" rel=\"noopener\">Dresdner Kanarienz\u00fcchter 1880 und Exotenz\u00fcchter e.V.<\/a><\/p>\n<p><a href=\"https:\/\/exotenverein-thale-e-v.jimdosite.com\/\" target=\"_blank\" rel=\"noopener\">Exotenverein Thale e.V.<\/a><\/p>\n<p>&nbsp;<\/p>\n<p><a href=\"http:\/\/www.vze1965.doberlug-kirchhain.de\/start.php\" target=\"_blank\" rel=\"noopener noreferrer\"><img loading=\"lazy\" decoding=\"async\" class=\"alignnone wp-image-271 size-full\" src=\"https:\/\/vze-vogelzucht.de\/wp-content\/uploads\/2017\/12\/vereinsbanner-doberlug-kirchhain.jpg\" alt=\"\" width=\"468\" height=\"70\" srcset=\"https:\/\/vze-vogelzucht.de\/wp-content\/uploads\/2017\/12\/vereinsbanner-doberlug-kirchhain.jpg 468w, https:\/\/vze-vogelzucht.de\/wp-content\/uploads\/2017\/12\/vereinsbanner-doberlug-kirchhain-300x45.jpg 300w, https:\/\/vze-vogelzucht.de\/wp-content\/uploads\/2017\/12\/vereinsbanner-doberlug-kirchhain-150x22.jpg 150w\" sizes=\"auto, (max-width: 468px) 100vw, 468px\" \/><\/a><\/p>\n<p><a href=\"http:\/\/www.world-budgerigar.org\/\" target=\"_blank\" rel=\"noopener noreferrer\">www.world-budgerigar.org<\/a><\/p>\n<p><a href=\"http:\/\/www.world-budgerigar.org\/\" target=\"_blank\" rel=\"noopener noreferrer\"><img loading=\"lazy\" decoding=\"async\" class=\"alignnone wp-image-4893\" src=\"https:\/\/vze-vogelzucht.de\/wp-content\/uploads\/2020\/10\/wbobanner-600x128.gif\" alt=\"\" width=\"469\" height=\"100\" srcset=\"https:\/\/vze-vogelzucht.de\/wp-content\/uploads\/2020\/10\/wbobanner-600x128.gif 600w, https:\/\/vze-vogelzucht.de\/wp-content\/uploads\/2020\/10\/wbobanner-150x32.gif 150w\" sizes=\"auto, (max-width: 469px) 100vw, 469px\" \/><\/a><\/p>\n<hr \/>\n<p>Banner der VZE zur Verlinkung<\/p>\n<p><a href=\"https:\/\/vze-vogelzucht.de\/wp-content\/uploads\/2018\/01\/vze_banner_002_2.jpg\" target=\"_blank\" rel=\"noopener noreferrer\"><img loading=\"lazy\" decoding=\"async\" class=\"alignnone wp-image-2073 size-full\" src=\"https:\/\/vze-vogelzucht.de\/wp-content\/uploads\/2018\/01\/vze_banner_002_2.jpg\" alt=\"\" width=\"468\" height=\"60\" srcset=\"https:\/\/vze-vogelzucht.de\/wp-content\/uploads\/2018\/01\/vze_banner_002_2.jpg 468w, https:\/\/vze-vogelzucht.de\/wp-content\/uploads\/2018\/01\/vze_banner_002_2-150x19.jpg 150w\" sizes=\"auto, (max-width: 468px) 100vw, 468px\" \/><\/a><\/p>\n<p>Internetadresse zur Verlinkung der VZE-Webseite:\u00a0<a href=\"https:\/\/vze-vogelzucht.de\">https:\/\/vze-vogelzucht.de<\/a><\/p>\n","protected":false},"excerpt":{"rendered":"<p>Tierarztpraxis Dr. Mensing VZE Roedertal VZE Weimar VZE Stendal Vogelz\u00fcchter Weixdorf Dresdner Kanarienz\u00fcchter 1880 und Exotenz\u00fcchter e.V. Exotenverein Thale e.V. &nbsp; www.world-budgerigar.org Banner der VZE zur Verlinkung Internetadresse zur Verlinkung der VZE-Webseite:\u00a0https:\/\/vze-vogelzucht.de<\/p>\n<p class=\"continue-reading-button\"> <a class=\"continue-reading-link\" href=\"https:\/\/vze-vogelzucht.de\/?page_id=42\">wei\u00adter\u00adle\u00adsen<i class=\"crycon-right-dir\"><\/i><\/a><\/p>\n","protected":false},"author":2,"featured_media":0,"parent":0,"menu_order":994,"comment_status":"closed","ping_status":"closed","template":"","meta":{"footnotes":""},"class_list":["post-42","page","type-page","status-publish","hentry"],"jetpack-related-posts":[],"jetpack_sharing_enabled":true,"_links":{"self":[{"href":"https:\/\/vze-vogelzucht.de\/index.php?rest_route=\/wp\/v2\/pages\/42","targetHints":{"allow":["GET"]}}],"collection":[{"href":"https:\/\/vze-vogelzucht.de\/index.php?rest_route=\/wp\/v2\/pages"}],"about":[{"href":"https:\/\/vze-vogelzucht.de\/index.php?rest_route=\/wp\/v2\/types\/page"}],"author":[{"embeddable":true,"href":"https:\/\/vze-vogelzucht.de\/index.php?rest_route=\/wp\/v2\/users\/2"}],"replies":[{"embeddable":true,"href":"https:\/\/vze-vogelzucht.de\/index.php?rest_route=%2Fwp%2Fv2%2Fcomments&post=42"}],"version-history":[{"count":12,"href":"https:\/\/vze-vogelzucht.de\/index.php?rest_route=\/wp\/v2\/pages\/42\/revisions"}],"predecessor-version":[{"id":7445,"href":"https:\/\/vze-vogelzucht.de\/index.php?rest_route=\/wp\/v2\/pages\/42\/revisions\/7445"}],"wp:attachment":[{"href":"https:\/\/vze-vogelzucht.de\/index.php?rest_route=%2Fwp%2Fv2%2Fmedia&parent=42"}],"curies":[{"name":"wp","href":"https:\/\/api.w.org\/{rel}","templated":true}]}}