{"id":38,"date":"2017-12-12T17:08:15","date_gmt":"2017-12-12T17:08:15","guid":{"rendered":"http:\/\/vze-vogelzucht.de\/?page_id=38"},"modified":"2022-10-02T19:25:30","modified_gmt":"2022-10-02T17:25:30","slug":"bundesausstellung","status":"publish","type":"page","link":"https:\/\/vze-vogelzucht.de\/?page_id=38","title":{"rendered":"Bundesausstellung, Bundesmeisterschaft"},"content":{"rendered":"<p>Aufgrund der aktuellen Situation muss die f\u00fcr Oktober 2021 geplante Bundesausstellung in Magdeburg abgesagt werden. Weitere Informationen folgen in den n\u00e4chsten Ausgaben der VZE-Vogelwelt.<\/p>\n<hr \/>\n<p>(<a href=\"https:\/\/www.google.com\/maps\/place\/Tessenowstra%C3%9Fe+9,+39114+Magdeburg\/@52.13452,11.6682613,17z\/data=!3m1!4b1!4m5!3m4!1s0x47af58a528e74275:0x9513e40420191018!8m2!3d52.13452!4d11.67045\" target=\"_blank\" rel=\"noopener noreferrer\">Standort der Veranstaltung anzeigen<\/a>)<\/p>\n<hr \/>\n<p><a href=\"https:\/\/photos.app.goo.gl\/ZaSMZkCsmQdQWdPf9\" target=\"_blank\" rel=\"noopener\">Bilder 63. VZE-Bundesausstellung, Bundesmeisterschaft 2022<\/a><\/p>\n<p><a href=\"https:\/\/photos.app.goo.gl\/kdVP9DJyqUoMEcaH6\" target=\"_blank\" rel=\"noopener noreferrer\">Bilder 62. VZE-Bundesausstellung, Bundesmeisterschaft 2019<\/a><\/p>\n<p><a href=\"https:\/\/photos.app.goo.gl\/UHoY1u2iFYpgZLrZ7\" target=\"_blank\" rel=\"noopener noreferrer\">Bilder 61. VZE-Bundesausstellung, Bundesmeisterschaft 2018<\/a><\/p>\n<p><a href=\"https:\/\/photos.app.goo.gl\/BrnYWYUyqAdtATc49\" target=\"_blank\" rel=\"noopener noreferrer\">Bilder 60. VZE-Bundesausstellung, Bundesmeisterschaft 2017<\/a><\/p>\n<hr \/>\n<ul class=\"lcp_catlist\" id=\"lcp_instance_0\"><li><a href=\"https:\/\/vze-vogelzucht.de\/?p=6194\">VZE Bundesmeisterschaft und Bundesausstellung 2022<\/a><\/li><li><a href=\"https:\/\/vze-vogelzucht.de\/?p=4524\">R\u00fcckblick auf die Bundesmeisterschaft 2019 Agaporniden u. Kleinpapageien (PDF)<\/a><\/li><li><a href=\"https:\/\/vze-vogelzucht.de\/?p=4317\">IG Kanarien Auswertung der Bundesmeisterschaft der VZE 2019<\/a><\/li><li><a href=\"https:\/\/vze-vogelzucht.de\/?p=4274\">Auswertung 62. VZE-Bundesmeisterschaft, VZE-Bundesausstellung, Landesmeisterschaft Sachsen-Anhalt 2019<\/a><\/li><li><a href=\"https:\/\/vze-vogelzucht.de\/?p=3513\">Auswertung 61. VZE-Bundesmeisterschaft Gro\u00dfsittiche 2018<\/a><\/li><li><a href=\"https:\/\/vze-vogelzucht.de\/?p=3511\">Auswertung 61. VZE-Bundesmeisterschaft IG SWS 2018<\/a><\/li><li><a href=\"https:\/\/vze-vogelzucht.de\/?p=3509\">Auswertung 61. VZE-Bundesmeisterschaft IG Agaporniden u. Kleinpapageien 2018<\/a><\/li><li><a href=\"https:\/\/vze-vogelzucht.de\/?p=3507\">Auswertung 61. VZE-Bundesmeisterschaft IG H\u00fchnerv\u00f6gel u. Wildtauben 2018<\/a><\/li><li><a href=\"https:\/\/vze-vogelzucht.de\/?p=3504\">Auswertung 61. VZE-Bundesmeisterschaft IG Prachtfinken 2018<\/a><\/li><li><a href=\"https:\/\/vze-vogelzucht.de\/?p=3488\">Auswertung 61. Bundesmeisterschaft Kanarien<\/a><\/li><li><a href=\"https:\/\/vze-vogelzucht.de\/?p=3226\">TV-Bericht 61. VZE-Bundesausstellung 2018<\/a><\/li><li><a href=\"https:\/\/vze-vogelzucht.de\/?p=2187\">VZE-Bundesmeisterschaft Domestizierte Prachtfinken 2017<\/a><\/li><li><a href=\"https:\/\/vze-vogelzucht.de\/?p=1961\">VZE-Bundesmeisterschaft Wellensittiche 2017<\/a><\/li><li><a href=\"https:\/\/vze-vogelzucht.de\/?p=1896\">60. VZE-Bundesmeisterschaft Kanarien 2017<\/a><\/li><li><a href=\"https:\/\/vze-vogelzucht.de\/?p=1869\">59. VZE-Bundesmeisterschaft Kanarien 2016<\/a><\/li><\/ul>\n<hr \/>\n<p><strong>Chronik der Ausstellungen (DDR- bzw. Bundesausstellungen der SZG bzw. VZE e.V.)<\/strong><\/p>\n<p><strong>Datum, Ort, Ausstellungsleiter<\/strong><br \/>\n1. 03.-04.11.1956 Erfurt, Turnhalle der Neuerbeschule Artur Reimsch\u00fcssel, Erfurt<br \/>\n2. 30.11.\/1.12.1957 Leipzig, Messehaus Stenzlers Hof Rolf Wilhelm, Leipzig<br \/>\n3. 06.-14.12.1958 Berlin, Beroliner Hochhaus Gerh. Rothbart, Hohenneundorf<br \/>\n4. 27.-29.11.1959 Halle\/Sa., Bergzoo Gerhard Reinhardt, Halle<br \/>\n5. 18.-20.11.1960 Bernburg, Haus der Freundschaft Alwin Kielow, Bernburg<br \/>\n6. 12.-14.1.1962 Erfurt, Iga Halle 11 Georg Schl\u00fcter, Erfurt<br \/>\n7. 19.-21.10.1962 K\u00f6then, HO-Gastst\u00e4tte Hubertus Harald Weinhauer, K\u00f6then<br \/>\n8. 15.-20.11.1963 Erfurt, Iga Georg Schl\u00fcter, Erfurt<br \/>\n9. 14.-18.11.1964 Erfurt, Iga Herbert Luck, Erfurt<br \/>\n10. 14.-17.01.1966 Erfurt, Haus der DSF Herbert Luck, Erfurt<br \/>\n11. 11.-15.01.1967 Erfurt, Haus der DSF Herbert Luck, Erfurt<br \/>\n12. 12.-16.01.1968 Leipzig, Hansa-Messehaus Herbert Luck, Erfurt<br \/>\n13. 07.-15.12.1968 Leipzig, Bugra-Messehaus G\u00fcnter Strehl, Leipzig<br \/>\n14. 05.-07.12.1969 Leipzig, Technische Messe, Halle 8 G\u00fcnter Strehl, Leipzig<br \/>\n15. 04.-06.12.1970 Leipzig, Technische Messe, Halle 8 Kurt Gutwasser, Markranst\u00e4dt<br \/>\n16. 03.-05.12.1971 Leipzig, Technische Messe, Halle 8 Kurt Gutwasser, Markranst\u00e4dt<br \/>\n17. 01.-03.12.1972 Leipzig, Technische Messe, Halle 8 Kurt Gutwasser, Markranst\u00e4dt<br \/>\n18. 07.-09.12.1973 Leipzig, Technische Messe, Halle 8 Kurt Gutwasser, Markranst\u00e4dt<br \/>\n19. 06.-08.12.1974 Leipzig, Technische Messe, Halle 8 Kurt Gutwasser, Markranst\u00e4dt<br \/>\n20. 05.-07.12.1975 Leipzig, Technische Messe, Halle 8 Kurt Gutwasser, Markranst\u00e4dt<br \/>\n21. 03.-05.12.1976 Leipzig, Technische Messe, Halle 22 Kurt Gutwasser, Markranst\u00e4dt<br \/>\n22. 02.-04.12.1977 Erfurt, Iga, Hallen 11 \u2013 13 Karl-Heinz Jobst, Erfurt<br \/>\n23. 01.-03.12.1978 Leipzig, Technische Messe, Halle 22 Kurt Gutwasser, Markranst\u00e4dt<br \/>\n24. 07.-09.12.1979 Leipzig, Techn. Messe, Hallen 9 u. 11 Kurt Gutwasser, Markranst\u00e4dt<br \/>\n25. 12.-14.12.1980 Magdeburg, Hyparschale Rudolf Lehmkuhl, Magdeburg<br \/>\n26. 27.-29.11.1981 Leipzig, agra, Hallen 5, 7 und 30 Kurt Gutwasser, Markranst\u00e4dt<br \/>\n27. 26.-28.11.1982 Erfurt, Iga, Hallen 11 \u2013 13 Karl-Heinz Jobst, Erfurt<br \/>\n28. 17.-20.11.1983 Leipzig-Markkleeberg Kurt Gutwasser, Markranst\u00e4dt<br \/>\n29. 23.-25.11.1984 Karl-Marx-Stadt Eckhardt Fr\u00f6mel, KM-Stadt<br \/>\n30. 21.-24.11.1985 Leipzig-Markkleeberg Rolf Eichfeldt, Leipzig<br \/>\n31. 21.-23.11.1986 Erfurt, Iga Karl-Heinz Jobst, Erfurt<br \/>\n32. 19.-22.11.1987 Leipzig-Markkleeberg Horst Gl\u00f6ckner, Leipzig<br \/>\n33. 02.-04.12.1988 Karl-Marx-Stadt Eckhardt Fr\u00f6mel, KM-Stadt<br \/>\n34. 23.-26.11.1989 Leipzig-Markkleeberg Horst Gl\u00f6ckner, Leipzig<br \/>\n35. 23.-25.11.1990 Bernburg, Kulturhaus Lothar Mosch, Bernburg<br \/>\n36. 20.-24.11.1991 Magdeburg, Hyparschale Rudolf Lehmkuhl,<br \/>\n37. 15.-18.10.1992 Magdeburg, Hyparschale Rudolf Lehmkuhl,<br \/>\n38. 29.-31.10.1993 Hoyerswerda, Lausitzhalle H.-J. W\u00f6hrmann,<br \/>\n39. 15,-16.10.1994 Lauchhammer, Kulturhaus Andreas Felberg, Lauchh<br \/>\n40. 03.-05.11.1995 Cottbus, Stadthalle H.-J. W\u00f6hrmann, Spremberg<br \/>\n41. 08-10-11-1996 Demmin Horst R\u00f6sner, Demmin<br \/>\n42. 17.-19.10.1997 Hoyerswerda, Lausitzhalle H.-J. W\u00f6hrmann, Spremberg<br \/>\n43. 17.-18.10.1998 Markkleeberg, agra-Messe Sven Franke, R\u00fcckmarsdorf<br \/>\n44. 29.-31.10.1999 Markkleeberg, agra-Messe H.-J. W\u00f6hrmann, Spremberg<br \/>\n45. 28.-29.10.2000 Markkleeberg, agra-Messe H.-J. W\u00f6hrmann, Spremberg<br \/>\n46. 27.-28.10.2001 Markkleeberg, agra-Messe H.-J. W\u00f6hrmann, Spremberg<br \/>\n47. 02.-03.11.2002 Markkleeberg, agra-Messe H.-J. W\u00f6hrmann, Spremberg<br \/>\n48. 01.-02.11.2003 Markkleeberg, agra-Messe Dr. Sauer, Georg, Panschw.-Ku.<br \/>\n49. 30.-31.10.2004 Markkleeberg, agra-Messe Dr. Sauer, Georg, Panschw.-Ku<br \/>\n2005 keine VZE-Bundesausstellung wegen Vogelgrippe<br \/>\n50. 28.-29.11.2006 Chemnitz, Messe Dr. Sauer, Georg, Panschw.-Ku.<br \/>\n51. 03.-04.11.2007 Chemnitz, Messe Dr. Sauer, Georg, Panschw.-Ku.<br \/>\n52. 01.-02.11.2008 Markkleeberg, agra-Messe Gerhard Schmidt, Heideland<br \/>\n53. 09.-11.10.2009 Markkleeberg, agra-Messe Gerhard Schmidt, Heideland<br \/>\n54. 30.-31.10.2010 Markkleeberg, agra-Messe Gerhard Schmidt, Heideland<br \/>\n55. 05.-06.11.2011 Markkleeberg, agra-Messe Gerhard Schmidt, Heideland<br \/>\n56. 03.-04.11.2012 Markkleeberg, agra-Messe Gerhard Schmidt, Heideland<br \/>\n57. 08.-09.11.2013 Markkleeberg, agra-Messe H.-J. W\u00f6hrmann\/Gerh.Schmidt<br \/>\n58. 01.-02.11.2014 Thale, Mehrzweckhalle Eckhard Freitag, Thale<br \/>\n&#8212;\u00a0 24.-25.10.2015 Tettau, Marco Dietler<br \/>\n59. 05.-06.11.2016 Zeitz, Klinkerhallen Gerhard Schmidt<br \/>\n60. 04.-05.11.2017 Magdeburg, Messehallen, Eckhard Freitag, Thale<br \/>\n61. 03.-04.11.2018 Magdeburg, Messehallen,\u00a0Eckhard Freitag, Thale<br \/>\n62. 07.-08.12.2019 Magdeburg, Messehallen, Eckhard Freitag, Thale<\/p>\n<p>In den Jahren 2020 und 2021 fand keine Bundesausstellung und Bundesmeisterschaft statt.<\/p>\n<p>63. 01.-02.10.2022 Magdeburg, Messehallen, Eckhard Freitag, Thale<\/p>\n","protected":false},"excerpt":{"rendered":"<p>Aufgrund der aktuellen Situation muss die f\u00fcr Oktober 2021 geplante Bundesausstellung in Magdeburg abgesagt werden. Weitere Informationen folgen in den n\u00e4chsten Ausgaben der VZE-Vogelwelt. (Standort der Veranstaltung anzeigen) Bilder 63. VZE-Bundesausstellung, Bundesmeisterschaft 2022 Bilder 62. VZE-Bundesausstellung, Bundesmeisterschaft 2019 Bilder 61. VZE-Bundesausstellung, Bundesmeisterschaft 2018 Bilder 60. VZE-Bundesausstellung, Bundesmeisterschaft 2017 Chronik der\u2026<\/p>\n<p class=\"continue-reading-button\"> <a class=\"continue-reading-link\" href=\"https:\/\/vze-vogelzucht.de\/?page_id=38\">wei\u00adter\u00adle\u00adsen<i class=\"crycon-right-dir\"><\/i><\/a><\/p>\n","protected":false},"author":2,"featured_media":0,"parent":171,"menu_order":2,"comment_status":"closed","ping_status":"closed","template":"","meta":{"footnotes":""},"class_list":["post-38","page","type-page","status-publish","hentry"],"jetpack-related-posts":[],"jetpack_sharing_enabled":true,"_links":{"self":[{"href":"https:\/\/vze-vogelzucht.de\/index.php?rest_route=\/wp\/v2\/pages\/38","targetHints":{"allow":["GET"]}}],"collection":[{"href":"https:\/\/vze-vogelzucht.de\/index.php?rest_route=\/wp\/v2\/pages"}],"about":[{"href":"https:\/\/vze-vogelzucht.de\/index.php?rest_route=\/wp\/v2\/types\/page"}],"author":[{"embeddable":true,"href":"https:\/\/vze-vogelzucht.de\/index.php?rest_route=\/wp\/v2\/users\/2"}],"replies":[{"embeddable":true,"href":"https:\/\/vze-vogelzucht.de\/index.php?rest_route=%2Fwp%2Fv2%2Fcomments&post=38"}],"version-history":[{"count":28,"href":"https:\/\/vze-vogelzucht.de\/index.php?rest_route=\/wp\/v2\/pages\/38\/revisions"}],"predecessor-version":[{"id":6351,"href":"https:\/\/vze-vogelzucht.de\/index.php?rest_route=\/wp\/v2\/pages\/38\/revisions\/6351"}],"up":[{"embeddable":true,"href":"https:\/\/vze-vogelzucht.de\/index.php?rest_route=\/wp\/v2\/pages\/171"}],"wp:attachment":[{"href":"https:\/\/vze-vogelzucht.de\/index.php?rest_route=%2Fwp%2Fv2%2Fmedia&parent=38"}],"curies":[{"name":"wp","href":"https:\/\/api.w.org\/{rel}","templated":true}]}}