{"id":376,"date":"2017-12-14T09:19:31","date_gmt":"2017-12-14T09:19:31","guid":{"rendered":"http:\/\/vze-vogelzucht.de\/?page_id=376"},"modified":"2025-11-21T08:10:39","modified_gmt":"2025-11-21T07:10:39","slug":"kanarien-und-wildvoegel","status":"publish","type":"page","link":"https:\/\/vze-vogelzucht.de\/?page_id=376","title":{"rendered":"IG Kanarien und Wildv\u00f6gel"},"content":{"rendered":"<p><a href=\"#beitraege\">zu den Beitr\u00e4gen der\u00a0IG\u00a0Kanarien und Wildv\u00f6gel<\/a><\/p>\n<p><img loading=\"lazy\" decoding=\"async\" class=\"alignnone wp-image-553 size-medium\" src=\"https:\/\/vze-vogelzucht.de\/wp-content\/uploads\/2017\/12\/bild_jw_01-128-194x300.jpg\" alt=\"\" width=\"194\" height=\"300\" srcset=\"https:\/\/vze-vogelzucht.de\/wp-content\/uploads\/2017\/12\/bild_jw_01-128-194x300.jpg 194w, https:\/\/vze-vogelzucht.de\/wp-content\/uploads\/2017\/12\/bild_jw_01-128-768x1187.jpg 768w, https:\/\/vze-vogelzucht.de\/wp-content\/uploads\/2017\/12\/bild_jw_01-128-662x1024.jpg 662w, https:\/\/vze-vogelzucht.de\/wp-content\/uploads\/2017\/12\/bild_jw_01-128-97x150.jpg 97w, https:\/\/vze-vogelzucht.de\/wp-content\/uploads\/2017\/12\/bild_jw_01-128.jpg 912w\" sizes=\"auto, (max-width: 194px) 100vw, 194px\" \/>\u00a0<img loading=\"lazy\" decoding=\"async\" class=\"alignnone wp-image-665 size-medium\" src=\"https:\/\/vze-vogelzucht.de\/wp-content\/uploads\/2017\/12\/kanarien-liz-001-284x300.jpg\" alt=\"\" width=\"284\" height=\"300\" srcset=\"https:\/\/vze-vogelzucht.de\/wp-content\/uploads\/2017\/12\/kanarien-liz-001-284x300.jpg 284w, https:\/\/vze-vogelzucht.de\/wp-content\/uploads\/2017\/12\/kanarien-liz-001-768x810.jpg 768w, https:\/\/vze-vogelzucht.de\/wp-content\/uploads\/2017\/12\/kanarien-liz-001-970x1024.jpg 970w, https:\/\/vze-vogelzucht.de\/wp-content\/uploads\/2017\/12\/kanarien-liz-001-142x150.jpg 142w, https:\/\/vze-vogelzucht.de\/wp-content\/uploads\/2017\/12\/kanarien-liz-001.jpg 1486w\" sizes=\"auto, (max-width: 284px) 100vw, 284px\" \/><\/p>\n<p><strong>IG\u00a0Kanarien und Wildv\u00f6gel<\/strong><\/p>\n<p><strong>Vorsitzender:<\/strong><br \/>\nMarco Diedler<br \/>\nBergstra\u00dfe 8<br \/>\n06420 K\u00f6nnern<br \/>\nTel.: 034691 52294<br \/>\nE-Mail: Happy-Canary@web.de<\/p>\n<hr \/>\n<p><img loading=\"lazy\" decoding=\"async\" class=\"alignnone wp-image-753 size-medium\" src=\"https:\/\/vze-vogelzucht.de\/wp-content\/uploads\/2017\/12\/harzer-roller-001-1-300x254.jpg\" alt=\"\" width=\"300\" height=\"254\" srcset=\"https:\/\/vze-vogelzucht.de\/wp-content\/uploads\/2017\/12\/harzer-roller-001-1-300x254.jpg 300w, https:\/\/vze-vogelzucht.de\/wp-content\/uploads\/2017\/12\/harzer-roller-001-1-768x650.jpg 768w, https:\/\/vze-vogelzucht.de\/wp-content\/uploads\/2017\/12\/harzer-roller-001-1-1024x866.jpg 1024w, https:\/\/vze-vogelzucht.de\/wp-content\/uploads\/2017\/12\/harzer-roller-001-1-150x127.jpg 150w, https:\/\/vze-vogelzucht.de\/wp-content\/uploads\/2017\/12\/harzer-roller-001-1.jpg 1368w\" sizes=\"auto, (max-width: 300px) 100vw, 300px\" \/><\/p>\n<p><strong>AG Harzer Roller<\/strong><\/p>\n<p><strong>Vorsitzender:<\/strong><br \/>\nMarco Diedler<br \/>\nBergstra\u00dfe 8<br \/>\n06420 K\u00f6nnern<\/p>\n<p>Tel.: 034691-52294<br \/>\nE-Mail: Happy-Canary@web.de<\/p>\n<hr \/>\n<p><img loading=\"lazy\" decoding=\"async\" class=\"alignnone wp-image-516 size-medium\" src=\"https:\/\/vze-vogelzucht.de\/wp-content\/uploads\/2017\/12\/bild_jw_01-94-300x199.jpg\" alt=\"\" width=\"300\" height=\"199\" \/><\/p>\n<p><strong>AG Wildv\u00f6gel<\/strong><\/p>\n<p><strong>Vorsitzender:<\/strong><\/p>\n<hr \/>\n<p>Die IG hat zur Zeit 50 Mitglieder die in 3 Arbeitsgruppen aktiv sind.<br \/>\nAG Farbkanarien und Positurkanarien<br \/>\nAG Gesangs und Farbengesangskanarien<br \/>\nAG Wildv\u00f6gel<\/p>\n<hr \/>\n<p><strong>Beitr\u00e4ge der IG Kanarien und Wildv\u00f6gel<\/strong><\/p>\n<ul class=\"lcp_catlist\" id=\"lcp_instance_0\"><li><a href=\"https:\/\/vze-vogelzucht.de\/?p=8052\">Auswertung der 25. VZE- Kanarienbewertung 2025<\/a><\/li><li><a href=\"https:\/\/vze-vogelzucht.de\/?p=7714\">Einladung zur 25. VZE-Kanarienbewertung 2025<\/a><\/li><li><a href=\"https:\/\/vze-vogelzucht.de\/?p=7490\">VZE IG Kanarienbewertung 2024<\/a><\/li><li><a href=\"https:\/\/vze-vogelzucht.de\/?p=7248\">24. VZE-Kanarienbewertung in Zei\u00dfig 2024<\/a><\/li><li><a href=\"https:\/\/vze-vogelzucht.de\/?p=6989\">23. VZE-Kanarienbewertung Tettau 2023<\/a><\/li><li><a href=\"https:\/\/vze-vogelzucht.de\/?p=6795\">\u201eBuntes Quartett unter einem Dach\u201c Folge 2<\/a><\/li><li><a href=\"https:\/\/vze-vogelzucht.de\/?p=6426\">22. VZE Kanarienbewertung, Tettau 2022<\/a><\/li><li><a href=\"https:\/\/vze-vogelzucht.de\/?p=6163\">Einladung zur 22. VZE- Kanarienbewertung<\/a><\/li><li><a href=\"https:\/\/vze-vogelzucht.de\/?p=5727\">Auswertung 21. VZE Kanarienbewertung 2021<\/a><\/li><li><a href=\"https:\/\/vze-vogelzucht.de\/?p=5467\">Einladung 21. VZE-Kanarienbewertung<\/a><\/li><li><a href=\"https:\/\/vze-vogelzucht.de\/?p=4989\">VZE- Schauklasseneinteilung f\u00fcr Farben- und Positurkanarien<\/a><\/li><li><a href=\"https:\/\/vze-vogelzucht.de\/?p=4937\">20. VZE Kanarienbewertung 2020<\/a><\/li><li><a href=\"https:\/\/vze-vogelzucht.de\/?p=4688\">Einladung der IG-Kanarien zur 20. VZE-Kanarienbewertung<\/a><\/li><li><a href=\"https:\/\/vze-vogelzucht.de\/?p=4317\">IG Kanarien Auswertung der Bundesmeisterschaft der VZE 2019<\/a><\/li><li><a href=\"https:\/\/vze-vogelzucht.de\/?p=4314\">Info zur 20. VZE-Kanarienbewertung am 17.10. 2020 in Tettau<\/a><\/li><li><a href=\"https:\/\/vze-vogelzucht.de\/?p=4274\">Auswertung 62. VZE-Bundesmeisterschaft, VZE-Bundesausstellung, Landesmeisterschaft Sachsen-Anhalt 2019<\/a><\/li><li><a href=\"https:\/\/vze-vogelzucht.de\/?p=4111\">19. VZE-Kanarienbewertung 2019 Auswertung<\/a><\/li><li><a href=\"https:\/\/vze-vogelzucht.de\/?p=3488\">Auswertung 61. Bundesmeisterschaft Kanarien<\/a><\/li><li><a href=\"https:\/\/vze-vogelzucht.de\/?p=3169\">Bericht \u00fcber die 18. VZE-Kanarienbewertung<\/a><\/li><li><a href=\"https:\/\/vze-vogelzucht.de\/?p=1896\">60. VZE-Bundesmeisterschaft Kanarien 2017<\/a><\/li><li><a href=\"https:\/\/vze-vogelzucht.de\/?p=1884\">Bericht \u00fcber die 17. VZE Kanarienbewertung<\/a><\/li><li><a href=\"https:\/\/vze-vogelzucht.de\/?p=1869\">59. VZE-Bundesmeisterschaft Kanarien 2016<\/a><\/li><li><a href=\"https:\/\/vze-vogelzucht.de\/?p=1874\">IG Kanarienbewertung 2016 in Senftenberg<\/a><\/li><li><a href=\"https:\/\/vze-vogelzucht.de\/?p=1861\">25 Jahre IG Kanarien und Wildv\u00f6gel der VZE und 15. VZE Kanarienbewertung<\/a><\/li><li><a href=\"https:\/\/vze-vogelzucht.de\/?p=1864\">58. VZE Bundesmeisterschaft in Tettau 2015<\/a><\/li><li><a href=\"https:\/\/vze-vogelzucht.de\/?p=1909\">IG Kanarien Bewertung 2012<\/a><\/li><\/ul>\n<p>&nbsp;<\/p>\n","protected":false},"excerpt":{"rendered":"<p>zu den Beitr\u00e4gen der\u00a0IG\u00a0Kanarien und Wildv\u00f6gel \u00a0 IG\u00a0Kanarien und Wildv\u00f6gel Vorsitzender: Marco Diedler Bergstra\u00dfe 8 06420 K\u00f6nnern Tel.: 034691 52294 E-Mail: Happy-Canary@web.de AG Harzer Roller Vorsitzender: Marco Diedler Bergstra\u00dfe 8 06420 K\u00f6nnern Tel.: 034691-52294 E-Mail: Happy-Canary@web.de AG Wildv\u00f6gel Vorsitzender: Die IG hat zur Zeit 50 Mitglieder die in 3 Arbeitsgruppen\u2026<\/p>\n<p class=\"continue-reading-button\"> <a class=\"continue-reading-link\" href=\"https:\/\/vze-vogelzucht.de\/?page_id=376\">wei\u00adter\u00adle\u00adsen<i class=\"crycon-right-dir\"><\/i><\/a><\/p>\n","protected":false},"author":2,"featured_media":0,"parent":21,"menu_order":0,"comment_status":"closed","ping_status":"closed","template":"","meta":{"footnotes":""},"class_list":["post-376","page","type-page","status-publish","hentry"],"jetpack-related-posts":[],"jetpack_sharing_enabled":true,"_links":{"self":[{"href":"https:\/\/vze-vogelzucht.de\/index.php?rest_route=\/wp\/v2\/pages\/376","targetHints":{"allow":["GET"]}}],"collection":[{"href":"https:\/\/vze-vogelzucht.de\/index.php?rest_route=\/wp\/v2\/pages"}],"about":[{"href":"https:\/\/vze-vogelzucht.de\/index.php?rest_route=\/wp\/v2\/types\/page"}],"author":[{"embeddable":true,"href":"https:\/\/vze-vogelzucht.de\/index.php?rest_route=\/wp\/v2\/users\/2"}],"replies":[{"embeddable":true,"href":"https:\/\/vze-vogelzucht.de\/index.php?rest_route=%2Fwp%2Fv2%2Fcomments&post=376"}],"version-history":[{"count":9,"href":"https:\/\/vze-vogelzucht.de\/index.php?rest_route=\/wp\/v2\/pages\/376\/revisions"}],"predecessor-version":[{"id":8067,"href":"https:\/\/vze-vogelzucht.de\/index.php?rest_route=\/wp\/v2\/pages\/376\/revisions\/8067"}],"up":[{"embeddable":true,"href":"https:\/\/vze-vogelzucht.de\/index.php?rest_route=\/wp\/v2\/pages\/21"}],"wp:attachment":[{"href":"https:\/\/vze-vogelzucht.de\/index.php?rest_route=%2Fwp%2Fv2%2Fmedia&parent=376"}],"curies":[{"name":"wp","href":"https:\/\/api.w.org\/{rel}","templated":true}]}}