{"id":374,"date":"2017-12-14T09:18:06","date_gmt":"2017-12-14T09:18:06","guid":{"rendered":"http:\/\/vze-vogelzucht.de\/?page_id=374"},"modified":"2025-05-24T10:09:18","modified_gmt":"2025-05-24T08:09:18","slug":"huehnervoegel-und-wildtauben","status":"publish","type":"page","link":"https:\/\/vze-vogelzucht.de\/?page_id=374","title":{"rendered":"IG H\u00fchnerv\u00f6gel und Wildtauben"},"content":{"rendered":"<div><img loading=\"lazy\" decoding=\"async\" class=\"alignnone wp-image-467 \" src=\"https:\/\/vze-vogelzucht.de\/wp-content\/uploads\/2017\/12\/bild_jw_01-47-300x225.jpg\" alt=\"\" width=\"319\" height=\"240\" \/><\/div>\n<div><strong>IG H\u00fchnerv\u00f6gel und Wildtauben<\/strong><\/div>\n<div>Ansprechpartner: Harald Noack, Ortstra\u00dfe 33 b, 07950 Zeulenroda-Trieberg\/OT D\u00f6rtendorf, Tel. 036622 78537 oder 0171 2070696<\/div>\n<div>\n<hr \/>\n<p><strong>Beitr\u00e4ge der\u00a0IG H\u00fchnerv\u00f6gel und Wildtauben<\/strong><\/p>\n<\/div>\n<div><ul class=\"lcp_catlist\" id=\"lcp_instance_0\"><li><a href=\"https:\/\/vze-vogelzucht.de\/?p=4274\">Auswertung 62. VZE-Bundesmeisterschaft, VZE-Bundesausstellung, Landesmeisterschaft Sachsen-Anhalt 2019<\/a><\/li><li><a href=\"https:\/\/vze-vogelzucht.de\/?p=3507\">Auswertung 61. VZE-Bundesmeisterschaft IG H\u00fchnerv\u00f6gel u. Wildtauben 2018<\/a><\/li><\/ul><\/div>\n<div>\n<hr \/>\n<\/div>\n<div>\n<p><strong>Einladung zur Tagung der IG H\u00fchnerv\u00f6gel &amp; Wildtauben<\/strong><\/p>\n<p>Die IG l\u00e4dt herzlich alle Mitglieder und interessierten Zuchtfreunde zu ihrer diesj\u00e4hrigen Tagung ein.<\/p>\n<p>Termin: Samstag 27.04.2019<\/p>\n<p>Beginn: 10:00 Uhr<\/p>\n<p>Ort: Fasanerie M\u00f6ller, Asternweg 412, 99092 Erfurt<\/p>\n<p>Anschlie\u00dfend wird die Tagung im Gasthaus Helbig, R\u00f6derweg 36, 99092 Erfurt fortgef\u00fchrt<\/p>\n<p>Lothar Schr\u00f6der<\/p>\n<p>Vorsitzender der IG<\/p>\n<\/div>\n<div><\/div>\n","protected":false},"excerpt":{"rendered":"<p>IG H\u00fchnerv\u00f6gel und Wildtauben Ansprechpartner: Harald Noack, Ortstra\u00dfe 33 b, 07950 Zeulenroda-Trieberg\/OT D\u00f6rtendorf, Tel. 036622 78537 oder 0171 2070696 Beitr\u00e4ge der\u00a0IG H\u00fchnerv\u00f6gel und Wildtauben Einladung zur Tagung der IG H\u00fchnerv\u00f6gel &amp; Wildtauben Die IG l\u00e4dt herzlich alle Mitglieder und interessierten Zuchtfreunde zu ihrer diesj\u00e4hrigen Tagung ein. Termin: Samstag 27.04.2019 Beginn:\u2026<\/p>\n<p class=\"continue-reading-button\"> <a class=\"continue-reading-link\" href=\"https:\/\/vze-vogelzucht.de\/?page_id=374\">wei\u00adter\u00adle\u00adsen<i class=\"crycon-right-dir\"><\/i><\/a><\/p>\n","protected":false},"author":2,"featured_media":0,"parent":21,"menu_order":0,"comment_status":"closed","ping_status":"closed","template":"","meta":{"footnotes":""},"class_list":["post-374","page","type-page","status-publish","hentry"],"jetpack-related-posts":[],"jetpack_sharing_enabled":true,"_links":{"self":[{"href":"https:\/\/vze-vogelzucht.de\/index.php?rest_route=\/wp\/v2\/pages\/374","targetHints":{"allow":["GET"]}}],"collection":[{"href":"https:\/\/vze-vogelzucht.de\/index.php?rest_route=\/wp\/v2\/pages"}],"about":[{"href":"https:\/\/vze-vogelzucht.de\/index.php?rest_route=\/wp\/v2\/types\/page"}],"author":[{"embeddable":true,"href":"https:\/\/vze-vogelzucht.de\/index.php?rest_route=\/wp\/v2\/users\/2"}],"replies":[{"embeddable":true,"href":"https:\/\/vze-vogelzucht.de\/index.php?rest_route=%2Fwp%2Fv2%2Fcomments&post=374"}],"version-history":[{"count":1,"href":"https:\/\/vze-vogelzucht.de\/index.php?rest_route=\/wp\/v2\/pages\/374\/revisions"}],"predecessor-version":[{"id":7733,"href":"https:\/\/vze-vogelzucht.de\/index.php?rest_route=\/wp\/v2\/pages\/374\/revisions\/7733"}],"up":[{"embeddable":true,"href":"https:\/\/vze-vogelzucht.de\/index.php?rest_route=\/wp\/v2\/pages\/21"}],"wp:attachment":[{"href":"https:\/\/vze-vogelzucht.de\/index.php?rest_route=%2Fwp%2Fv2%2Fmedia&parent=374"}],"curies":[{"name":"wp","href":"https:\/\/api.w.org\/{rel}","templated":true}]}}