{"id":372,"date":"2017-12-14T09:16:10","date_gmt":"2017-12-14T09:16:10","guid":{"rendered":"http:\/\/vze-vogelzucht.de\/?page_id=372"},"modified":"2018-01-05T20:32:18","modified_gmt":"2018-01-05T19:32:18","slug":"exotische-weichfresser","status":"publish","type":"page","link":"https:\/\/vze-vogelzucht.de\/?page_id=372","title":{"rendered":"Ansprechpartner f\u00fcr Weichfresser"},"content":{"rendered":"<p><a href=\"https:\/\/vze-vogelzucht.de\/wp-content\/uploads\/2017\/12\/bild_jw_01-86.jpg\"><img loading=\"lazy\" decoding=\"async\" class=\"alignnone wp-image-508 size-medium\" src=\"https:\/\/vze-vogelzucht.de\/wp-content\/uploads\/2017\/12\/bild_jw_01-86-300x199.jpg\" alt=\"\" width=\"300\" height=\"199\"><\/a><\/p>\n<p><strong>Ansprechpartner f\u00fcr Halter und Z\u00fcchter von Weichfressern<\/strong><\/p>\n<p><strong>Ansprechpartner:<\/strong><br \/>\nRudolf Buchholz<br \/>\nL\u00fctzkewitz 36<br \/>\n06729 Elsteraue<br \/>\nTel.: 034424 22150<br \/>\nE-Mail: <a href=\"mailto:srbuchholz@web.de\">srbuchholz@web.de<\/a><\/p>\n<hr>\n<p><strong>Beitr\u00e4ge von dem Ansprechpartner f\u00fcr Halter und Z\u00fcchter von Weichfressern<\/strong><\/p>\n<ul class=\"lcp_catlist\" id=\"lcp_instance_0\"><\/ul>\n","protected":false},"excerpt":{"rendered":"<p>Ansprechpartner f\u00fcr Halter und Z\u00fcchter von Weichfressern Ansprechpartner: Rudolf Buchholz L\u00fctzkewitz 36 06729 Elsteraue Tel.: 034424 22150 E-Mail: srbuchholz@web.de Beitr\u00e4ge von dem Ansprechpartner f\u00fcr Halter und Z\u00fcchter von Weichfressern<\/p>\n<p class=\"continue-reading-button\"> <a class=\"continue-reading-link\" href=\"https:\/\/vze-vogelzucht.de\/?page_id=372\">wei\u00adter\u00adle\u00adsen<i class=\"crycon-right-dir\"><\/i><\/a><\/p>\n","protected":false},"author":2,"featured_media":0,"parent":21,"menu_order":99,"comment_status":"closed","ping_status":"closed","template":"","meta":{"footnotes":""},"class_list":["post-372","page","type-page","status-publish","hentry"],"jetpack-related-posts":[],"jetpack_sharing_enabled":true,"_links":{"self":[{"href":"https:\/\/vze-vogelzucht.de\/index.php?rest_route=\/wp\/v2\/pages\/372","targetHints":{"allow":["GET"]}}],"collection":[{"href":"https:\/\/vze-vogelzucht.de\/index.php?rest_route=\/wp\/v2\/pages"}],"about":[{"href":"https:\/\/vze-vogelzucht.de\/index.php?rest_route=\/wp\/v2\/types\/page"}],"author":[{"embeddable":true,"href":"https:\/\/vze-vogelzucht.de\/index.php?rest_route=\/wp\/v2\/users\/2"}],"replies":[{"embeddable":true,"href":"https:\/\/vze-vogelzucht.de\/index.php?rest_route=%2Fwp%2Fv2%2Fcomments&post=372"}],"version-history":[{"count":0,"href":"https:\/\/vze-vogelzucht.de\/index.php?rest_route=\/wp\/v2\/pages\/372\/revisions"}],"up":[{"embeddable":true,"href":"https:\/\/vze-vogelzucht.de\/index.php?rest_route=\/wp\/v2\/pages\/21"}],"wp:attachment":[{"href":"https:\/\/vze-vogelzucht.de\/index.php?rest_route=%2Fwp%2Fv2%2Fmedia&parent=372"}],"curies":[{"name":"wp","href":"https:\/\/api.w.org\/{rel}","templated":true}]}}