{"id":370,"date":"2017-12-14T09:15:13","date_gmt":"2017-12-14T09:15:13","guid":{"rendered":"http:\/\/vze-vogelzucht.de\/?page_id=370"},"modified":"2025-11-17T14:56:34","modified_gmt":"2025-11-17T13:56:34","slug":"agaporniden-und-kleinpapageien","status":"publish","type":"page","link":"https:\/\/vze-vogelzucht.de\/?page_id=370","title":{"rendered":"IG Agaporniden und Kleinpapageien"},"content":{"rendered":"<p><img loading=\"lazy\" decoding=\"async\" class=\"alignnone wp-image-494 \" src=\"https:\/\/vze-vogelzucht.de\/wp-content\/uploads\/2017\/12\/bild_jw_01-72-300x278.jpg\" alt=\"\" width=\"176\" height=\"163\" srcset=\"https:\/\/vze-vogelzucht.de\/wp-content\/uploads\/2017\/12\/bild_jw_01-72-300x278.jpg 300w, https:\/\/vze-vogelzucht.de\/wp-content\/uploads\/2017\/12\/bild_jw_01-72-768x711.jpg 768w, https:\/\/vze-vogelzucht.de\/wp-content\/uploads\/2017\/12\/bild_jw_01-72-1024x947.jpg 1024w, https:\/\/vze-vogelzucht.de\/wp-content\/uploads\/2017\/12\/bild_jw_01-72-150x139.jpg 150w, https:\/\/vze-vogelzucht.de\/wp-content\/uploads\/2017\/12\/bild_jw_01-72.jpg 1631w\" sizes=\"auto, (max-width: 176px) 100vw, 176px\" \/>\u00a0<img loading=\"lazy\" decoding=\"async\" class=\"alignnone wp-image-902 \" src=\"https:\/\/vze-vogelzucht.de\/wp-content\/uploads\/2017\/12\/bild_jw_01-27-2-300x274.jpg\" alt=\"\" width=\"178\" height=\"162\" \/> <img loading=\"lazy\" decoding=\"async\" class=\"alignnone wp-image-6438\" src=\"https:\/\/vze-vogelzucht.de\/wp-content\/uploads\/2022\/11\/aga-20221001_150237-600x376.jpg\" alt=\"\" width=\"259\" height=\"162\" srcset=\"https:\/\/vze-vogelzucht.de\/wp-content\/uploads\/2022\/11\/aga-20221001_150237-600x376.jpg 600w, https:\/\/vze-vogelzucht.de\/wp-content\/uploads\/2022\/11\/aga-20221001_150237-768x481.jpg 768w, https:\/\/vze-vogelzucht.de\/wp-content\/uploads\/2022\/11\/aga-20221001_150237-150x94.jpg 150w, https:\/\/vze-vogelzucht.de\/wp-content\/uploads\/2022\/11\/aga-20221001_150237.jpg 1200w\" sizes=\"auto, (max-width: 259px) 100vw, 259px\" \/><\/p>\n<p><img loading=\"lazy\" decoding=\"async\" class=\"alignnone wp-image-7764\" src=\"https:\/\/vze-vogelzucht.de\/wp-content\/uploads\/2025\/06\/VZE-IG-Aga-Banner-600x119.jpg\" alt=\"\" width=\"383\" height=\"76\" srcset=\"https:\/\/vze-vogelzucht.de\/wp-content\/uploads\/2025\/06\/VZE-IG-Aga-Banner-600x119.jpg 600w, https:\/\/vze-vogelzucht.de\/wp-content\/uploads\/2025\/06\/VZE-IG-Aga-Banner-1200x238.jpg 1200w, https:\/\/vze-vogelzucht.de\/wp-content\/uploads\/2025\/06\/VZE-IG-Aga-Banner-768x153.jpg 768w, https:\/\/vze-vogelzucht.de\/wp-content\/uploads\/2025\/06\/VZE-IG-Aga-Banner-150x30.jpg 150w, https:\/\/vze-vogelzucht.de\/wp-content\/uploads\/2025\/06\/VZE-IG-Aga-Banner.jpg 1384w\" sizes=\"auto, (max-width: 383px) 100vw, 383px\" \/><\/p>\n<p><strong>IG Agaporniden und Kleinpapageien<\/strong><\/p>\n<p>Vorsitzender:<br \/>\nCarsten K\u00f6rner<br \/>\nWindbergstr. 18<br \/>\n09376 Oelsnitz<br \/>\nTel. 037298 18975<br \/>\nE-Mail: <a href=\"mailto:carsten-koerner@gmx.de\" target=\"_blank\" rel=\"noopener\">carsten-koerner@gmx.de<\/a><\/p>\n<hr \/>\n<p><a href=\"https:\/\/vze-vogelzucht.de\/wp-content\/uploads\/2025\/11\/Ausstellungsrichtlinie-IG-Agaporniden_Nov.2025.pdf\" target=\"_blank\" rel=\"noopener\">Ausstellungsrichtlinie IG Agaporniden_Nov.2025<\/a><\/p>\n<hr \/>\n<p><a href=\"https:\/\/vze-vogelzucht.de\/wp-content\/uploads\/2025\/11\/Katalog-BWE-VZE-IG2025.pdf\" target=\"_blank\" rel=\"noopener\">Katalog BWE &amp; VZE-IG 2025<\/a><\/p>\n<hr \/>\n<p><strong>Beitr\u00e4ge der\u00a0IG Agaporniden und Kleinpapageien<\/strong><\/p>\n<p><a href=\"https:\/\/www.kabeljournal.de\/news\/nachrichten\/artikel?tx_kjowbsnews_detail%5Baction%5D=detail&amp;tx_kjowbsnews_detail%5Bcontroller%5D=News&amp;tx_kjowbsnews_detail%5Bid_news%5D=114821&amp;tx_kjowbsnews_detail%5Bstichwort%5D=Vogelschau+&amp;cHash=d8f57ccb0ee31a5427c14d89ab9a61bd\" target=\"_blank\" rel=\"noopener\">Artikel zur Ausstellung in Jahnsdorf 2024<\/a><\/p>\n<p><a href=\"https:\/\/photos.app.goo.gl\/fXbC7N4nTjBEPFGS7\" target=\"_blank\" rel=\"noopener\">Video &#8211; Jahnsdorf 2024 (Vereinsausstellung und IG Meisterschaft)<\/a><\/p>\n<p><a href=\"https:\/\/vze-vogelzucht.de\/wp-content\/uploads\/2024\/10\/2024-VZE-IG-Agas-GesamtKatalog.pdf\" target=\"_blank\" rel=\"noopener\">2024-VZE-IG-Agas-GesamtKatalog (PDF)<\/a><\/p>\n<p><a href=\"https:\/\/vze-vogelzucht.de\/wp-content\/uploads\/2023\/11\/2023-VZE-IG-Meisterschaft-gesamt-Katalog.pdf\" target=\"_blank\" rel=\"noopener\">2023-VZE-IG-Meisterschaft-Gesamtkatalog (PDF)<\/a><\/p>\n<ul class=\"lcp_catlist\" id=\"lcp_instance_0\"><li><a href=\"https:\/\/vze-vogelzucht.de\/?p=8070\">Bericht zur VZE-IG Meisterschaft\u00a0der Agaporniden und Kleinpapageien 2025<\/a><\/li><li><a href=\"https:\/\/vze-vogelzucht.de\/?p=8017\">Bericht zur IG-Tagung 2025 anl\u00e4sslich des 50-j\u00e4hrigen Jubil\u00e4ums der IG Agaporniden und Kleinpapageien (1975-2025)<\/a><\/li><li><a href=\"https:\/\/vze-vogelzucht.de\/?p=7903\">50 Jahre VZE-IG-Agaporniden und Kleinpapageien 1975-2025 Chronik<\/a><\/li><li><a href=\"https:\/\/vze-vogelzucht.de\/?p=7766\">50 Jahre IG Agaporniden und Kleinpapageien (1975 \u2013 2025)<\/a><\/li><li><a href=\"https:\/\/vze-vogelzucht.de\/?p=7742\">Einladung zur VZE-IG-Agaporniden und Kleinpapageien Meisterschaft 2025<\/a><\/li><li><a href=\"https:\/\/vze-vogelzucht.de\/?p=7669\">Bericht Tagung IG Agaporniden und Kleinpapageien vom 20.09. \u2013 22.09.2024<\/a><\/li><li><a href=\"https:\/\/vze-vogelzucht.de\/?p=7463\">Jahnsdorf 2024 Vereinsausstellung &#038; IG Meisterschaft<\/a><\/li><li><a href=\"https:\/\/vze-vogelzucht.de\/?p=7441\">Bericht zur VZE-IG-Meisterschaft der Agaporniden &#038; Kleinpapageien 2024<\/a><\/li><li><a href=\"https:\/\/vze-vogelzucht.de\/?p=7218\">Einladung zur VZE-IG-Agaporniden und Kleinpapageien Meisterschaft 2024<\/a><\/li><li><a href=\"https:\/\/vze-vogelzucht.de\/?p=7176\">Terminhinweise der IG Agaporniden und Kleinpapageien 2024<\/a><\/li><li><a href=\"https:\/\/vze-vogelzucht.de\/?p=6999\">Bericht \u00fcber die Tagung der IG Agaporniden und Kleinpapageien 2023<\/a><\/li><li><a href=\"https:\/\/vze-vogelzucht.de\/?p=6997\">Bericht zur IG-Meisterschaft IG Agaporniden und Kleinpapageien 2023<\/a><\/li><li><a href=\"https:\/\/vze-vogelzucht.de\/?p=6800\">Einladung zur VZE-IG-Agaporniden und Kleinpapageien Bewertung 2023<\/a><\/li><li><a href=\"https:\/\/vze-vogelzucht.de\/?p=6643\">Terminhinweis IG Agaporniden und Kleinpapageien<\/a><\/li><li><a href=\"https:\/\/vze-vogelzucht.de\/?p=6495\">Bericht zur VZE Bundesmeisterschaft 2022 der IG Agaporniden und Kleinpapageien<\/a><\/li><li><a href=\"https:\/\/vze-vogelzucht.de\/?p=6436\">Bericht \u00fcber die Tagung der IG Agaporniden und Kleinpapageien vom 16.09.-18.09.2022<\/a><\/li><li><a href=\"https:\/\/vze-vogelzucht.de\/?p=5773\">Bericht Tagung IG Agaporniden u. Kleinpapageien 2021<\/a><\/li><li><a href=\"https:\/\/vze-vogelzucht.de\/?p=4524\">R\u00fcckblick auf die Bundesmeisterschaft 2019 Agaporniden u. Kleinpapageien (PDF)<\/a><\/li><li><a href=\"https:\/\/vze-vogelzucht.de\/?p=4274\">Auswertung 62. VZE-Bundesmeisterschaft, VZE-Bundesausstellung, Landesmeisterschaft Sachsen-Anhalt 2019<\/a><\/li><li><a href=\"https:\/\/vze-vogelzucht.de\/?p=3816\">Tagung IG Agaporniden und Kleinpapageien 20. bis 22.09.2019<\/a><\/li><li><a href=\"https:\/\/vze-vogelzucht.de\/?p=3509\">Auswertung 61. VZE-Bundesmeisterschaft IG Agaporniden u. Kleinpapageien 2018<\/a><\/li><\/ul>\n","protected":false},"excerpt":{"rendered":"<p>\u00a0 IG Agaporniden und Kleinpapageien Vorsitzender: Carsten K\u00f6rner Windbergstr. 18 09376 Oelsnitz Tel. 037298 18975 E-Mail: carsten-koerner@gmx.de Ausstellungsrichtlinie IG Agaporniden_Nov.2025 Katalog BWE &amp; VZE-IG 2025 Beitr\u00e4ge der\u00a0IG Agaporniden und Kleinpapageien Artikel zur Ausstellung in Jahnsdorf 2024 Video &#8211; Jahnsdorf 2024 (Vereinsausstellung und IG Meisterschaft) 2024-VZE-IG-Agas-GesamtKatalog (PDF) 2023-VZE-IG-Meisterschaft-Gesamtkatalog (PDF)<\/p>\n<p class=\"continue-reading-button\"> <a class=\"continue-reading-link\" href=\"https:\/\/vze-vogelzucht.de\/?page_id=370\">wei\u00adter\u00adle\u00adsen<i class=\"crycon-right-dir\"><\/i><\/a><\/p>\n","protected":false},"author":2,"featured_media":0,"parent":21,"menu_order":0,"comment_status":"closed","ping_status":"closed","template":"","meta":{"footnotes":""},"class_list":["post-370","page","type-page","status-publish","hentry"],"jetpack-related-posts":[],"jetpack_sharing_enabled":true,"_links":{"self":[{"href":"https:\/\/vze-vogelzucht.de\/index.php?rest_route=\/wp\/v2\/pages\/370","targetHints":{"allow":["GET"]}}],"collection":[{"href":"https:\/\/vze-vogelzucht.de\/index.php?rest_route=\/wp\/v2\/pages"}],"about":[{"href":"https:\/\/vze-vogelzucht.de\/index.php?rest_route=\/wp\/v2\/types\/page"}],"author":[{"embeddable":true,"href":"https:\/\/vze-vogelzucht.de\/index.php?rest_route=\/wp\/v2\/users\/2"}],"replies":[{"embeddable":true,"href":"https:\/\/vze-vogelzucht.de\/index.php?rest_route=%2Fwp%2Fv2%2Fcomments&post=370"}],"version-history":[{"count":16,"href":"https:\/\/vze-vogelzucht.de\/index.php?rest_route=\/wp\/v2\/pages\/370\/revisions"}],"predecessor-version":[{"id":8024,"href":"https:\/\/vze-vogelzucht.de\/index.php?rest_route=\/wp\/v2\/pages\/370\/revisions\/8024"}],"up":[{"embeddable":true,"href":"https:\/\/vze-vogelzucht.de\/index.php?rest_route=\/wp\/v2\/pages\/21"}],"wp:attachment":[{"href":"https:\/\/vze-vogelzucht.de\/index.php?rest_route=%2Fwp%2Fv2%2Fmedia&parent=370"}],"curies":[{"name":"wp","href":"https:\/\/api.w.org\/{rel}","templated":true}]}}