{"id":3654,"date":"2019-02-21T21:49:21","date_gmt":"2019-02-21T20:49:21","guid":{"rendered":"https:\/\/vze-vogelzucht.de\/?page_id=3654"},"modified":"2026-05-01T09:12:39","modified_gmt":"2026-05-01T07:12:39","slug":"anzeigen","status":"publish","type":"page","link":"https:\/\/vze-vogelzucht.de\/?page_id=3654","title":{"rendered":"Anzeigen unserer Mitglieder"},"content":{"rendered":"<h5><a href=\"https:\/\/vze-vogelzucht.de\/?page_id=3656\">eine Anzeige aufgeben<\/a><\/h5>\n<hr \/>\n<p><a href=\"https:\/\/www.wittemolen.com\/de\" target=\"_blank\" rel=\"noopener\">zur Webseite von Witte Molen<\/a><\/p>\n<p><a href=\"https:\/\/www.wittemolen.com\/de\" target=\"_blank\" rel=\"noopener noreferrer\"><img loading=\"lazy\" decoding=\"async\" class=\"alignnone wp-image-2164\" src=\"https:\/\/vze-vogelzucht.de\/wp-content\/uploads\/2018\/01\/witte-molen-logo-neu-jpg-2-600x552.jpg\" alt=\"\" width=\"205\" height=\"189\" srcset=\"https:\/\/vze-vogelzucht.de\/wp-content\/uploads\/2018\/01\/witte-molen-logo-neu-jpg-2.jpg 600w, https:\/\/vze-vogelzucht.de\/wp-content\/uploads\/2018\/01\/witte-molen-logo-neu-jpg-2-150x138.jpg 150w\" sizes=\"auto, (max-width: 205px) 100vw, 205px\" \/><\/a><\/p>\n<p><a href=\"https:\/\/www.rudloff.de\/\" target=\"_blank\" rel=\"noopener\">zur Webseite von RUDLOFF<\/a><\/p>\n<p><a href=\"https:\/\/www.rudloff.de\/\" target=\"_blank\" rel=\"noopener noreferrer\"><img loading=\"lazy\" decoding=\"async\" class=\"alignnone wp-image-7444\" src=\"https:\/\/vze-vogelzucht.de\/wp-content\/uploads\/2024\/10\/Rudloff_logo-jpg-600x390.jpg\" alt=\"\" width=\"204\" height=\"133\" srcset=\"https:\/\/vze-vogelzucht.de\/wp-content\/uploads\/2024\/10\/Rudloff_logo-jpg-600x390.jpg 600w, https:\/\/vze-vogelzucht.de\/wp-content\/uploads\/2024\/10\/Rudloff_logo-jpg-768x500.jpg 768w, https:\/\/vze-vogelzucht.de\/wp-content\/uploads\/2024\/10\/Rudloff_logo-jpg-150x98.jpg 150w, https:\/\/vze-vogelzucht.de\/wp-content\/uploads\/2024\/10\/Rudloff_logo-jpg.jpg 1024w\" sizes=\"auto, (max-width: 204px) 100vw, 204px\" \/><\/a><\/p>\n<hr \/>\n<p>01.05.2026<\/p>\n<p>Gebe ab NZ 2025 1,1 Ziegensittich in Gelb, 2,0 Bergsittiche, R. Paschke (24529) Tel. 034383 41302 oder 0172 3623812<\/p>\n<p>Gebe ab blutsfrd. 1,1 von 2022 gr\u00fcnschenklige Rostkappenpapageien mit DNA und Herkunftsnachweis wegen Reduzierung der Zucht. Preis: 800,00 \u20ac K. Weihrauch (47408) Tel. 03537 213902, E-Mail: christine.weihrauch@gmail.com<\/p>\n<p>Gebe ab 0,1 Hornsittich Zuchthenne, sehr erfolgreich, wegen Verlust des 0,1, H.-J. Halbing (44085) Tel. 0355 33213<\/p>\n<p>Gebe 0,1 Goldsittich von 25 mit DNA und Cites ab. M. H\u00f6hne (39460) Tel. 0174 6027063<\/p>\n<p>Gebe ab 0,2 Neuguinea Edelpapagei von 11\/25 , Handaufzucht, Herkunftsnachweis vorhanden. H. Klein (17662) Tel. 03461 811429, E-Mail: birgit.klein 57@web.de<\/p>\n<p>Gebe ab 2,1 Bergs., 1,0 Barrabands., 1,0K\u00f6nigs. Und 0,3 Rotfl\u00fcgels., alles NZ 2025, wf., mit DNA, G. Kr\u00e4mer (13801) Tel. 03722 80727<\/p>\n<p>Suche 0,2 Amboina-K\u00f6nigssittiche, gerne auch einzeln. Evtl. tausche ich auch eines meiner M\u00e4nnchen gegen ein Weibchen. Abzugeben habe ich ferner noch 3,1 Strohsittiche, 1,1 Austr. K\u00f6nigssittiche, 3,3 Rotfl\u00fcgelsittiche, 1,1 Schmucksittiche, 1,1 Glanzsittiche. U. Hellmuth (42758) Tel. 035323 60092, E-Mail: hellmuthulrich@yahoo.de<\/p>\n<p>Suche 1,0 Stanleysittich wildf. , 1,0 Barabandsittich wildf. und 0,1 Glanzsittich wilf., E. Westphal (41816) Tel. 0174 4611465, E-Mail: eebse@aol.com<\/p>\n<hr \/>\n<p>19.04.2026<\/p>\n<p>Porst<\/p>\n<p>46460<\/p>\n<p><a href=\"mailto:Guenter-porst@web.de\" target=\"_blank\" rel=\"noopener\">Guenter-porst@web.de<\/a><\/p>\n<p>01727946526<\/p>\n<p>04749<\/p>\n<p>biete<\/p>\n<p>Verkaufe 2 St\u00fcck Gebirgsloris 0,1von 06\/2025 mit DNA und Herkunftsnachweis.<\/p>\n<hr \/>\n<p>14.04.2026<\/p>\n<p>H. Klein<\/p>\n<p>17662<\/p>\n<p><a href=\"mailto:birgit.klein57@web.de\" target=\"_blank\" rel=\"noopener\">birgit.klein57@web.de<\/a><\/p>\n<p>03461 811429<\/p>\n<p>Leuna 06237<\/p>\n<p>biete<\/p>\n<p>Gebe ab 0,2 Neuguinea Edelpapagei von 11\/25, Handaufzucht, Herkunftsnachweis vorhanden<\/p>\n<hr \/>\n<p>31.03.2026<\/p>\n<p>H\u00f6hne<\/p>\n<p>39460<\/p>\n<p><a href=\"mailto:matthias-hoehne@gmx.de\" target=\"_blank\" rel=\"noopener\">matthias-hoehne@gmx.de<\/a><\/p>\n<p>01746027063<\/p>\n<p>01877 Bischofswerda<\/p>\n<p>biete<\/p>\n<p>0,1 Goldsittich von 25 mit DNA und Cites abzugeben.<\/p>\n<hr \/>\n<p>27.03.2026<\/p>\n<p>Gebe ab Rotfl\u00fcgels. NZ 25 blutsfremd, gerne auch im Tausch zwecks Blutsauffrischung sowie Barrabands. NZ 25, R. Eberhardt (35454) Tel. 0331 50540299<\/p>\n<p>Gebe ab 0,2 Bla\u00dfkopfrosellas wildfarbig (NZ 25 + 23); 1,0 Princess of Wales lutino 25; 1,0 Rotfl\u00fcgel 2019; 0,1 Pennant wildf. 23; 1,0 Glanzsittich wf. 25; desgl. 1,1 gr\u00fcn violett RB und t\u00fcrkis 25; 0,1 Pflaumenkopfsittich ZW 2015 (g\u00fcnstig); Tausche auch gegen 1,0 Bergsittich wf., gelbe Art, Ch. Zenker (46087) Tel. 0160 91647394, E-Mail: christianzenker1988@googlemail.com<\/p>\n<p>Gebe ab 1,1 Rothalsg\u00e4nse blutsfremd von 2023 aus Zuchtreserve (350 \u20ac); 1,1 Chile-Pfeifenten 2025; 1,1 Chile-Krickenten 2025; 1,1 Versicolorenten 2025; 1,1 Neuseeland-l\u00f6ffelenten; alles blutsfremde Paare aus Zuchtreserve. Ch. Zenker (46087) Tel. 0160 91647394, E-Mail: christianzenker1988@googlemail.com<\/p>\n<p>Suche 0,2 Gr. Alexandersittich m\u00f6glichst zuchtreif oder tausche 1,0 gegen 0,1, H. Feniger (40198) Tel. 036691 43511 oder 0175 4116348<\/p>\n<p>Suche 0,1 R\u00fcppelspapagei (Poiccepalus rueppellii) und 0,2 Braunkopfpapageien (Poicephalus cryptoxanthus) mit DNA. Hole selber ab! Haase (48636) Tel. 0152 08535753<\/p>\n<hr \/>\n<p>27.03.2026<\/p>\n<p>Klaus Weihrauch<\/p>\n<p>47408<\/p>\n<p><a href=\"mailto:christine.weihrauch@hotmail.de\" target=\"_blank\" rel=\"noopener\">christine.weihrauch@hotmail.de<\/a><\/p>\n<p>+493537213902<\/p>\n<p>biete<\/p>\n<p>blutsfrd. 1,1 von 2022 gr\u00fcnschenklige Rostkappenpapageien mit DNA und Herkunftsnachweis wegen Reduzierung der Zucht. PREIS :800,00\u20ac<\/p>\n<hr \/>\n<p>23.03.2026<\/p>\n<p>Eberhard Westphal<\/p>\n<p>41816<\/p>\n<p><a href=\"mailto:eebse@aol.com\" target=\"_blank\" rel=\"noopener\">eebse@aol.com<\/a><\/p>\n<p>+491744611465<\/p>\n<p>18507 Grimmen<\/p>\n<p>suche<\/p>\n<p>Suche 1,0 Stanleysittich wildfarbe, 1,0 Barabandsittich wildfarbe und 0,1 Glanzsittich wildfarbe<\/p>\n<hr \/>\n<p>21.03.2026<\/p>\n<p>Ulrich Hellmuth<\/p>\n<p>42758<\/p>\n<p><a href=\"mailto:hellmuthulrich@yahoo.de\" target=\"_blank\" rel=\"noopener\">hellmuthulrich@yahoo.de<\/a><\/p>\n<p>+493532360092<\/p>\n<p>03249 Sonnewalde<\/p>\n<p>suche<\/p>\n<p>Ich suche 0,2 Amboina-K\u00f6nigssittiche, gerne auch einzeln. Evtl. tausche ich auch eines meiner M\u00e4nnchen gegen. ein Weibchen. Abzugeben habe ich ferner noch 3,1 Strohsittiche, 1,1 Austr. K\u00f6nigssittiche, 3,3 Rotfl\u00fcgelsittiche, 1,1 Schmucksittiche, 1,1 Glanzsittiche.<\/p>\n<hr \/>\n<p>17.03.2026<\/p>\n<p>Ronald B\u00f6hlert<\/p>\n<p>20778<\/p>\n<p><a href=\"mailto:exotenzucht-boehlert@freenet.de\" target=\"_blank\" rel=\"noopener\">exotenzucht-boehlert@freenet.<wbr \/>de<\/a><\/p>\n<p>01723136185<\/p>\n<p>39264 Strinum<\/p>\n<p>biete<\/p>\n<p>Aus 2025 Gr.Alexander Lutino und Spalt Lutino sowie Spalt Blau, 1,0 Bergsittich Spalt Lutino, 1,1 Hornsittiche, Pflaumenkopfsittiche, 0,1 Rotkopfgans aus 24.<\/p>\n<hr \/>\n<p>17.03.2026<\/p>\n<p>Dirk H\u00f6hne<\/p>\n<p>47044<\/p>\n<p><a href=\"mailto:dirkzfr7@online.de\" target=\"_blank\" rel=\"noopener\">dirkzfr7@online.de<\/a><\/p>\n<p>+4915252956922<\/p>\n<p>biete<\/p>\n<p>gebe Schwarzk\u00f6pfchen von 2024 und 2025 wildfarben mit DNA Nachweis ab.<\/p>\n<hr \/>\n<p>08.03.2026<\/p>\n<p>Christian Zenker<\/p>\n<p>46087<\/p>\n<p><a href=\"mailto:christianzenker1988@googlemail.com\" target=\"_blank\" rel=\"noopener\">christianzenker1988@<wbr \/>googlemail.com<\/a><\/p>\n<p>+4916091647394<\/p>\n<p>biete<\/p>\n<p>1,1 Rothalsg\u00e4nse blutsfremd von 2023 aus Zuchtreserve (350 \u20ac); 1,1 Chile_Pfeifenten 2025; 1,1 Chile-Krickenten 2025; 1,1 Versicolorenten 2025; 1,1 Neuseelandl\u00f6ffelenten; alles blutsfremde Paare aus Zuchtreserve.<\/p>\n<hr \/>\n<p>08.03.2026<\/p>\n<p>Christian Zenker<\/p>\n<p>46087<\/p>\n<p><a href=\"mailto:christianzenker1988@googlemail.com\" target=\"_blank\" rel=\"noopener\">christianzenker1988@<wbr \/>googlemail.com<\/a><\/p>\n<p>+4916091647394<\/p>\n<p>biete<\/p>\n<p>0,2 Bla\u00dfkopfrosellas wildfarbig (25 &amp; 23); 1,0 Princess of Wales lutino 25; 1,0 Rotfl\u00fcgel 2019; 0,1 Pennant wildf. 23; 1,0 Glanzsittich wf. 25; desgl. 1,1 gr\u00fcn violett RB und t\u00fcrkis 25; 0,1 Pflaumenkopfsittich ZW 2015 (g\u00fcnstig); Tausche auch gegen 1,0 Bergsittich wf., gelbe Art<\/p>\n<hr \/>\n<p>&nbsp;<\/p>\n","protected":false},"excerpt":{"rendered":"<p>eine Anzeige aufgeben zur Webseite von Witte Molen zur Webseite von RUDLOFF 01.05.2026 Gebe ab NZ 2025 1,1 Ziegensittich in Gelb, 2,0 Bergsittiche, R. Paschke (24529) Tel. 034383 41302 oder 0172 3623812 Gebe ab blutsfrd. 1,1 von 2022 gr\u00fcnschenklige Rostkappenpapageien mit DNA und Herkunftsnachweis wegen Reduzierung der Zucht. Preis: 800,00\u2026<\/p>\n<p class=\"continue-reading-button\"> <a class=\"continue-reading-link\" href=\"https:\/\/vze-vogelzucht.de\/?page_id=3654\">wei\u00adter\u00adle\u00adsen<i class=\"crycon-right-dir\"><\/i><\/a><\/p>\n","protected":false},"author":2,"featured_media":0,"parent":40,"menu_order":1,"comment_status":"closed","ping_status":"closed","template":"","meta":{"footnotes":""},"class_list":["post-3654","page","type-page","status-publish","hentry"],"jetpack-related-posts":[],"jetpack_sharing_enabled":true,"_links":{"self":[{"href":"https:\/\/vze-vogelzucht.de\/index.php?rest_route=\/wp\/v2\/pages\/3654","targetHints":{"allow":["GET"]}}],"collection":[{"href":"https:\/\/vze-vogelzucht.de\/index.php?rest_route=\/wp\/v2\/pages"}],"about":[{"href":"https:\/\/vze-vogelzucht.de\/index.php?rest_route=\/wp\/v2\/types\/page"}],"author":[{"embeddable":true,"href":"https:\/\/vze-vogelzucht.de\/index.php?rest_route=\/wp\/v2\/users\/2"}],"replies":[{"embeddable":true,"href":"https:\/\/vze-vogelzucht.de\/index.php?rest_route=%2Fwp%2Fv2%2Fcomments&post=3654"}],"version-history":[{"count":1180,"href":"https:\/\/vze-vogelzucht.de\/index.php?rest_route=\/wp\/v2\/pages\/3654\/revisions"}],"predecessor-version":[{"id":8269,"href":"https:\/\/vze-vogelzucht.de\/index.php?rest_route=\/wp\/v2\/pages\/3654\/revisions\/8269"}],"up":[{"embeddable":true,"href":"https:\/\/vze-vogelzucht.de\/index.php?rest_route=\/wp\/v2\/pages\/40"}],"wp:attachment":[{"href":"https:\/\/vze-vogelzucht.de\/index.php?rest_route=%2Fwp%2Fv2%2Fmedia&parent=3654"}],"curies":[{"name":"wp","href":"https:\/\/api.w.org\/{rel}","templated":true}]}}