{"id":3641,"date":"2019-02-21T21:07:46","date_gmt":"2019-02-21T20:07:46","guid":{"rendered":"https:\/\/vze-vogelzucht.de\/?page_id=3641"},"modified":"2019-02-21T21:07:46","modified_gmt":"2019-02-21T20:07:46","slug":"ausstellungsordnung","status":"publish","type":"page","link":"https:\/\/vze-vogelzucht.de\/?page_id=3641","title":{"rendered":"Ausstellungsordnung"},"content":{"rendered":"<p><strong>Ausstellungsordnung<\/strong><\/p>\n<p>Diese Ordnung gilt f\u00fcr VZE-Bundesausstellungen\/Bundesmeisterschaften.<\/p>\n<p>Ausstellungen und Meisterschaften der VZE e.V. sind formell, ideell und inhaltlich den satzungsm\u00e4\u00dfigen Zielen der Vereinigung unterzuordnen.<\/p>\n<p>An Meisterschaften der VZE k\u00f6nnen sich ausschlie\u00dflich VZE-Mitglieder beteiligen. \u201eOffene\u201c Meisterschaften unter Beteiligung von Mitgliedern anderer Verb\u00e4nde sind zul\u00e4ssig, bed\u00fcrfen aber auf Bundes- und Landesebene die Zustimmung des Pr\u00e4sidiums.<\/p>\n<p>Im Sinne der satzungsgem\u00e4\u00dfen Ziele der VZE gilt f\u00fcr deren Ausstellungen\/Meisterschaften folgende Ordnung.<\/p>\n<ol>\n<li>Die VZE f\u00fchrt j\u00e4hrlich eine Bundesmeisterschaft durch, in der Regel zusammen mit einer Bundesausstellung. Wenn ein z\u00fcchterisches Interesse vorliegt, finden auch Sonder-\/Spezialausstellungen mit oder ohne Bewertung statt.<\/li>\n<li>Die Ausstellungsleitung f\u00fcr die Bundesausstellung und \u2013meisterschaften ist vom Pr\u00e4sidium der VZE zu berufen. Sie ist verpflichtet, unter weitestgehender Einhaltung der Vorschl\u00e4ge der jeweiligen Interessengemeinschaften die Zuchtrichter einzuladen.<\/li>\n<\/ol>\n<p>F\u00fcr die Vorbereitung und Durchf\u00fchrung der Bundesmeisterschaften ist die f\u00fcr die jeweiligen Vogelarten zust\u00e4ndige Interessengemeinschaft verantwortlich, d.h. f\u00fcr alle Vorg\u00e4nge, welche mit der Meisterschaft im Zusammenhang stehen (von der Annahme bis zu Ausgabe).<\/p>\n<p>Die Betreuung der V\u00f6gel w\u00e4hrend der Bundesmeisterschaften und der Rahmenschau ist in der Ausstellungskonzeption zu regeln.<\/p>\n<ol start=\"3\">\n<li>W\u00e4hrend der Ausstellungsdauer d\u00fcrfen keine V\u00f6gel aus den Ausstellungsk\u00e4figen, Vitrinen oder Volieren herausgenommen werden, mit Ausnahme von Notf\u00e4llen, zur Ringkontrolle oder bei Verdacht auf eine unerlaubte Handlung im Beisein oder im Auftrag des Ausstellungsleiters oder seines Vertreters.<\/li>\n<\/ol>\n<p>Jeder Aussteller stellt auf eigenes Risiko aus. F\u00fcr Verluste und Verletzungen der V\u00f6gel w\u00e4hrend des An- und Abtransportes einschlie\u00dflich des Einsetzens und des Herausfangens der V\u00f6gel aus den K\u00e4figen bzw. f\u00fcr die Dauer der Ausstellung \u00fcbernimmt die VZE-Ausstellungsleitung keine Haftung.<\/p>\n<p>Es besteht Fotoverbot w\u00e4hrend der gesamten Ausstellung, eine Fotoerlaubnis ist bei der Ausstellungsleitung einzuholen. Das Anbringen von Verkaufstexten an K\u00e4figen, Vitrinen und Volieren ist grunds\u00e4tzlich untersagt.<\/p>\n<ol start=\"4\">\n<li>Die Anmeldung und Einlieferung der V\u00f6gel zur Bundesausstellung und \u2013meisterschaften hat auf vorgedruckten Anmelde- und Einlieferungsvordrucken zu erfolgen. Diese werden rechtzeitig in der Vereinszeitung ver\u00f6ffentlicht und gehen jedem Mitglied zu.<\/li>\n<\/ol>\n<p>Die V\u00f6gel sind vom Z\u00fcchter selbst oder einem Beauftragten anzuliefern (kein Post- oder Bahnversand).<\/p>\n<p>Zeitgleich mit der Anmeldung sind die Standgeldgeb\u00fchren zu entrichten. Nicht fristgem\u00e4\u00dfer Eingang der Standgeldgeb\u00fchren f\u00fchrt zur Nichtber\u00fccksichtigung der Anmeldung.<\/p>\n<p>Das Standgeld ist je Bewertungseinheit zu entrichten, welches f\u00fcr jede Meisterschaft neu festzulegen ist. Der Teilnehmer an einer Bundesmeisterschaft ist zur Abnahme eines Pflichtkatalogs verpflichtet. Die Geb\u00fchr ist mit dem Standgeld einzuzahlen.<\/p>\n<p>Die Einlieferung der Bewertungsv\u00f6gel hat in den f\u00fcr die jeweilige Vogelart zugelassenen Ausstellungsk\u00e4figen zu erfolgen. Die K\u00e4fige m\u00fcssen sauber mit vorgeschriebenem Farbanstrich und Ausstattung entsprechend den Vorschriften abgegeben werden. K\u00e4fige, welche dieser Vorschrift nicht entsprechen, werden bei Anlieferung zur\u00fcckgewiesen und scheiden somit von der Bewertung aus (keine Standgeldr\u00fcckerstattung).<\/p>\n<p>Sollten trotzdem dem Zuchtrichter V\u00f6gel in stark verschmutzen K\u00e4figen zur Bewertung vorgestellt werden, so erhalten diese V\u00f6gel die Bewertungsnote o.B. \u2013 ohne Bewertung -. Diese Entscheidung f\u00e4llt der Zuchtrichter in eigener Verantwortung.<\/p>\n<p>Jeder Aussteller hat bei der Anmeldung seiner V\u00f6gel die richtige Schauklasse bzw. \u2013gruppe u.a. anzugeben. Bei falschen Angaben hierzu verbleibt der in der angemeldeten Klasse und erh\u00e4lt lediglich auf der Bewertungskarte den Vermerk \u201efalsche Klasse \u201e (f.K.). V\u00f6gel an denen unerlaubte Handlungen festgestellt werden, sind mit \u201eu.H.\u201c auf der Bewertungskarte zu kennzeichnen. Der Aussteller scheidet mit allen weiteren V\u00f6geln, gleich welcher Art, von jeglicher Auswertung aus.<\/p>\n<p>Die Richtlinie f\u00fcr \u201eunerlaubte Handlungen\u201c wird getrennt von dieser Ordnung ver\u00f6ffentlicht.<\/p>\n<ol start=\"5\">\n<li>Zu den Meisterschaften sind nur V\u00f6gel der Selbstzuchtklasse zugelassen. Die V\u00f6gel m\u00fcssen einen geschlossenen Ring tragen. Die VZE gibt eigene VZE-Ringe aus. Diese sind mit der jeweiligen Z\u00fcchternummer, einer lfd. Nummer und der entsprechenden Jahreszahl gekennzeichnet. Die Ringe sind entsprechend der standardisierten Vogelart in der jeweiligen Gr\u00f6\u00dfe zu verwenden, dies gilt auch f\u00fcr die V\u00f6gel von Z\u00fcchtern aus anderen Verb\u00e4nden\/Vereinigungen. Die Ringe dienen der Kennzeichnung des Individuums und als Selbstzuchtnachweis. VZE-Ringe sind amtlich anerkannt. Auf VZE-Bundesmeisterschaften sind grunds\u00e4tzlich nur V\u00f6gel mit eigenen, geschlossenen und deutlich lesbaren Daten zu erkennenden (notfalls mit Lupe) VZE-Ringen oder von der VZE anerkannten Ringen anderer in- und ausl\u00e4ndischer Vereinigungen\/Verb\u00e4nden zugelassen (Kopie des Mitgliedausweises erforderlich, bei Ringen ohne Z\u00fcchter-Nr. ist Nachweis des Ringbezuges notwendig.<\/li>\n<\/ol>\n<p>Jeder Aussteller zu einer VZE-Meisterschaft hat auf dem betr. Anmeldebogen durch Unterschrift die Selbstzucht seiner V\u00f6gel zu best\u00e4tigen.<\/p>\n<p>Gesch\u00fctzte Vogelarten werden nur zur Bewertung zugelassen, wenn es domestizierte Populationen einer Vogelart in Z\u00fcchterhand gibt. Arten, die in der BASchVO aufgelistet sind, werden nicht zur Bewertung zugelassen. Zum Zeitpunkt des Inkrafttretens dieser AO sind folgende Vogelarten und deren Farbvarianten zugelassen:<\/p>\n<p>Standard- und Farben-Wellensittiche, Nymphen- und Halsbandsittiche, Rosen-, Schwarz- und Pfirsichk\u00f6pfchen, Bergpapagei, Blaugenick und Augenring-Sperlingspapagei, Farben-, Farben-Gesangs- und Positurkanarien, Gesangskanarien, Goldfasan, Zebrafinken, Japanische M\u00f6vchen, Reisamadine, Gould- und Spitzschwanzamadinen, Diamanttaube.<\/p>\n<p>\u00dcber die Zulassung weiterer Vogelarten zur Bewertung entscheidet das Pr\u00e4sidium in Abstimmung mit der zust\u00e4ndigen IG und dem Gesamtvorstand nach schriftlichem Antrag.<\/p>\n<ol start=\"6\">\n<li>V\u00f6gel mit ver\u00e4nderten, nicht des Z\u00fcchters eigenen oder nicht anerkannten Ringen werden disqualifiziert. Gegen den Aussteller werden Disziplinarma\u00dfnahmen eingeleitet.<\/li>\n<\/ol>\n<p>Wird auf einer VZE-Ausstellung\/-Meisterschaft festgestellt, dass der oder die V\u00f6gel den Ring eines anderen Z\u00fcchters tragen, so sind alle V\u00f6gel des Ausstellers auf dieser VZE-Ausstellung zu disqualifizieren.<\/p>\n<p>Ringkontrollen bei VZE-Meisterschaften sind stichprobenartig oder bei begr\u00fcndetem Verdacht der Manipulation nach der Bewertung durchzuf\u00fchren. Das ausdr\u00fcckliche Einverst\u00e4ndnis des Ausstellers ist dazu nicht notwendig, der Z\u00fcchter erkennt mit Abgabe seiner V\u00f6gel diesen Passus der Ordnung an. Der Ausstellungsleiter\/Stellvertreter sowie der jeweilige IG-Vorsitzende\/Beauftragter bei Bundesmeisterschaften sind zur Herausnahme von V\u00f6geln berechtigt.<\/p>\n<p>Die Ringkontrolle bei einer VZE-Bundesmeisterschaft obliegt der jeweiligen IG in \u00dcbereinstimmung mit dem Ausstellungsleiter\/Stellvertreter. Der Personenkreis sollte mindestens 3 Personen umfassen. Es ist ein Protokoll anzufertigen, welches beinhalten muss:<\/p>\n<p>&#8211; Datum, Beginn und Ende mit Uhrzeit,<\/p>\n<p>&#8211; Teilnehmer der Kontrolle,<\/p>\n<p>&#8211; Vogelart und Aussteller,<\/p>\n<p>&#8211; kontrollierte K\u00e4fige mit K\u00e4fignummern,<\/p>\n<p>&#8211; festgestellte Angaben des Ringes und sonstiges Ergebnis der Kontrolle,<\/p>\n<p>&#8211; jeder Teilnehmer hat das Protokoll zu unterschreiben<\/p>\n<ol start=\"7\">\n<li>Das Alter aller zur Bewertung ausgestellten standardisierten Vogelarten ist nicht begrenzt. Ausnahmen sind m\u00f6glich und werden in den jeweiligen Ausschreibungen bekannt gegeben.<\/li>\n<li>Die Ausgabe der ausgestellten V\u00f6gel erfolgt nach Schlie\u00dfung der Ausstellung. Hierbei ist eine Ausgabekontrolle vorzunehmen und der Empfang durch den Aussteller zu best\u00e4tigen.<\/li>\n<li>Alle zur Durchf\u00fchrung einer Ausstellung erlassenen beh\u00f6rdlichen Bedingungen und Auflagen sind einzuhalten.<\/li>\n<li>Die jeweiligen Bewertungssysteme f\u00fcr die entsprechenden Vogelarten und die vorgesehenen Auszeichnungen werden in den j\u00e4hrlichen Ausstellungsbestimmungen festgelegt. Diese sin von der jeweiligen Interessengemeinschaft nach dem Prinzip der gr\u00f6\u00dften Sparsamkeit auszuw\u00e4hlen.<\/li>\n<li>Aussteller kann nur ein Vollmitglied der VZE sein. Bei Inanspruchnahme einer Familienmitgliedschaft werden f\u00fcr das beitragsbeg\u00fcnstigte Mitglied keine eigenen Ringe ausgegeben. An der Meisterschaft ist demzufolge nur das Mitglied mit Vollbeitrag zugelassen.<\/li>\n<\/ol>\n<p>Die Regelung zu Zuchtgemeinschaften bleibt davon unber\u00fchrt.<\/p>\n<ol start=\"12\">\n<li>Das Urteil des\/der Zuchtrichter ist endg\u00fcltig.<\/li>\n<\/ol>\n<p>Die Einspruchsfrist gegen Fehler bei der Auswertung zu den einzelnen Meisterschaften sowie Verwechslungen, Schreib- und Rechenfehler oder sonstige Fehler (Computer) wird auf 14 Tage nach Ausstellungsschlu\u00df festgelegt. Nach Ablauf dieser Frist sind die ermittelten und ver\u00f6ffentlichten Ergebnisse (Katalog und Vereinszeitschrift) endg\u00fcltig.<\/p>\n<p>Bei Herausgabe eines Kataloges haben die amtierenden Zuchtrichter auf dieser Ausstellung einen Anspruch auf einen kostenlosen Katalog. Dieser ist zeitnah zuzustellen.<\/p>\n<ol start=\"13\">\n<li>Die Definition f\u00fcr \u201eunerlaubte Handlungen\u201c wird in einer gesonderten Richtlinie ver\u00f6ffentlicht.<\/li>\n<\/ol>\n<p>Der Auswertungsmodus bei Punkt-, Pr\u00e4dikat- und Platzgleichheit sowie die Auswertungskriterien werden intern durch die jeweilige IG in gesonderten Richtlinien geregelt. Neuerungen oder \u00c4nderungen sind in den Ausstellungsbestimmungen bekannt zu machen.<\/p>\n<ol start=\"14\">\n<li>Bundes- und Landesmeisterschaften k\u00f6nnen offen gestallt werden. Bei Landesmeisterschaften kann jeder Aussteller den Titel erringen, gleich welchen Wohnsitzes, welchen Bundeslandes und welchen Vogelzuchtverbandes. F\u00fcr Aussteller des jeweiligen Bundeslandes sollten Sonderpreise ausgeschrieben werden. Zus\u00e4tzliche Regelungen k\u00f6nnen im Landesvorstand festgelegt werden.<\/li>\n<li>Bei Landes.\/Regionalmeisterschaften gilt diese Ordnung als Rahmenordnung. Abweichungen sind in einer jeweiligen Ausschreibung zu verankern. Den Vereinen\/Ortsgruppen wird die Anwendung dieser Ordnung empfohlen.<\/li>\n<\/ol>\n<p>Diese Ordnung bildet die einheitliche und verbindliche Grundlage f\u00fcr die Durchf\u00fchrung der Bundesausstellungen und Bundes- wie Landesmeisterschaften. Auf ihrer Grundlage werden die jeweiligen Ausstellungsbestimmungen erlassen. Es wird empfohlen, diese Ordnung als Richtlinie f\u00fcr andere Vogelausstellungen in Vereinen, der Mitglieder der VZE angeh\u00f6ren, anzuerkennen.<\/p>\n<p>Mit dem Inkrafttreten dieser Ordnung werden alle vorher erlassenen, einschl\u00e4gigen Ordnungen und Bestimmungen ung\u00fcltig.<\/p>\n","protected":false},"excerpt":{"rendered":"<p>Ausstellungsordnung Diese Ordnung gilt f\u00fcr VZE-Bundesausstellungen\/Bundesmeisterschaften. Ausstellungen und Meisterschaften der VZE e.V. sind formell, ideell und inhaltlich den satzungsm\u00e4\u00dfigen Zielen der Vereinigung unterzuordnen. An Meisterschaften der VZE k\u00f6nnen sich ausschlie\u00dflich VZE-Mitglieder beteiligen. \u201eOffene\u201c Meisterschaften unter Beteiligung von Mitgliedern anderer Verb\u00e4nde sind zul\u00e4ssig, bed\u00fcrfen aber auf Bundes- und Landesebene die Zustimmung\u2026<\/p>\n<p class=\"continue-reading-button\"> <a class=\"continue-reading-link\" href=\"https:\/\/vze-vogelzucht.de\/?page_id=3641\">wei\u00adter\u00adle\u00adsen<i class=\"crycon-right-dir\"><\/i><\/a><\/p>\n","protected":false},"author":2,"featured_media":0,"parent":25,"menu_order":40,"comment_status":"closed","ping_status":"closed","template":"","meta":{"footnotes":""},"class_list":["post-3641","page","type-page","status-publish","hentry"],"jetpack-related-posts":[],"jetpack_sharing_enabled":true,"_links":{"self":[{"href":"https:\/\/vze-vogelzucht.de\/index.php?rest_route=\/wp\/v2\/pages\/3641","targetHints":{"allow":["GET"]}}],"collection":[{"href":"https:\/\/vze-vogelzucht.de\/index.php?rest_route=\/wp\/v2\/pages"}],"about":[{"href":"https:\/\/vze-vogelzucht.de\/index.php?rest_route=\/wp\/v2\/types\/page"}],"author":[{"embeddable":true,"href":"https:\/\/vze-vogelzucht.de\/index.php?rest_route=\/wp\/v2\/users\/2"}],"replies":[{"embeddable":true,"href":"https:\/\/vze-vogelzucht.de\/index.php?rest_route=%2Fwp%2Fv2%2Fcomments&post=3641"}],"version-history":[{"count":0,"href":"https:\/\/vze-vogelzucht.de\/index.php?rest_route=\/wp\/v2\/pages\/3641\/revisions"}],"up":[{"embeddable":true,"href":"https:\/\/vze-vogelzucht.de\/index.php?rest_route=\/wp\/v2\/pages\/25"}],"wp:attachment":[{"href":"https:\/\/vze-vogelzucht.de\/index.php?rest_route=%2Fwp%2Fv2%2Fmedia&parent=3641"}],"curies":[{"name":"wp","href":"https:\/\/api.w.org\/{rel}","templated":true}]}}