{"id":3636,"date":"2019-02-21T20:44:36","date_gmt":"2019-02-21T19:44:36","guid":{"rendered":"https:\/\/vze-vogelzucht.de\/?page_id=3636"},"modified":"2019-02-21T21:02:11","modified_gmt":"2019-02-21T20:02:11","slug":"ordnung-des-ehrenrates","status":"publish","type":"page","link":"https:\/\/vze-vogelzucht.de\/?page_id=3636","title":{"rendered":"Ordnung des Ehrenrates"},"content":{"rendered":"<p><strong>Ordnung des Ehrenrates<\/strong><\/p>\n<ul>\n<li><strong>1<\/strong><\/li>\n<\/ul>\n<p>Der Ehrenrat besteht aus drei langj\u00e4hrigen und verdienstvollen Mitgliedern unserer Vereinigung. Die Mitglieder des Ehrenrates bekleiden keine weiteren Funktionen innerhalb der VZE<\/p>\n<ul>\n<li><strong>2<\/strong><\/li>\n<\/ul>\n<p>Der Ehrenrat ist ein neutrales, unabh\u00e4ngiges Gremium und wird von der Mitgliederversammlung im Abstand von vier Jahren gew\u00e4hlt. Er w\u00e4hlt aus seinen Reihen den Vorsitzenden.<\/p>\n<ul>\n<li><strong>3<\/strong><\/li>\n<\/ul>\n<p>Die Hauptaufgaben des Ehrenrates ist es, bei Streitigkeiten schlichtend einzugreifen und Vermittlungsvorschlage zu unterbreiten.<\/p>\n<ul>\n<li><strong>4<\/strong><\/li>\n<\/ul>\n<p>Der Ehrenrat kann nur von Mitgliedern der Vereinigung angerufen werden. Er wird von seinem Vorsitzenden eingeladen.<\/p>\n<ul>\n<li><strong>5<\/strong><\/li>\n<\/ul>\n<p>Der Ehrenrat hat keinen Einfluss auf die Gesch\u00e4ftsf\u00fchrung des Vorstandes der VZE.<\/p>\n<ul>\n<li><strong>6<\/strong><\/li>\n<\/ul>\n<p>Jede Anrufung des Ehrenrates ist zu registrieren. \u00dcber jede Verhandlung ist ein Protokoll anzufertigen. Falls erforderlich, ist eine Hinzuziehung eines Rechtsberaters zul\u00e4ssig.<\/p>\n<ul>\n<li><strong>7<\/strong><\/li>\n<\/ul>\n<p>Die Kosten f\u00fcr die T\u00e4tigkeit des Ehrenrates regeln sich nach der Gesch\u00e4ftsordnung der VZE \u00a74.<\/p>\n","protected":false},"excerpt":{"rendered":"<p>Ordnung des Ehrenrates 1 Der Ehrenrat besteht aus drei langj\u00e4hrigen und verdienstvollen Mitgliedern unserer Vereinigung. Die Mitglieder des Ehrenrates bekleiden keine weiteren Funktionen innerhalb der VZE 2 Der Ehrenrat ist ein neutrales, unabh\u00e4ngiges Gremium und wird von der Mitgliederversammlung im Abstand von vier Jahren gew\u00e4hlt. Er w\u00e4hlt aus seinen Reihen\u2026<\/p>\n<p class=\"continue-reading-button\"> <a class=\"continue-reading-link\" href=\"https:\/\/vze-vogelzucht.de\/?page_id=3636\">wei\u00adter\u00adle\u00adsen<i class=\"crycon-right-dir\"><\/i><\/a><\/p>\n","protected":false},"author":2,"featured_media":0,"parent":25,"menu_order":18,"comment_status":"closed","ping_status":"closed","template":"","meta":{"footnotes":""},"class_list":["post-3636","page","type-page","status-publish","hentry"],"jetpack-related-posts":[],"jetpack_sharing_enabled":true,"_links":{"self":[{"href":"https:\/\/vze-vogelzucht.de\/index.php?rest_route=\/wp\/v2\/pages\/3636","targetHints":{"allow":["GET"]}}],"collection":[{"href":"https:\/\/vze-vogelzucht.de\/index.php?rest_route=\/wp\/v2\/pages"}],"about":[{"href":"https:\/\/vze-vogelzucht.de\/index.php?rest_route=\/wp\/v2\/types\/page"}],"author":[{"embeddable":true,"href":"https:\/\/vze-vogelzucht.de\/index.php?rest_route=\/wp\/v2\/users\/2"}],"replies":[{"embeddable":true,"href":"https:\/\/vze-vogelzucht.de\/index.php?rest_route=%2Fwp%2Fv2%2Fcomments&post=3636"}],"version-history":[{"count":0,"href":"https:\/\/vze-vogelzucht.de\/index.php?rest_route=\/wp\/v2\/pages\/3636\/revisions"}],"up":[{"embeddable":true,"href":"https:\/\/vze-vogelzucht.de\/index.php?rest_route=\/wp\/v2\/pages\/25"}],"wp:attachment":[{"href":"https:\/\/vze-vogelzucht.de\/index.php?rest_route=%2Fwp%2Fv2%2Fmedia&parent=3636"}],"curies":[{"name":"wp","href":"https:\/\/api.w.org\/{rel}","templated":true}]}}