{"id":3631,"date":"2019-02-21T20:37:36","date_gmt":"2019-02-21T19:37:36","guid":{"rendered":"https:\/\/vze-vogelzucht.de\/?page_id=3631"},"modified":"2019-02-21T21:01:43","modified_gmt":"2019-02-21T20:01:43","slug":"revisionsordnung","status":"publish","type":"page","link":"https:\/\/vze-vogelzucht.de\/?page_id=3631","title":{"rendered":"Revisionsordnung"},"content":{"rendered":"<p><strong>Revisionsordnung<\/strong><\/p>\n<p>Die Kontrollt\u00e4tigkeit wird im Auftrage der Mitglieder durchgef\u00fchrt und hat die Einhaltung der Beschl\u00fcsse, Richtlinien, Hinweise, Empfehlungen und der Rechtsvorschriften zum Inhalt. Schwerpunkt bildet dabei die Finanzkontrolle.<\/p>\n<p>Die Revisionskommission tritt j\u00e4hrlich zusammen<\/p>\n<ol>\n<li>Zur Festlegung der Arbeitsaufgaben, der Auswertung vorangegangener Kontrollen und Erarbeitung von Aufgaben zur Durchf\u00fchrung einer Revision,<\/li>\n<li>Zur Durchf\u00fchrung einer Revision.<\/li>\n<\/ol>\n<p>Die Auswertung der Revision erfolgt vor dem Pr\u00e4sidium der Vereinigung und in Berichtsform j\u00e4hrlich in der Vereinszeitschrift sowie alle vier Jahre m\u00fcndlich vor der Mitgliederversammlung. F\u00fcr die Anmeldung und Durchf\u00fchrung von Kontrollen und Beratungen der Revisionskommission ist der Vorsitzende verantwortlich. Im begr\u00fcndeten Fall k\u00f6nnen Kontrollaufgaben auch ohne vorhergehende Anmeldung erfolgen.<\/p>\n<p>Die Revisionskommission soll aus mindestens zwei Mitgliedern bestehen. Mitglieder der Revisionskommission sind alle vier Jahre auf der Mitgliederversammlung zu w\u00e4hlen. Sollten w\u00e4hrend einer Wahlperiode ein oder mehrere Mitglieder der Revisionskommission aus unterschiedlichen Gr\u00fcnden ausfallen, ist unter Hinzuziehung des Ehrenrates eine Person zu benennen die kommissarisch bis zur n\u00e4chsten Wahl auf der Mitgliederversammlung die Funktion \u00fcbernimmt.<\/p>\n","protected":false},"excerpt":{"rendered":"<p>Revisionsordnung Die Kontrollt\u00e4tigkeit wird im Auftrage der Mitglieder durchgef\u00fchrt und hat die Einhaltung der Beschl\u00fcsse, Richtlinien, Hinweise, Empfehlungen und der Rechtsvorschriften zum Inhalt. Schwerpunkt bildet dabei die Finanzkontrolle. Die Revisionskommission tritt j\u00e4hrlich zusammen Zur Festlegung der Arbeitsaufgaben, der Auswertung vorangegangener Kontrollen und Erarbeitung von Aufgaben zur Durchf\u00fchrung einer Revision, Zur\u2026<\/p>\n<p class=\"continue-reading-button\"> <a class=\"continue-reading-link\" href=\"https:\/\/vze-vogelzucht.de\/?page_id=3631\">wei\u00adter\u00adle\u00adsen<i class=\"crycon-right-dir\"><\/i><\/a><\/p>\n","protected":false},"author":2,"featured_media":0,"parent":25,"menu_order":17,"comment_status":"closed","ping_status":"closed","template":"","meta":{"footnotes":""},"class_list":["post-3631","page","type-page","status-publish","hentry"],"jetpack-related-posts":[],"jetpack_sharing_enabled":true,"_links":{"self":[{"href":"https:\/\/vze-vogelzucht.de\/index.php?rest_route=\/wp\/v2\/pages\/3631","targetHints":{"allow":["GET"]}}],"collection":[{"href":"https:\/\/vze-vogelzucht.de\/index.php?rest_route=\/wp\/v2\/pages"}],"about":[{"href":"https:\/\/vze-vogelzucht.de\/index.php?rest_route=\/wp\/v2\/types\/page"}],"author":[{"embeddable":true,"href":"https:\/\/vze-vogelzucht.de\/index.php?rest_route=\/wp\/v2\/users\/2"}],"replies":[{"embeddable":true,"href":"https:\/\/vze-vogelzucht.de\/index.php?rest_route=%2Fwp%2Fv2%2Fcomments&post=3631"}],"version-history":[{"count":0,"href":"https:\/\/vze-vogelzucht.de\/index.php?rest_route=\/wp\/v2\/pages\/3631\/revisions"}],"up":[{"embeddable":true,"href":"https:\/\/vze-vogelzucht.de\/index.php?rest_route=\/wp\/v2\/pages\/25"}],"wp:attachment":[{"href":"https:\/\/vze-vogelzucht.de\/index.php?rest_route=%2Fwp%2Fv2%2Fmedia&parent=3631"}],"curies":[{"name":"wp","href":"https:\/\/api.w.org\/{rel}","templated":true}]}}