{"id":36,"date":"2017-12-12T17:07:31","date_gmt":"2017-12-12T17:07:31","guid":{"rendered":"http:\/\/vze-vogelzucht.de\/?page_id=36"},"modified":"2025-07-14T11:43:57","modified_gmt":"2025-07-14T09:43:57","slug":"formulare","status":"publish","type":"page","link":"https:\/\/vze-vogelzucht.de\/?page_id=36","title":{"rendered":"Formulare"},"content":{"rendered":"<p><img loading=\"lazy\" decoding=\"async\" class=\"alignnone wp-image-579\" src=\"https:\/\/vze-vogelzucht.de\/wp-content\/uploads\/2017\/12\/ara-fluegel-001-300x200.jpg\" alt=\"\" width=\"338\" height=\"225\" \/>\u00a0<img loading=\"lazy\" decoding=\"async\" class=\"alignnone wp-image-444 size-medium\" src=\"https:\/\/vze-vogelzucht.de\/wp-content\/uploads\/2017\/12\/bild_jw_01-26-300x225.jpg\" alt=\"\" width=\"300\" height=\"225\" \/><\/p>\n<p><a href=\"https:\/\/vze-vogelzucht.de\/wp-content\/uploads\/2025\/07\/Ringbestellung-Teil-1-2026-PDF.pdf\" target=\"_blank\" rel=\"noopener\">Ringbestellung-Teil-1-2026-PDF<\/a><\/p>\n<p><a href=\"https:\/\/vze-vogelzucht.de\/wp-content\/uploads\/2025\/07\/Ringbestellung-Teil-2-2026-PDF.pdf\" target=\"_blank\" rel=\"noopener\">Ringbestellung-Teil-2-2026-PDF<\/a><\/p>\n<hr \/>\n<p><a href=\"https:\/\/vze-vogelzucht.de\/wp-content\/uploads\/2024\/07\/Ringbestellung-Teil-1-2025-PDF.pdf\">Ringbestellung Teil 1 (2025) PDF<\/a><\/p>\n<p><a href=\"https:\/\/vze-vogelzucht.de\/wp-content\/uploads\/2024\/07\/Ringbestellung-Teil-2-2025-PDF.pdf\">Ringbestellung Teil 2 (2025) PDF<\/a><\/p>\n<hr \/>\n<p><a href=\"https:\/\/vze-vogelzucht.de\/wp-content\/uploads\/2023\/03\/VZE-Anmeldformular-Meisterschaft.pdf\" target=\"_blank\" rel=\"noopener\">VZE-Anmeldformular-Meisterschaft<\/a> (PDF) (Formular ausf\u00fcllen, speichern und per E-Mail versenden oder ausdrucken, ein Versand \u00fcber unsere Homepage ist nicht m\u00f6glich)<\/p>\n<p><a href=\"https:\/\/vze-vogelzucht.de\/wp-content\/uploads\/2025\/03\/Mitgliedsantrag-VZE.pdf\" target=\"_blank\" rel=\"noopener\">Mitgliedsantrag-VZE<\/a> (PDF)<\/p>\n<p><a href=\"https:\/\/vze-vogelzucht.de\/wp-content\/uploads\/2025\/07\/Datenerfassungsbogen-SEPA-Lastschriftmandat.pdf\" target=\"_blank\" rel=\"noopener\">Datenerfassungsbogen-SEPA-Lastschriftmandat<\/a> (PDF)<\/p>\n<p><a href=\"https:\/\/vze-vogelzucht.de\/wp-content\/uploads\/2024\/06\/VZE-Antrag-Abo-Monatszeitschrift-ab-2024-PDF.pdf\" target=\"_blank\" rel=\"noopener\">VZE-Antrag-Abo-Monatszeitschrift-ab-2024-PDF<\/a> (nur f\u00fcr Nicht-Mitglieder der VZE)<\/p>\n<p><a href=\"https:\/\/vze-vogelzucht.de\/?page_id=4879\">VZE-Vogeldatenbank-Formular<\/a> (online ausf\u00fcllen)<\/p>\n<p><a href=\"https:\/\/vze-vogelzucht.de\/wp-content\/uploads\/2020\/10\/VZE-Vogeldatenbank-Formular.pdf\" target=\"_blank\" rel=\"noopener noreferrer\">VZE-Vogeldatenbank-Formular (PDF)<\/a><\/p>\n<p><a href=\"https:\/\/vze-vogelzucht.de\/wp-content\/uploads\/2017\/12\/Antrag-Projekt.pdf\" target=\"_blank\" rel=\"noopener noreferrer\">Antrag Projekt<\/a><\/p>\n<p><a href=\"https:\/\/vze-vogelzucht.de\/wp-content\/uploads\/2017\/12\/Abrechnungsformular-Geldauslagen.pdf\" target=\"_blank\" rel=\"noopener noreferrer\">Abrechnungsformular Geldauslagen<\/a><\/p>\n<p><a href=\"https:\/\/vze-vogelzucht.de\/wp-content\/uploads\/2017\/12\/Auszeichnungsantrag.pdf\" target=\"_blank\" rel=\"noopener noreferrer\">Auszeichnungsantrag<\/a><\/p>\n<p><a href=\"https:\/\/vze-vogelzucht.de\/wp-content\/uploads\/2017\/12\/herkunftsbestaetigung.pdf\" target=\"_blank\" rel=\"noopener noreferrer\">Herkunftsbest\u00e4tigung<\/a><\/p>\n","protected":false},"excerpt":{"rendered":"<p>\u00a0 Ringbestellung-Teil-1-2026-PDF Ringbestellung-Teil-2-2026-PDF Ringbestellung Teil 1 (2025) PDF Ringbestellung Teil 2 (2025) PDF VZE-Anmeldformular-Meisterschaft (PDF) (Formular ausf\u00fcllen, speichern und per E-Mail versenden oder ausdrucken, ein Versand \u00fcber unsere Homepage ist nicht m\u00f6glich) Mitgliedsantrag-VZE (PDF) Datenerfassungsbogen-SEPA-Lastschriftmandat (PDF) VZE-Antrag-Abo-Monatszeitschrift-ab-2024-PDF (nur f\u00fcr Nicht-Mitglieder der VZE) VZE-Vogeldatenbank-Formular (online ausf\u00fcllen) VZE-Vogeldatenbank-Formular (PDF) Antrag Projekt Abrechnungsformular\u2026<\/p>\n<p class=\"continue-reading-button\"> <a class=\"continue-reading-link\" href=\"https:\/\/vze-vogelzucht.de\/?page_id=36\">wei\u00adter\u00adle\u00adsen<i class=\"crycon-right-dir\"><\/i><\/a><\/p>\n","protected":false},"author":2,"featured_media":0,"parent":171,"menu_order":43,"comment_status":"closed","ping_status":"closed","template":"","meta":{"footnotes":""},"class_list":["post-36","page","type-page","status-publish","hentry"],"jetpack-related-posts":[],"jetpack_sharing_enabled":true,"_links":{"self":[{"href":"https:\/\/vze-vogelzucht.de\/index.php?rest_route=\/wp\/v2\/pages\/36","targetHints":{"allow":["GET"]}}],"collection":[{"href":"https:\/\/vze-vogelzucht.de\/index.php?rest_route=\/wp\/v2\/pages"}],"about":[{"href":"https:\/\/vze-vogelzucht.de\/index.php?rest_route=\/wp\/v2\/types\/page"}],"author":[{"embeddable":true,"href":"https:\/\/vze-vogelzucht.de\/index.php?rest_route=\/wp\/v2\/users\/2"}],"replies":[{"embeddable":true,"href":"https:\/\/vze-vogelzucht.de\/index.php?rest_route=%2Fwp%2Fv2%2Fcomments&post=36"}],"version-history":[{"count":34,"href":"https:\/\/vze-vogelzucht.de\/index.php?rest_route=\/wp\/v2\/pages\/36\/revisions"}],"predecessor-version":[{"id":7822,"href":"https:\/\/vze-vogelzucht.de\/index.php?rest_route=\/wp\/v2\/pages\/36\/revisions\/7822"}],"up":[{"embeddable":true,"href":"https:\/\/vze-vogelzucht.de\/index.php?rest_route=\/wp\/v2\/pages\/171"}],"wp:attachment":[{"href":"https:\/\/vze-vogelzucht.de\/index.php?rest_route=%2Fwp%2Fv2%2Fmedia&parent=36"}],"curies":[{"name":"wp","href":"https:\/\/api.w.org\/{rel}","templated":true}]}}