{"id":34,"date":"2017-12-12T17:06:31","date_gmt":"2017-12-12T17:06:31","guid":{"rendered":"http:\/\/vze-vogelzucht.de\/?page_id=34"},"modified":"2026-05-09T06:25:00","modified_gmt":"2026-05-09T04:25:00","slug":"termine","status":"publish","type":"page","link":"https:\/\/vze-vogelzucht.de\/?page_id=34","title":{"rendered":"Termine"},"content":{"rendered":"<p><a href=\"#vorschlag\"><b>Einen neuen Termin vorschlagen.<\/b><\/a><\/p>\n<hr \/>\n<p><span style=\"color: #ff0000;\">Alle Termine und Angaben sind ohne Gew\u00e4hr!<\/span><\/p>\n<hr \/>\n<p><strong>Vogelb\u00f6rsen Mai 2026<\/strong><\/p>\n<p>F\u00fcrstenwalder Vogel- und Kleintierb\u00f6rse<br \/>\nin 15517 F\u00fcrstenwalde\/Spree,<br \/>\nam Bahndamm 5<br \/>\nam 10.05.2026 von 8.00 &#8211; 11.00 Uhr<br \/>\nInfo: Hartmut Grabowski<br \/>\nTel. 0171-6446710<\/p>\n<p>Vogelb\u00f6rse des Vereins Muldentalkreis<br \/>\nIn 04668 Gro\u00dfbardau, Tierfuttermarkt, Parthenstr. 29<br \/>\nam 23.05.2026 von 9.00 &#8211; 11.00 Uhr<br \/>\nInfo: Jens J\u00fcttner, Tel. 0172 7541931<\/p>\n<p>Vogelb\u00f6rse und Kleintiermarkt in<br \/>\nim Vereinshaus der Ziergefl\u00fcgel- u. Exotenz\u00fcchter<br \/>\n01619 Zeithain, Feldstra\u00dfe 1<br \/>\nam 31.05.2026 von 7.00 &#8211; 10.00 Uhr<br \/>\nInfo: 0171 3602965 (Zfrd. Dietze)<\/p>\n<hr \/>\n<p><iframe loading=\"lazy\" style=\"border-width: 0;\" src=\"https:\/\/calendar.google.com\/calendar\/embed?mode=AGENDA&amp;height=600&amp;wkst=2&amp;bgcolor=%23FFFFFF&amp;src=aoaheqtsn9alpampn3lvu1lkpo%40group.calendar.google.com&amp;color=%23333333&amp;ctz=Europe%2FBerlin\" width=\"800\" height=\"600\" frameborder=\"0\" scrolling=\"no\"><\/iframe><br \/>\n<a name=\"vorschlag\"><\/a><br \/>\nHier k\u00f6nnen Termine f\u00fcr Vogelb\u00f6rsen, Ausstellungen, Stammtische usw. eingetragen werden.<br \/>\n<strong>Termine ohne genaue Angabe der Anfangs- und Endzeiten werden nicht ver\u00f6ffentlicht!<\/strong><\/p>\n<noscript class=\"ninja-forms-noscript-message\">\n\tHinweis: F\u00fcr diesen Inhalt ist JavaScript erforderlich.<\/noscript>\n<div id=\"nf-form-8-cont\" class=\"nf-form-cont\" aria-live=\"polite\" aria-labelledby=\"nf-form-title-8\" aria-describedby=\"nf-form-errors-8\" role=\"form\">\n\n    <div class=\"nf-loading-spinner\"><\/div>\n\n<\/div>\n        <!-- That data is being printed as a workaround to page builders reordering the order of the scripts loaded-->\n        <script>var formDisplay=1;var nfForms=nfForms||[];var form=[];form.id='8';form.settings={\"objectType\":\"Form Setting\",\"editActive\":true,\"title\":\"Terminvorschlag VZE - Kalender\",\"created_at\":\"2017-12-27 21:08:47\",\"default_label_pos\":\"above\",\"conditions\":[],\"show_title\":\"1\",\"clear_complete\":\"1\",\"hide_complete\":\"1\",\"wrapper_class\":\"\",\"element_class\":\"\",\"add_submit\":\"1\",\"logged_in\":\"\",\"not_logged_in_msg\":\"\",\"sub_limit_number\":\"\",\"sub_limit_msg\":\"\",\"calculations\":[],\"formContentData\":[\"tag_der_veranstaltung_1514405600793\",\"uhrzeit_von_bis_1517869206671\",\"name_der_veranstaltung_1514405702079\",\"beschreibung_der_veranstaltung_1514405639311\",\"name_1514456630846\",\"vze-mitgliedsnummer_1514409636723\",\"e-mail-adresse_fuer_rueckfragen_1514407781759\",\"phone_1513457837965\",\"recaptcha_1513458675183\",\"senden_1513458279249\"],\"container_styles_background-color\":\"\",\"container_styles_border\":\"\",\"container_styles_border-style\":\"\",\"container_styles_border-color\":\"\",\"container_styles_color\":\"\",\"container_styles_height\":\"\",\"container_styles_width\":\"\",\"container_styles_font-size\":\"\",\"container_styles_margin\":\"\",\"container_styles_padding\":\"\",\"container_styles_display\":\"\",\"container_styles_float\":\"\",\"container_styles_show_advanced_css\":\"0\",\"container_styles_advanced\":\"\",\"title_styles_background-color\":\"\",\"title_styles_border\":\"\",\"title_styles_border-style\":\"\",\"title_styles_border-color\":\"\",\"title_styles_color\":\"\",\"title_styles_height\":\"\",\"title_styles_width\":\"\",\"title_styles_font-size\":\"\",\"title_styles_margin\":\"\",\"title_styles_padding\":\"\",\"title_styles_display\":\"\",\"title_styles_float\":\"\",\"title_styles_show_advanced_css\":\"0\",\"title_styles_advanced\":\"\",\"row_styles_background-color\":\"\",\"row_styles_border\":\"\",\"row_styles_border-style\":\"\",\"row_styles_border-color\":\"\",\"row_styles_color\":\"\",\"row_styles_height\":\"\",\"row_styles_width\":\"\",\"row_styles_font-size\":\"\",\"row_styles_margin\":\"\",\"row_styles_padding\":\"\",\"row_styles_display\":\"\",\"row_styles_show_advanced_css\":\"0\",\"row_styles_advanced\":\"\",\"row-odd_styles_background-color\":\"\",\"row-odd_styles_border\":\"\",\"row-odd_styles_border-style\":\"\",\"row-odd_styles_border-color\":\"\",\"row-odd_styles_color\":\"\",\"row-odd_styles_height\":\"\",\"row-odd_styles_width\":\"\",\"row-odd_styles_font-size\":\"\",\"row-odd_styles_margin\":\"\",\"row-odd_styles_padding\":\"\",\"row-odd_styles_display\":\"\",\"row-odd_styles_show_advanced_css\":\"0\",\"row-odd_styles_advanced\":\"\",\"success-msg_styles_background-color\":\"\",\"success-msg_styles_border\":\"\",\"success-msg_styles_border-style\":\"\",\"success-msg_styles_border-color\":\"\",\"success-msg_styles_color\":\"\",\"success-msg_styles_height\":\"\",\"success-msg_styles_width\":\"\",\"success-msg_styles_font-size\":\"\",\"success-msg_styles_margin\":\"\",\"success-msg_styles_padding\":\"\",\"success-msg_styles_display\":\"\",\"success-msg_styles_show_advanced_css\":\"0\",\"success-msg_styles_advanced\":\"\",\"error_msg_styles_background-color\":\"\",\"error_msg_styles_border\":\"\",\"error_msg_styles_border-style\":\"\",\"error_msg_styles_border-color\":\"\",\"error_msg_styles_color\":\"\",\"error_msg_styles_height\":\"\",\"error_msg_styles_width\":\"\",\"error_msg_styles_font-size\":\"\",\"error_msg_styles_margin\":\"\",\"error_msg_styles_padding\":\"\",\"error_msg_styles_display\":\"\",\"error_msg_styles_show_advanced_css\":\"0\",\"error_msg_styles_advanced\":\"\",\"changeEmailErrorMsg\":\"Bitte gib eine g\\u00fcltige E-Mail-Adresse ein.\",\"confirmFieldErrorMsg\":\"Diese Felder m\\u00fcssen \\u00fcbereinstimmen!\",\"fieldNumberNumMinError\":\"Die eingegebene Zahl ist zu klein.\",\"fieldNumberNumMaxError\":\"Die eingegebene Zahl ist zu gross.\",\"fieldNumberIncrementBy\":\"Bitte erh\\u00f6hen in Schritten von\",\"formErrorsCorrectErrors\":\"Bitte korrigiere die Fehler, bevor du das Formular sendest.\",\"validateRequiredField\":\"Dies ist ein Pflichtfeld.\",\"honeypotHoneypotError\":\"Honeypot-Fehler\",\"fieldsMarkedRequired\":\"Felder mit einem <span class=\\\"ninja-forms-req-symbol\\\">*<\\\/span> sind Pflichtfelder\",\"currency\":\"\",\"unique_field_error\":\"Ein Formular mit diesem Wert wurde bereits gesendet.\",\"drawerDisabled\":false,\"key\":\"\",\"allow_public_link\":0,\"embed_form\":\"\",\"ninjaForms\":\"Ninja Forms\",\"changeDateErrorMsg\":\"Bitte gib ein g\\u00fcltiges Datum ein!\",\"fieldTextareaRTEInsertLink\":\"Link einf\\u00fcgen\",\"fieldTextareaRTEInsertMedia\":\"Medien einf\\u00fcgen\",\"fieldTextareaRTESelectAFile\":\"Eine Datei ausw\\u00e4hlen\",\"tableInsertRowAbove\":\"Insert Row Above\",\"tableInsertRowBelow\":\"Insert Row Below\",\"tableInsertColumnLeft\":\"Insert Column Left\",\"tableInsertColumnRight\":\"Insert Column Right\",\"tableDeleteRow\":\"Delete Row\",\"tableDeleteColumn\":\"Delete Column\",\"tableDeleteTable\":\"Delete Table\",\"tableLegacyNotice\":\"This content has tables in the old editor format. Custom styles are preserved until converted. Editing will update to the new format.\",\"tableLegacyConvert\":\"Convert Now\",\"tableInsertTable\":\"Insert Table\",\"dismiss\":\"Verwerfen\",\"insertLink\":\"Link einf\\u00fcgen\",\"formHoneypot\":\"Falls du ein Mensch bist und dieses Feld siehst, dann lasse es bitte leer.\",\"fileUploadOldCodeFileUploadInProgress\":\"Datei-Upload l\\u00e4uft.\",\"fileUploadOldCodeFileUpload\":\"DATEI-UPLOAD\",\"currencySymbol\":\"&euro;\",\"thousands_sep\":\".\",\"decimal_point\":\",\",\"siteLocale\":\"de_DE\",\"dateFormat\":\"d\\\/m\\\/Y\",\"startOfWeek\":\"1\",\"of\":\"von\",\"previousMonth\":\"Vorheriger Monat\",\"nextMonth\":\"N\\u00e4chster Monat\",\"months\":[\"Januar\",\"Februar\",\"M\\u00e4rz\",\"April\",\"Mai\",\"Juni\",\"Juli\",\"August\",\"September\",\"Oktober\",\"November\",\"Dezember\"],\"monthsShort\":[\"Jan.\",\"Feb.\",\"M\\u00e4rz\",\"Apr.\",\"Mai\",\"Juni\",\"Juli\",\"Aug\",\"Sep.\",\"Okt.\",\"Nov.\",\"Dez.\"],\"weekdays\":[\"Sonntag\",\"Montag\",\"Dienstag\",\"Mittwoch\",\"Donnerstag\",\"Freitag\",\"Samstag\"],\"weekdaysShort\":[\"So.\",\"Mo.\",\"Di.\",\"Mi.\",\"Do.\",\"Fr.\",\"Sa.\"],\"weekdaysMin\":[\"So.\",\"Mo.\",\"Di.\",\"Mi.\",\"Do.\",\"Fr.\",\"Sa.\"],\"recaptchaConsentMissing\":\"reCaptcha validation couldn&#039;t load.\",\"recaptchaMissingCookie\":\"reCaptcha v3 validation couldn&#039;t load the cookie needed to submit the form.\",\"recaptchaConsentEvent\":\"Accept reCaptcha cookies before sending the form.\",\"currency_symbol\":\"\",\"beforeForm\":\"\",\"beforeFields\":\"\",\"afterFields\":\"\",\"afterForm\":\"\"};form.fields=[{\"objectType\":\"Field\",\"objectDomain\":\"fields\",\"editActive\":false,\"order\":1,\"label\":\"Tag der Veranstaltung\",\"type\":\"date\",\"key\":\"tag_der_veranstaltung_1514405600793\",\"label_pos\":\"above\",\"required\":1,\"placeholder\":\"\",\"container_class\":\"\",\"element_class\":\"\",\"manual_key\":false,\"admin_label\":\"\",\"help_text\":\"<p>Hier nur das Datum eingeben, \\u00d6ffnungszeiten usw. bitte in der Beschreibung eintragen.<\\\/p>\",\"date_format\":\"DD.MM.YYYY\",\"year_range_start\":\"\",\"year_range_end\":\"\",\"drawerDisabled\":false,\"hours_options\":\"<option value=\\\"00\\\" >00<\\\/option><option value=\\\"01\\\" >01<\\\/option><option value=\\\"02\\\" >02<\\\/option><option value=\\\"03\\\" >03<\\\/option><option value=\\\"04\\\" >04<\\\/option><option value=\\\"05\\\" >05<\\\/option><option value=\\\"06\\\" >06<\\\/option><option value=\\\"07\\\" >07<\\\/option><option value=\\\"08\\\" >08<\\\/option><option value=\\\"09\\\" >09<\\\/option><option value=\\\"10\\\" >10<\\\/option><option value=\\\"11\\\" >11<\\\/option><option value=\\\"12\\\" >12<\\\/option><option value=\\\"13\\\" >13<\\\/option><option value=\\\"14\\\" >14<\\\/option><option value=\\\"15\\\" >15<\\\/option><option value=\\\"16\\\" >16<\\\/option><option value=\\\"17\\\" >17<\\\/option><option value=\\\"18\\\" >18<\\\/option><option value=\\\"19\\\" >19<\\\/option><option value=\\\"20\\\" >20<\\\/option><option value=\\\"21\\\" >21<\\\/option><option value=\\\"22\\\" >22<\\\/option><option value=\\\"23\\\" >23<\\\/option>\",\"minutes_options\":\"<option value=\\\"00\\\" >00<\\\/option><option value=\\\"01\\\" >01<\\\/option><option value=\\\"02\\\" >02<\\\/option><option value=\\\"03\\\" >03<\\\/option><option value=\\\"04\\\" >04<\\\/option><option value=\\\"05\\\" >05<\\\/option><option value=\\\"06\\\" >06<\\\/option><option value=\\\"07\\\" >07<\\\/option><option value=\\\"08\\\" >08<\\\/option><option value=\\\"09\\\" >09<\\\/option><option value=\\\"10\\\" >10<\\\/option><option value=\\\"11\\\" >11<\\\/option><option value=\\\"12\\\" >12<\\\/option><option value=\\\"13\\\" >13<\\\/option><option value=\\\"14\\\" >14<\\\/option><option value=\\\"15\\\" >15<\\\/option><option value=\\\"16\\\" >16<\\\/option><option value=\\\"17\\\" >17<\\\/option><option value=\\\"18\\\" >18<\\\/option><option value=\\\"19\\\" >19<\\\/option><option value=\\\"20\\\" >20<\\\/option><option value=\\\"21\\\" >21<\\\/option><option value=\\\"22\\\" >22<\\\/option><option value=\\\"23\\\" >23<\\\/option><option value=\\\"24\\\" >24<\\\/option><option value=\\\"25\\\" >25<\\\/option><option value=\\\"26\\\" >26<\\\/option><option value=\\\"27\\\" >27<\\\/option><option value=\\\"28\\\" >28<\\\/option><option value=\\\"29\\\" >29<\\\/option><option value=\\\"30\\\" >30<\\\/option><option value=\\\"31\\\" >31<\\\/option><option value=\\\"32\\\" >32<\\\/option><option value=\\\"33\\\" >33<\\\/option><option value=\\\"34\\\" >34<\\\/option><option value=\\\"35\\\" >35<\\\/option><option value=\\\"36\\\" >36<\\\/option><option value=\\\"37\\\" >37<\\\/option><option value=\\\"38\\\" >38<\\\/option><option value=\\\"39\\\" >39<\\\/option><option value=\\\"40\\\" >40<\\\/option><option value=\\\"41\\\" >41<\\\/option><option value=\\\"42\\\" >42<\\\/option><option value=\\\"43\\\" >43<\\\/option><option value=\\\"44\\\" >44<\\\/option><option value=\\\"45\\\" >45<\\\/option><option value=\\\"46\\\" >46<\\\/option><option value=\\\"47\\\" >47<\\\/option><option value=\\\"48\\\" >48<\\\/option><option value=\\\"49\\\" >49<\\\/option><option value=\\\"50\\\" >50<\\\/option><option value=\\\"51\\\" >51<\\\/option><option value=\\\"52\\\" >52<\\\/option><option value=\\\"53\\\" >53<\\\/option><option value=\\\"54\\\" >54<\\\/option><option value=\\\"55\\\" >55<\\\/option><option value=\\\"56\\\" >56<\\\/option><option value=\\\"57\\\" >57<\\\/option><option value=\\\"58\\\" >58<\\\/option><option value=\\\"59\\\" >59<\\\/option>\",\"id\":66,\"beforeField\":\"\",\"afterField\":\"\",\"value\":\"\",\"parentType\":\"date\",\"element_templates\":[\"date\",\"textbox\",\"input\"],\"old_classname\":\"\",\"wrap_template\":\"wrap\"},{\"objectType\":\"Field\",\"objectDomain\":\"fields\",\"editActive\":false,\"order\":2,\"label\":\"Uhrzeit von \\\/ bis\",\"type\":\"textbox\",\"key\":\"uhrzeit_von_bis_1517869206671\",\"label_pos\":\"above\",\"required\":1,\"default\":\"\",\"placeholder\":\"\",\"container_class\":\"\",\"element_class\":\"\",\"input_limit\":30,\"input_limit_type\":\"characters\",\"input_limit_msg\":\"Zeichen \\u00fcbrig\",\"manual_key\":false,\"admin_label\":\"\",\"help_text\":\"\",\"mask\":\"\",\"custom_mask\":\"\",\"drawerDisabled\":false,\"custom_name_attribute\":\"\",\"personally_identifiable\":\"\",\"value\":\"\",\"id\":74,\"beforeField\":\"\",\"afterField\":\"\",\"parentType\":\"textbox\",\"element_templates\":[\"textbox\",\"input\"],\"old_classname\":\"\",\"wrap_template\":\"wrap\"},{\"objectType\":\"Field\",\"objectDomain\":\"fields\",\"editActive\":false,\"order\":3,\"label\":\"Name der Veranstaltung\",\"type\":\"textbox\",\"key\":\"name_der_veranstaltung_1514405702079\",\"label_pos\":\"above\",\"required\":1,\"default\":\"\",\"placeholder\":\"\",\"container_class\":\"\",\"element_class\":\"\",\"input_limit\":50,\"input_limit_type\":\"characters\",\"input_limit_msg\":\"Zeichen \\u00fcbrig\",\"manual_key\":false,\"admin_label\":\"\",\"help_text\":\"<p>Bitte kurze Bezeichnung der Veranstaltung eingeben.<\\\/p>\",\"mask\":\"\",\"custom_mask\":\"\",\"drawerDisabled\":false,\"custom_name_attribute\":\"\",\"personally_identifiable\":\"\",\"value\":\"\",\"id\":67,\"beforeField\":\"\",\"afterField\":\"\",\"parentType\":\"textbox\",\"element_templates\":[\"textbox\",\"input\"],\"old_classname\":\"\",\"wrap_template\":\"wrap\"},{\"objectType\":\"Field\",\"objectDomain\":\"fields\",\"editActive\":false,\"order\":4,\"label_pos\":\"above\",\"required\":1,\"placeholder\":\"\",\"default\":\"\",\"wrapper_class\":\"\",\"element_class\":\"\",\"container_class\":\"\",\"input_limit\":450,\"input_limit_type\":\"characters\",\"input_limit_msg\":\"Zeichen \\u00fcbrig\",\"manual_key\":\"\",\"disable_input\":\"\",\"admin_label\":\"\",\"help_text\":\"<p>Hier bitte eine genaue Beschreibung der Veranstaltung, Zeiten usw. eingeben.<\\\/p>\",\"desc_text\":\"\",\"disable_browser_autocomplete\":\"\",\"textarea_rte\":\"\",\"disable_rte_mobile\":\"\",\"textarea_media\":\"\",\"wrap_styles_background-color\":\"\",\"wrap_styles_border\":\"\",\"wrap_styles_border-style\":\"\",\"wrap_styles_border-color\":\"\",\"wrap_styles_color\":\"\",\"wrap_styles_height\":\"\",\"wrap_styles_width\":\"\",\"wrap_styles_font-size\":\"\",\"wrap_styles_margin\":\"\",\"wrap_styles_padding\":\"\",\"wrap_styles_display\":\"\",\"wrap_styles_float\":\"\",\"wrap_styles_show_advanced_css\":0,\"wrap_styles_advanced\":\"\",\"label_styles_background-color\":\"\",\"label_styles_border\":\"\",\"label_styles_border-style\":\"\",\"label_styles_border-color\":\"\",\"label_styles_color\":\"\",\"label_styles_height\":\"\",\"label_styles_width\":\"\",\"label_styles_font-size\":\"\",\"label_styles_margin\":\"\",\"label_styles_padding\":\"\",\"label_styles_display\":\"\",\"label_styles_float\":\"\",\"label_styles_show_advanced_css\":0,\"label_styles_advanced\":\"\",\"element_styles_background-color\":\"\",\"element_styles_border\":\"\",\"element_styles_border-style\":\"\",\"element_styles_border-color\":\"\",\"element_styles_color\":\"\",\"element_styles_height\":\"\",\"element_styles_width\":\"\",\"element_styles_font-size\":\"\",\"element_styles_margin\":\"\",\"element_styles_padding\":\"\",\"element_styles_display\":\"\",\"element_styles_float\":\"\",\"element_styles_show_advanced_css\":0,\"element_styles_advanced\":\"\",\"cellcid\":\"c3284\",\"label\":\"Beschreibung der Veranstaltung\",\"key\":\"beschreibung_der_veranstaltung_1514405639311\",\"type\":\"textarea\",\"created_at\":\"2017-12-16 20:55:14\",\"drawerDisabled\":false,\"value\":\"\",\"id\":61,\"beforeField\":\"\",\"afterField\":\"\",\"parentType\":\"textarea\",\"element_templates\":[\"textarea\",\"input\"],\"old_classname\":\"\",\"wrap_template\":\"wrap\"},{\"objectType\":\"Field\",\"objectDomain\":\"fields\",\"editActive\":false,\"order\":5,\"label\":\"Name\",\"type\":\"textbox\",\"key\":\"name_1514456630846\",\"label_pos\":\"above\",\"required\":1,\"default\":\"\",\"placeholder\":\"\",\"container_class\":\"\",\"element_class\":\"\",\"input_limit\":\"\",\"input_limit_type\":\"characters\",\"input_limit_msg\":\"Zeichen \\u00fcbrig\",\"manual_key\":false,\"admin_label\":\"\",\"help_text\":\"\",\"mask\":\"\",\"custom_mask\":\"\",\"drawerDisabled\":false,\"custom_name_attribute\":\"\",\"personally_identifiable\":\"\",\"value\":\"\",\"id\":73,\"beforeField\":\"\",\"afterField\":\"\",\"parentType\":\"textbox\",\"element_templates\":[\"textbox\",\"input\"],\"old_classname\":\"\",\"wrap_template\":\"wrap\"},{\"objectType\":\"Field\",\"objectDomain\":\"fields\",\"editActive\":false,\"order\":6,\"label\":\"VZE-Mitgliedsnummer\",\"type\":\"textbox\",\"key\":\"vze-mitgliedsnummer_1514409636723\",\"label_pos\":\"above\",\"required\":1,\"default\":\"\",\"placeholder\":\"\",\"container_class\":\"\",\"element_class\":\"\",\"input_limit\":\"\",\"input_limit_type\":\"characters\",\"input_limit_msg\":\"Zeichen \\u00fcbrig\",\"manual_key\":false,\"admin_label\":\"\",\"help_text\":\"\",\"mask\":\"\",\"custom_mask\":\"\",\"drawerDisabled\":false,\"custom_name_attribute\":\"\",\"personally_identifiable\":\"\",\"value\":\"\",\"id\":68,\"beforeField\":\"\",\"afterField\":\"\",\"parentType\":\"textbox\",\"element_templates\":[\"textbox\",\"input\"],\"old_classname\":\"\",\"wrap_template\":\"wrap\"},{\"objectType\":\"Field\",\"objectDomain\":\"fields\",\"editActive\":false,\"order\":7,\"label_pos\":\"above\",\"required\":1,\"placeholder\":\"\",\"default\":\"\",\"wrapper_class\":\"\",\"element_class\":\"\",\"container_class\":\"\",\"admin_label\":\"\",\"help_text\":\"\",\"desc_text\":\"\",\"wrap_styles_background-color\":\"\",\"wrap_styles_border\":\"\",\"wrap_styles_border-style\":\"\",\"wrap_styles_border-color\":\"\",\"wrap_styles_color\":\"\",\"wrap_styles_height\":\"\",\"wrap_styles_width\":\"\",\"wrap_styles_font-size\":\"\",\"wrap_styles_margin\":\"\",\"wrap_styles_padding\":\"\",\"wrap_styles_display\":\"\",\"wrap_styles_float\":\"\",\"wrap_styles_show_advanced_css\":0,\"wrap_styles_advanced\":\"\",\"label_styles_background-color\":\"\",\"label_styles_border\":\"\",\"label_styles_border-style\":\"\",\"label_styles_border-color\":\"\",\"label_styles_color\":\"\",\"label_styles_height\":\"\",\"label_styles_width\":\"\",\"label_styles_font-size\":\"\",\"label_styles_margin\":\"\",\"label_styles_padding\":\"\",\"label_styles_display\":\"\",\"label_styles_float\":\"\",\"label_styles_show_advanced_css\":0,\"label_styles_advanced\":\"\",\"element_styles_background-color\":\"\",\"element_styles_border\":\"\",\"element_styles_border-style\":\"\",\"element_styles_border-color\":\"\",\"element_styles_color\":\"\",\"element_styles_height\":\"\",\"element_styles_width\":\"\",\"element_styles_font-size\":\"\",\"element_styles_margin\":\"\",\"element_styles_padding\":\"\",\"element_styles_display\":\"\",\"element_styles_float\":\"\",\"element_styles_show_advanced_css\":0,\"element_styles_advanced\":\"\",\"cellcid\":\"c3281\",\"label\":\"E-Mail-Adresse f\\u00fcr R\\u00fcckfragen\",\"key\":\"e-mail-adresse_fuer_rueckfragen_1514407781759\",\"type\":\"email\",\"created_at\":\"2017-12-16 20:55:14\",\"drawerDisabled\":false,\"custom_name_attribute\":\"email\",\"personally_identifiable\":1,\"value\":\"\",\"id\":60,\"beforeField\":\"\",\"afterField\":\"\",\"parentType\":\"email\",\"element_templates\":[\"email\",\"input\"],\"old_classname\":\"\",\"wrap_template\":\"wrap\"},{\"objectType\":\"Field\",\"objectDomain\":\"fields\",\"editActive\":false,\"order\":8,\"type\":\"phone\",\"label\":\"\\ufeffTelefon\",\"key\":\"phone_1513457837965\",\"label_pos\":\"above\",\"required\":\"\",\"default\":\"\",\"placeholder\":\"\",\"container_class\":\"\",\"element_class\":\"\",\"input_limit\":\"\",\"input_limit_type\":\"characters\",\"input_limit_msg\":\"Zeichen \\u00fcbrig\",\"manual_key\":\"\",\"admin_label\":\"\",\"help_text\":\"\",\"mask\":\"\",\"custom_mask\":\"\",\"drawerDisabled\":false,\"custom_name_attribute\":\"phone\",\"personally_identifiable\":1,\"value\":\"\",\"id\":64,\"beforeField\":\"\",\"afterField\":\"\",\"parentType\":\"textbox\",\"element_templates\":[\"tel\",\"textbox\",\"input\"],\"old_classname\":\"\",\"wrap_template\":\"wrap\"},{\"objectType\":\"Field\",\"objectDomain\":\"fields\",\"editActive\":false,\"order\":9,\"type\":\"recaptcha\",\"label\":\"Recaptcha\",\"container_class\":\"\",\"element_class\":\"\",\"size\":\"visible\",\"key\":\"recaptcha_1513458675183\",\"drawerDisabled\":\"\",\"id\":65,\"beforeField\":\"\",\"afterField\":\"\",\"value\":\"\",\"label_pos\":\"above\",\"parentType\":\"textbox\",\"element_templates\":[\"recaptcha\",\"input\"],\"old_classname\":\"\",\"wrap_template\":\"wrap\",\"site_key\":\"6LcFKz0UAAAAAJQwol5gXOx5qkV5vvQ9vCzFnr-q\",\"theme\":\"light\",\"lang\":\"de\"},{\"objectType\":\"Field\",\"objectDomain\":\"fields\",\"editActive\":false,\"order\":10,\"processing_label\":\"wird gesendet\",\"container_class\":\"\",\"element_class\":\"\",\"wrap_styles_background-color\":\"\",\"wrap_styles_border\":\"\",\"wrap_styles_border-style\":\"\",\"wrap_styles_border-color\":\"\",\"wrap_styles_color\":\"\",\"wrap_styles_height\":\"\",\"wrap_styles_width\":\"\",\"wrap_styles_font-size\":\"\",\"wrap_styles_margin\":\"\",\"wrap_styles_padding\":\"\",\"wrap_styles_display\":\"\",\"wrap_styles_float\":\"\",\"wrap_styles_show_advanced_css\":0,\"wrap_styles_advanced\":\"\",\"label_styles_background-color\":\"\",\"label_styles_border\":\"\",\"label_styles_border-style\":\"\",\"label_styles_border-color\":\"\",\"label_styles_color\":\"\",\"label_styles_height\":\"\",\"label_styles_width\":\"\",\"label_styles_font-size\":\"\",\"label_styles_margin\":\"\",\"label_styles_padding\":\"\",\"label_styles_display\":\"\",\"label_styles_float\":\"\",\"label_styles_show_advanced_css\":0,\"label_styles_advanced\":\"\",\"element_styles_background-color\":\"\",\"element_styles_border\":\"\",\"element_styles_border-style\":\"\",\"element_styles_border-color\":\"\",\"element_styles_color\":\"\",\"element_styles_height\":\"\",\"element_styles_width\":\"\",\"element_styles_font-size\":\"\",\"element_styles_margin\":\"\",\"element_styles_padding\":\"\",\"element_styles_display\":\"\",\"element_styles_float\":\"\",\"element_styles_show_advanced_css\":0,\"element_styles_advanced\":\"\",\"submit_element_hover_styles_background-color\":\"\",\"submit_element_hover_styles_border\":\"\",\"submit_element_hover_styles_border-style\":\"\",\"submit_element_hover_styles_border-color\":\"\",\"submit_element_hover_styles_color\":\"\",\"submit_element_hover_styles_height\":\"\",\"submit_element_hover_styles_width\":\"\",\"submit_element_hover_styles_font-size\":\"\",\"submit_element_hover_styles_margin\":\"\",\"submit_element_hover_styles_padding\":\"\",\"submit_element_hover_styles_display\":\"\",\"submit_element_hover_styles_float\":\"\",\"submit_element_hover_styles_show_advanced_css\":0,\"submit_element_hover_styles_advanced\":\"\",\"cellcid\":\"c3287\",\"label\":\"Senden\",\"key\":\"senden_1513458279249\",\"type\":\"submit\",\"created_at\":\"2017-12-16 20:55:14\",\"drawerDisabled\":\"\",\"id\":62,\"beforeField\":\"\",\"afterField\":\"\",\"value\":\"\",\"label_pos\":\"above\",\"parentType\":\"textbox\",\"element_templates\":[\"submit\",\"button\",\"input\"],\"old_classname\":\"\",\"wrap_template\":\"wrap-no-label\"}];nfForms.push(form);<\/script>\n        \n<p><img loading=\"lazy\" decoding=\"async\" class=\"alignnone size-full wp-image-1691\" src=\"https:\/\/vze-vogelzucht.de\/wp-content\/uploads\/2017\/12\/STRATO-SSL_GESICHERT.png\" alt=\"\" width=\"115\" height=\"55\" \/><\/p>\n<p><a href=\"https:\/\/vze-vogelzucht.de\/?page_id=2616\" target=\"_blank\" rel=\"noopener noreferrer\">Datenschutzerkl\u00e4rung<\/a><\/p>\n","protected":false},"excerpt":{"rendered":"<p>Einen neuen Termin vorschlagen. Alle Termine und Angaben sind ohne Gew\u00e4hr! Vogelb\u00f6rsen Mai 2026 F\u00fcrstenwalder Vogel- und Kleintierb\u00f6rse in 15517 F\u00fcrstenwalde\/Spree, am Bahndamm 5 am 10.05.2026 von 8.00 &#8211; 11.00 Uhr Info: Hartmut Grabowski Tel. 0171-6446710 Vogelb\u00f6rse des Vereins Muldentalkreis In 04668 Gro\u00dfbardau, Tierfuttermarkt, Parthenstr. 29 am 23.05.2026 von 9.00\u2026<\/p>\n<p class=\"continue-reading-button\"> <a class=\"continue-reading-link\" href=\"https:\/\/vze-vogelzucht.de\/?page_id=34\">wei\u00adter\u00adle\u00adsen<i class=\"crycon-right-dir\"><\/i><\/a><\/p>\n","protected":false},"author":2,"featured_media":0,"parent":0,"menu_order":10,"comment_status":"closed","ping_status":"closed","template":"","meta":{"footnotes":""},"class_list":["post-34","page","type-page","status-publish","hentry"],"jetpack-related-posts":[],"jetpack_sharing_enabled":true,"_links":{"self":[{"href":"https:\/\/vze-vogelzucht.de\/index.php?rest_route=\/wp\/v2\/pages\/34","targetHints":{"allow":["GET"]}}],"collection":[{"href":"https:\/\/vze-vogelzucht.de\/index.php?rest_route=\/wp\/v2\/pages"}],"about":[{"href":"https:\/\/vze-vogelzucht.de\/index.php?rest_route=\/wp\/v2\/types\/page"}],"author":[{"embeddable":true,"href":"https:\/\/vze-vogelzucht.de\/index.php?rest_route=\/wp\/v2\/users\/2"}],"replies":[{"embeddable":true,"href":"https:\/\/vze-vogelzucht.de\/index.php?rest_route=%2Fwp%2Fv2%2Fcomments&post=34"}],"version-history":[{"count":119,"href":"https:\/\/vze-vogelzucht.de\/index.php?rest_route=\/wp\/v2\/pages\/34\/revisions"}],"predecessor-version":[{"id":8279,"href":"https:\/\/vze-vogelzucht.de\/index.php?rest_route=\/wp\/v2\/pages\/34\/revisions\/8279"}],"wp:attachment":[{"href":"https:\/\/vze-vogelzucht.de\/index.php?rest_route=%2Fwp%2Fv2%2Fmedia&parent=34"}],"curies":[{"name":"wp","href":"https:\/\/api.w.org\/{rel}","templated":true}]}}