{"id":29,"date":"2017-12-12T17:00:38","date_gmt":"2017-12-12T17:00:38","guid":{"rendered":"http:\/\/vze-vogelzucht.de\/?page_id=29"},"modified":"2024-07-01T00:35:29","modified_gmt":"2024-06-30T22:35:29","slug":"impressum","status":"publish","type":"page","link":"https:\/\/vze-vogelzucht.de\/?page_id=29","title":{"rendered":"Impressum"},"content":{"rendered":"<p>Vereinigung f\u00fcr Zucht und Erhaltung einheimischer und fremdl\u00e4ndischer V\u00f6gel e.V. (VZE)<\/p>\n<p>Registerzeichen: VR 160009 in Erfurt<\/p>\n<p><strong>Postanschrift:<\/strong><\/p>\n<p>VZE e.V.<br \/>\nz.H. Dr. Niels Mensing<br \/>\nAkazienstr. 4<br \/>\n39126 Magdeburg<\/p>\n<p><strong>Gesch\u00e4ftsf\u00fchrung:<\/strong><\/p>\n<p>Pr\u00e4sident:<br \/>\nDr. Niels Mensing, Akazienstr. 4, 39126 Magdeburg<\/p>\n<p>Tel.: 0391 50959778 Fax: \u00a00391 50959711 E-Mail: <a href=\"mailto:niels.mensing@t-online.de\" target=\"_blank\" rel=\"noopener\">niels.mensing@t-online.de<\/a><\/p>\n<p><strong>VZE-Gesch\u00e4ftsstelle:<\/strong><\/p>\n<p>Martina Andreas, Karl-Marx-Str. 5, 99869 Nessetal<\/p>\n<p>Sprechzeiten: Mo: 9:00 -12:00 Uhr ; 16:00 -18:00 Uhr, Mi: 9:00 -12:00 Uhr, Fr: 9:00 -12:00 Uhr ; 16:00 &#8211; 18:00 Uhr<\/p>\n<p>Telefon: 03621 2261444<br \/>\nE-Mail: <a href=\"mailto:vze-geschaeftsstelle@t-online.de\" target=\"_blank\" rel=\"noopener\">vze-geschaeftsstelle@t-online.de<\/a><\/p>\n<p><strong>Bankverbindung:<\/strong><\/p>\n<p>Deutsche Bank 24 Leipzig<br \/>\nKonto-Nr. 321 482 200,<br \/>\nBLZ 860 700 24,<br \/>\nIBAN: DE50 8607 0024 0321 4822 00<br \/>\nBIC: DEUTDEDBLEG<\/p>\n<p><strong>Internet:<\/strong><\/p>\n<p>vze-vogelzucht.de<\/p>\n<p>vze-vogelwelt.de<\/p>\n<p>vogelwelt-vze.de<\/p>\n<hr \/>\n<p><strong>Copyright:<\/strong><br \/>\nAlle Inhalte (Texte, Grafiken, Bilder usw.) sind urheberrlich gesch\u00fctzt und d\u00fcrfen ohne ausdr\u00fcckliche und schriftliche Einwilligung der Urhebers weder privat noch kommerziell genutzt werden.<\/p>\n<hr \/>\n<p><strong>Haftungsausschluss<\/strong><br \/>\nInhalte der Internetpr\u00e4senz<\/p>\n<p>Die Verantwortlichen der Vereinigung f\u00fcr Zucht und Erhaltung einheimischer und fremdl\u00e4ndischer V\u00f6gel e. V., nachfolgend \u201eVZE\u201c genannt, sind um Richtigkeit und Aktualit\u00e4t der auf dieser Internetpr\u00e4senz bereitgestellten Informationen bem\u00fcht. Trotzdem k\u00f6nnen Fehler und Unklarheiten nicht vollst\u00e4ndig ausgeschlossen werden. Die Verantwortlichen der VZE \u00fcbernehmen deshalb keine Gew\u00e4hr f\u00fcr die Aktualit\u00e4t, Richtigkeit, Vollst\u00e4ndigkeit oder Qualit\u00e4t der bereitgestellten Informationen.<\/p>\n<p>F\u00fcr Sch\u00e4den materieller oder immaterieller Art, die durch die Nutzung oder Nichtnutzung der dargebotenen Informationen bzw. durch die Nutzung fehlerhafter und unvollst\u00e4ndiger Informationen unmittelbar oder mittelbar verursacht werden, haften die Verantwortlichen der VZE nicht, sofern ihm nicht nachweislich vors\u00e4tzliches oder grob fahrl\u00e4ssiges Verschulden zur Last f\u00e4llt. Gleiches gilt f\u00fcr kostenlos zum Download bereitgehaltene Software und Dateien.<\/p>\n<p>Die Verantwortlichen der VZE k\u00f6nnen ohne vorherige Ank\u00fcndigung Teile des Internetangebots oder das gesamte Angebot ver\u00e4ndern, erg\u00e4nzen, l\u00f6schen oder die Ver\u00f6ffentlichung zeitweise oder endg\u00fcltig einstellen.<br \/>\nVerweise und Links<\/p>\n<p>Die Verantwortlichkeit f\u00fcr &#8222;fremde Inhalte&#8220;, die beispielsweise durch direkte oder indirekte Verkn\u00fcpfungen (z.B. sogenannte &#8222;Links&#8220;) zu anderen Anbietern bereitgehalten werden, setzt unter anderem positive und aktuelle Kenntnis des Inhaltes voraus. Die Verantwortlichen der VZE haben keinerlei Einfluss auf die aktuelle und zuk\u00fcnftige Gestaltung und auf die Inhalte der gelinkten\/verkn\u00fcpften Seiten und machen sich diese Inhalte auch nicht zu Eigen. Deshalb distanziert sie sich hiermit ausdr\u00fccklich von allen Inhalten aller gelinkten\/verkn\u00fcpften Seiten, die nach der Linksetzung ver\u00e4ndert wurden. Diese Feststellung gilt f\u00fcr alle innerhalb des eigenen Internetangebotes gesetzten Links und Verweise sowie f\u00fcr Fremdeintr\u00e4ge in von den Verantwortlichen der VZE daf\u00fcr eingerichteten Bereichen.<\/p>\n<p>F\u00fcr illegale, fehlerhafte oder unvollst\u00e4ndige Inhalte und insbesondere f\u00fcr Sch\u00e4den, die aus der Nutzung oder Nichtnutzung solcherart dargebotener Informationen entstehen, haftet allein der Anbieter der Seite, auf welche verwiesen wurde, nicht derjenige, der \u00fcber Links auf die jeweilige Ver\u00f6ffentlichung lediglich verweist. Die Verantwortlichen der VZE haben keine positive Kenntnis \u00fcber rechtswidrige oder anst\u00f6\u00dfige Inhalte auf den verkn\u00fcpften Seiten fremder Anbieter. Sollten auf den verkn\u00fcpften Seiten fremder Anbieter dennoch rechtswidrige oder anst\u00f6\u00dfige Inhalte enthalten sein, so distanzieren sich die Verantwortlichen der VZE von diesen Inhalten ausdr\u00fccklich.<\/p>\n<p>Bei direkten oder indirekten Verweisen auf fremde Internetseiten (&#8222;Links&#8220;), die au\u00dferhalb des Verantwortungsbereiches der Verantwortlichen der VZE liegen, w\u00fcrde eine Haftungsverpflichtung ausschlie\u00dflich in dem Fall in Kraft treten, in dem die Verantwortlichen der VZE von den Inhalten Kenntnis hat und es ihm technisch m\u00f6glich und zumutbar w\u00e4re, die Nutzung im Falle rechtswidriger Inhalte zu verhindern.<br \/>\nUrheber- und Kennzeichenrecht<\/p>\n<p>Die Verantwortlichen der VZE sind bestrebt, in allen Publikationen die Urheberrechte der verwendeten Grafiken und Texte zu beachten, von ihm selbst erstellte Grafiken und Texte zu nutzen oder auf lizenzfreie Grafiken und Texte zur\u00fcckzugreifen. Alle innerhalb des Internetangebotes genannten und ggf. durch Dritte gesch\u00fctzten Marken- und Warenzeichen unterliegen uneingeschr\u00e4nkt den Bestimmungen des jeweils g\u00fcltigen Kennzeichenrechts und den Besitzrechten der jeweiligen eingetragenen Eigent\u00fcmer. Allein aufgrund der blo\u00dfen Nennung ist nicht der Schluss zu ziehen, dass Markenzeichen nicht durch Rechte Dritter gesch\u00fctzt sind!<\/p>\n<p>Das Copyright f\u00fcr ver\u00f6ffentlichte, von den Verantwortlichen der VZE selbst erstellte Objekte bleibt allein bei der VZE. Eine Vervielf\u00e4ltigung oder Verwendung solcher Grafiken und Texte in anderen elektronischen oder gedruckten Publikationen ist ohne ausdr\u00fcckliche Zustimmung der Verantwortlichen der VZE nicht gestattet. Das Layout der Homepage, die verwendeten Grafiken sowie die sonstigen Inhalte sind urheberrechtlich gesch\u00fctzt.<br \/>\nAlle verwendeten Bilder &amp; Texte der Firma Hans Herr GmbH sind schriftlich von dieser genehmigt!<\/p>\n<p>Rechtswirksamkeit dieses Haftungsausschlusses<\/p>\n<p>Dieser Haftungsausschluss ist als Teil des Internetangebotes zu betrachten, von dem aus auf diese Seite verwiesen wurde. Sofern Teile oder einzelne Formulierungen dieses Textes der geltenden Rechtslage nicht, nicht mehr oder nicht vollst\u00e4ndig entsprechen sollten, bleiben die \u00fcbrigen Teile des Dokumentes in ihrem Inhalt und ihrer G\u00fcltigkeit davon unber\u00fchrt.<\/p>\n<p>Weiter Informationen erhalten sie auf der Seite <a href=\"https:\/\/vze-vogelzucht.de\/?page_id=2616\">Datenschutzerkl\u00e4rung<\/a>.<\/p>\n<p>&nbsp;<\/p>\n","protected":false},"excerpt":{"rendered":"<p>Vereinigung f\u00fcr Zucht und Erhaltung einheimischer und fremdl\u00e4ndischer V\u00f6gel e.V. (VZE) Registerzeichen: VR 160009 in Erfurt Postanschrift: VZE e.V. z.H. Dr. Niels Mensing Akazienstr. 4 39126 Magdeburg Gesch\u00e4ftsf\u00fchrung: Pr\u00e4sident: Dr. Niels Mensing, Akazienstr. 4, 39126 Magdeburg Tel.: 0391 50959778 Fax: \u00a00391 50959711 E-Mail: niels.mensing@t-online.de VZE-Gesch\u00e4ftsstelle: Martina Andreas, Karl-Marx-Str. 5, 99869\u2026<\/p>\n<p class=\"continue-reading-button\"> <a class=\"continue-reading-link\" href=\"https:\/\/vze-vogelzucht.de\/?page_id=29\">wei\u00adter\u00adle\u00adsen<i class=\"crycon-right-dir\"><\/i><\/a><\/p>\n","protected":false},"author":2,"featured_media":0,"parent":0,"menu_order":998,"comment_status":"closed","ping_status":"closed","template":"","meta":{"footnotes":""},"class_list":["post-29","page","type-page","status-publish","hentry"],"jetpack-related-posts":[],"jetpack_sharing_enabled":true,"_links":{"self":[{"href":"https:\/\/vze-vogelzucht.de\/index.php?rest_route=\/wp\/v2\/pages\/29","targetHints":{"allow":["GET"]}}],"collection":[{"href":"https:\/\/vze-vogelzucht.de\/index.php?rest_route=\/wp\/v2\/pages"}],"about":[{"href":"https:\/\/vze-vogelzucht.de\/index.php?rest_route=\/wp\/v2\/types\/page"}],"author":[{"embeddable":true,"href":"https:\/\/vze-vogelzucht.de\/index.php?rest_route=\/wp\/v2\/users\/2"}],"replies":[{"embeddable":true,"href":"https:\/\/vze-vogelzucht.de\/index.php?rest_route=%2Fwp%2Fv2%2Fcomments&post=29"}],"version-history":[{"count":7,"href":"https:\/\/vze-vogelzucht.de\/index.php?rest_route=\/wp\/v2\/pages\/29\/revisions"}],"predecessor-version":[{"id":7302,"href":"https:\/\/vze-vogelzucht.de\/index.php?rest_route=\/wp\/v2\/pages\/29\/revisions\/7302"}],"wp:attachment":[{"href":"https:\/\/vze-vogelzucht.de\/index.php?rest_route=%2Fwp%2Fv2%2Fmedia&parent=29"}],"curies":[{"name":"wp","href":"https:\/\/api.w.org\/{rel}","templated":true}]}}