{"id":19,"date":"2017-12-12T16:53:58","date_gmt":"2017-12-12T16:53:58","guid":{"rendered":"http:\/\/vze-vogelzucht.de\/?page_id=19"},"modified":"2025-06-24T12:56:56","modified_gmt":"2025-06-24T10:56:56","slug":"landesgruppen","status":"publish","type":"page","link":"https:\/\/vze-vogelzucht.de\/?page_id=19","title":{"rendered":"Landesgruppen"},"content":{"rendered":"<p><a href=\"https:\/\/vze-vogelzucht.de\/wp-content\/uploads\/2017\/12\/bild_jw_01-24.jpg\"><img loading=\"lazy\" decoding=\"async\" class=\"alignnone wp-image-442\" src=\"https:\/\/vze-vogelzucht.de\/wp-content\/uploads\/2017\/12\/bild_jw_01-24-300x254.jpg\" alt=\"\" width=\"268\" height=\"227\" \/>\u00a0<\/a><img loading=\"lazy\" decoding=\"async\" class=\"alignnone wp-image-542\" src=\"https:\/\/vze-vogelzucht.de\/wp-content\/uploads\/2017\/12\/bild_jw_01-118-1024x768.jpg\" alt=\"\" width=\"303\" height=\"227\" srcset=\"https:\/\/vze-vogelzucht.de\/wp-content\/uploads\/2017\/12\/bild_jw_01-118-1024x768.jpg 1024w, https:\/\/vze-vogelzucht.de\/wp-content\/uploads\/2017\/12\/bild_jw_01-118-300x225.jpg 300w, https:\/\/vze-vogelzucht.de\/wp-content\/uploads\/2017\/12\/bild_jw_01-118-768x576.jpg 768w, https:\/\/vze-vogelzucht.de\/wp-content\/uploads\/2017\/12\/bild_jw_01-118-150x113.jpg 150w, https:\/\/vze-vogelzucht.de\/wp-content\/uploads\/2017\/12\/bild_jw_01-118.jpg 1600w\" sizes=\"auto, (max-width: 303px) 100vw, 303px\" \/><\/p>\n<ul class=\"lcp_catlist\" id=\"lcp_instance_0\"><li><a href=\"https:\/\/vze-vogelzucht.de\/?p=6989\">23. VZE-Kanarienbewertung Tettau 2023<\/a><\/li><li><a href=\"https:\/\/vze-vogelzucht.de\/?p=4317\">IG Kanarien Auswertung der Bundesmeisterschaft der VZE 2019<\/a><\/li><li><a href=\"https:\/\/vze-vogelzucht.de\/?p=4274\">Auswertung 62. VZE-Bundesmeisterschaft, VZE-Bundesausstellung, Landesmeisterschaft Sachsen-Anhalt 2019<\/a><\/li><li><a href=\"https:\/\/vze-vogelzucht.de\/?p=3982\">Ausstellungsbestimmungen der 29. offenen VZE-Landesschau Mecklenburg-Vorpommern 2019<\/a><\/li><li><a href=\"https:\/\/vze-vogelzucht.de\/?p=3600\">VZE-Landesmeisterschaften 2018 Auswertung<\/a><\/li><\/ul>\n<hr \/>\n<ul class=\"lcp_catlist\" id=\"lcp_instance_0\"><li><a href=\"https:\/\/vze-vogelzucht.de\/?p=7598\">VZE Landesverband Mitte Landesvorstands Wahl<\/a><\/li><li><a href=\"https:\/\/vze-vogelzucht.de\/?p=4274\">Auswertung 62. VZE-Bundesmeisterschaft, VZE-Bundesausstellung, Landesmeisterschaft Sachsen-Anhalt 2019<\/a><\/li><li><a href=\"https:\/\/vze-vogelzucht.de\/?p=3903\">Landesz\u00fcchtertage 2019<\/a><\/li><\/ul>\n<hr \/>\n<p><strong>Freistaat Sachsen<\/strong><\/p>\n<p><strong>Landesvorsitzender:<\/strong><\/p>\n<p>Matthias Schwabe<\/p>\n<p>Hufestra\u00dfe 41<\/p>\n<p>01896 Ohorn<\/p>\n<p>Tel.: 035955 369747<\/p>\n<p>E-Mail: <a href=\"mailto:matthias-schwabe-vze@gmx.de\" target=\"_blank\" rel=\"noopener\">matthias-schwabe-vze@gmx.de<\/a><\/p>\n<hr \/>\n<p><strong>Distrikt NORD<\/strong><br \/>\n<strong>Vorsitzender:<\/strong> Frank Pf\u00fctzner, Hohenleipischer Stra\u00dfe 9, 03238 Gorden-Staupitz, Tel. 035325 735 und 0172 7656112<br \/>\nE-Mail: frank.pfuetzner@gmx.de<br \/>\n<strong>Stellvertreter:<\/strong> Lothar Schr\u00f6der, Heller Weg 29, 18239 Satow, Tel. 038295 779856, E-Mail: lothar-57@vogelzucht-satow.com<\/p>\n<hr \/>\n<p><strong>Distrikt Mitte<\/strong><\/p>\n<p><strong>Vorsitzender: <\/strong>Eckhard Freitag, J\u00e4gerstr. 4, 06502 Thale, Tel.: 03947 &#8211; 6 55 22, E-Mail:\u00a0<a href=\"mailto:eckhard.freitag@freenet.de\" target=\"_blank\" rel=\"noopener\">eckhard.freitag@freenet.de<\/a><\/p>\n<p><strong>Stellvertreter: <\/strong>Marco Diedler, Bergstra\u00dfe 8, 06420 K\u00f6nnern, Tel. 034691 52294 Tel. 01629649493, E-Mail:\u00a0<a href=\"https:\/\/mail.google.com\/mail\/?view=cm&amp;fs=1&amp;tf=1&amp;to=HappyCanary@web.de\" target=\"_blank\" rel=\"noopener\">HappyCanary@web.de<\/a><\/p>\n<p><strong>Stellvertreter: <\/strong>Siegfried Friedrich, In der Recke 3, 31863 Diedersen, Tel.: 05159 1355, E-Mail: <a href=\"mailto:info@edelsittich.de\" target=\"_blank\" rel=\"noopener\">info@edelsittich.de<\/a><\/p>\n<p><strong>Digitalisierung: <\/strong>Dr. Ronja B\u00f6lsch-Peterka, Hugo-Junkers-Allee 62, 39128 Magdeburg, Tel 0157 39120239 E-Mail rboelsch@web.de<\/p>\n<hr \/>\n<p><strong>Distrikt S\u00dcD<\/strong><br \/>\n<strong>Vorsitzender:<\/strong><br \/>\n<strong>Stellvertreter:<\/strong><\/p>\n","protected":false},"excerpt":{"rendered":"<p>\u00a0 Freistaat Sachsen Landesvorsitzender: Matthias Schwabe Hufestra\u00dfe 41 01896 Ohorn Tel.: 035955 369747 E-Mail: matthias-schwabe-vze@gmx.de Distrikt NORD Vorsitzender: Frank Pf\u00fctzner, Hohenleipischer Stra\u00dfe 9, 03238 Gorden-Staupitz, Tel. 035325 735 und 0172 7656112 E-Mail: frank.pfuetzner@gmx.de Stellvertreter: Lothar Schr\u00f6der, Heller Weg 29, 18239 Satow, Tel. 038295 779856, E-Mail: lothar-57@vogelzucht-satow.com Distrikt Mitte Vorsitzender: Eckhard\u2026<\/p>\n<p class=\"continue-reading-button\"> <a class=\"continue-reading-link\" href=\"https:\/\/vze-vogelzucht.de\/?page_id=19\">wei\u00adter\u00adle\u00adsen<i class=\"crycon-right-dir\"><\/i><\/a><\/p>\n","protected":false},"author":2,"featured_media":0,"parent":3683,"menu_order":3,"comment_status":"closed","ping_status":"closed","template":"","meta":{"footnotes":""},"class_list":["post-19","page","type-page","status-publish","hentry"],"jetpack-related-posts":[],"jetpack_sharing_enabled":true,"_links":{"self":[{"href":"https:\/\/vze-vogelzucht.de\/index.php?rest_route=\/wp\/v2\/pages\/19","targetHints":{"allow":["GET"]}}],"collection":[{"href":"https:\/\/vze-vogelzucht.de\/index.php?rest_route=\/wp\/v2\/pages"}],"about":[{"href":"https:\/\/vze-vogelzucht.de\/index.php?rest_route=\/wp\/v2\/types\/page"}],"author":[{"embeddable":true,"href":"https:\/\/vze-vogelzucht.de\/index.php?rest_route=\/wp\/v2\/users\/2"}],"replies":[{"embeddable":true,"href":"https:\/\/vze-vogelzucht.de\/index.php?rest_route=%2Fwp%2Fv2%2Fcomments&post=19"}],"version-history":[{"count":20,"href":"https:\/\/vze-vogelzucht.de\/index.php?rest_route=\/wp\/v2\/pages\/19\/revisions"}],"predecessor-version":[{"id":7786,"href":"https:\/\/vze-vogelzucht.de\/index.php?rest_route=\/wp\/v2\/pages\/19\/revisions\/7786"}],"up":[{"embeddable":true,"href":"https:\/\/vze-vogelzucht.de\/index.php?rest_route=\/wp\/v2\/pages\/3683"}],"wp:attachment":[{"href":"https:\/\/vze-vogelzucht.de\/index.php?rest_route=%2Fwp%2Fv2%2Fmedia&parent=19"}],"curies":[{"name":"wp","href":"https:\/\/api.w.org\/{rel}","templated":true}]}}