{"id":17,"date":"2017-12-12T16:51:50","date_gmt":"2017-12-12T16:51:50","guid":{"rendered":"http:\/\/vze-vogelzucht.de\/?page_id=17"},"modified":"2025-10-03T16:12:14","modified_gmt":"2025-10-03T14:12:14","slug":"praesidium","status":"publish","type":"page","link":"https:\/\/vze-vogelzucht.de\/?page_id=17","title":{"rendered":"Pr\u00e4sidium, Gesch\u00e4ftsstelle, Redaktion"},"content":{"rendered":"<p><strong>Pr\u00e4sidium<\/strong> (gem.\u00a0\u00a7 6 Abs. 2 der Satzung) gew\u00e4hlt in der Mitgliederversammlung am 29.04.2018<\/p>\n<hr \/>\n<p><strong>Pr\u00e4sident<\/strong><\/p>\n<p><img loading=\"lazy\" decoding=\"async\" class=\"alignnone wp-image-682\" src=\"https:\/\/vze-vogelzucht.de\/wp-content\/uploads\/2017\/12\/PortraitMensing.png\" alt=\"\" width=\"124\" height=\"160\" srcset=\"https:\/\/vze-vogelzucht.de\/wp-content\/uploads\/2017\/12\/PortraitMensing.png 157w, https:\/\/vze-vogelzucht.de\/wp-content\/uploads\/2017\/12\/PortraitMensing-117x150.png 117w\" sizes=\"auto, (max-width: 124px) 100vw, 124px\" \/><\/p>\n<p>Dr. Niels Mensing<br \/>\nAkazienstra\u00dfe 3-4<br \/>\n39126 Magdeburg<br \/>\nTel. 01707777365 Tel. 0391 50959778 Fax: 0391 50959711<br \/>\nE-Mail: <a href=\"mailto:niels.mensing@t-online.de\" target=\"_blank\" rel=\"noopener\">niels.mensing@t-online.de<\/a><\/p>\n<hr \/>\n<p><strong>Vizepr\u00e4sident<\/strong><\/p>\n<p><img loading=\"lazy\" decoding=\"async\" class=\"alignnone wp-image-705\" src=\"https:\/\/vze-vogelzucht.de\/wp-content\/uploads\/2017\/12\/portrait_freitag.jpg\" alt=\"\" width=\"125\" height=\"166\" srcset=\"https:\/\/vze-vogelzucht.de\/wp-content\/uploads\/2017\/12\/portrait_freitag.jpg 336w, https:\/\/vze-vogelzucht.de\/wp-content\/uploads\/2017\/12\/portrait_freitag-226x300.jpg 226w, https:\/\/vze-vogelzucht.de\/wp-content\/uploads\/2017\/12\/portrait_freitag-113x150.jpg 113w\" sizes=\"auto, (max-width: 125px) 100vw, 125px\" \/><\/p>\n<p>Eckhard Freitag<br \/>\nJ\u00e4gerstra\u00dfe 4<br \/>\n06502 Thale<br \/>\nTel. 03947 65522<br \/>\nE-Mail: <a href=\"mailto:eckhard.freitag@freenet.de\" target=\"_blank\" rel=\"noopener\">eckhard.freitag@freenet.de<\/a><\/p>\n<hr \/>\n<p><strong>Vizepr\u00e4sident<\/strong><\/p>\n<p><img loading=\"lazy\" decoding=\"async\" class=\"alignnone wp-image-2603\" src=\"https:\/\/vze-vogelzucht.de\/wp-content\/uploads\/2018\/05\/Volker-Seidl-Passbild-klein-473x600.jpg\" alt=\"\" width=\"127\" height=\"161\" srcset=\"https:\/\/vze-vogelzucht.de\/wp-content\/uploads\/2018\/05\/Volker-Seidl-Passbild-klein-473x600.jpg 473w, https:\/\/vze-vogelzucht.de\/wp-content\/uploads\/2018\/05\/Volker-Seidl-Passbild-klein-118x150.jpg 118w, https:\/\/vze-vogelzucht.de\/wp-content\/uploads\/2018\/05\/Volker-Seidl-Passbild-klein.jpg 756w\" sizes=\"auto, (max-width: 127px) 100vw, 127px\" \/><\/p>\n<p>Volker Seidl<br \/>\nF\u00f6hrwiese 1<br \/>\n39345 Flechtingen-Bahnhof<br \/>\nTel. 039054 3097 Tel. 01717242571 (nur nach 20 Uhr)<br \/>\nE-Mail: <a href=\"mailto:v.seidl@psh-hdl.de\" target=\"_blank\" rel=\"noopener\">v.seidl@psh-hdl.de<\/a><\/p>\n<hr \/>\n<p><strong>Ansprechpartner f\u00fcr Schauwesen<\/strong><\/p>\n<p><img loading=\"lazy\" decoding=\"async\" class=\"alignnone wp-image-686\" src=\"https:\/\/vze-vogelzucht.de\/wp-content\/uploads\/2017\/12\/PortraitMarco-225x300.png\" alt=\"\" width=\"124\" height=\"165\" srcset=\"https:\/\/vze-vogelzucht.de\/wp-content\/uploads\/2017\/12\/PortraitMarco-225x300.png 225w, https:\/\/vze-vogelzucht.de\/wp-content\/uploads\/2017\/12\/PortraitMarco-113x150.png 113w, https:\/\/vze-vogelzucht.de\/wp-content\/uploads\/2017\/12\/PortraitMarco.png 456w\" sizes=\"auto, (max-width: 124px) 100vw, 124px\" \/><\/p>\n<p>Marco Diedler<br \/>\nBergstra\u00dfe 8<br \/>\n06420 K\u00f6nnern<br \/>\nTel. 034691 52294 Tel. 01629649493<br \/>\nE-Mail: <a href=\"https:\/\/mail.google.com\/mail\/?view=cm&amp;fs=1&amp;tf=1&amp;to=Happy-Canary@web.de\" target=\"_blank\" rel=\"noopener\">Happy-Canary@web.de<\/a><\/p>\n<hr \/>\n<p><strong>Verantwortlicher f\u00fcr \u00d6ffentlichkeitsarbeit<\/strong><\/p>\n<p><img loading=\"lazy\" decoding=\"async\" class=\"alignnone wp-image-2639\" src=\"https:\/\/vze-vogelzucht.de\/wp-content\/uploads\/2018\/05\/Ren\u00e9-Stelzer-Scholz-klein.jpg\" alt=\"\" width=\"126\" height=\"163\" srcset=\"https:\/\/vze-vogelzucht.de\/wp-content\/uploads\/2018\/05\/Ren\u00e9-Stelzer-Scholz-klein.jpg 292w, https:\/\/vze-vogelzucht.de\/wp-content\/uploads\/2018\/05\/Ren\u00e9-Stelzer-Scholz-klein-116x150.jpg 116w\" sizes=\"auto, (max-width: 126px) 100vw, 126px\" \/><\/p>\n<p>Ren\u00e9 Stelzer-Scholz<br \/>\nAm Heitkamp 25<br \/>\n31061 Alfeld \/ Leine<br \/>\nTel. 015170857064<br \/>\nE-Mail: <a href=\"mailto:colius84@gmail.com\" target=\"_blank\" rel=\"noopener\">colius84@gmail.com<\/a><\/p>\n<hr \/>\n<p><strong>VZE-Gesch\u00e4ftsstelle<\/strong><\/p>\n<p>Martina Andreas, Karl-Marx-Str. 5, 99869 Nessetal<\/p>\n<p>Sprechzeiten: Mo: 9:00 -12:00 Uhr ; 16:00 -18:00 Uhr, Mi: 9:00 -12:00 Uhr, Fr: 9:00 -12:00 Uhr ; 16:00 &#8211; 18:00 Uhr<\/p>\n<p>Telefon: 03621 2261444<br \/>\n<a href=\"https:\/\/vze-vogelzucht.de\/?page_id=4449\">Kontaktformular<\/a>, E-Mail: <a href=\"mailto:vze-geschaeftsstelle@t-online.de\" target=\"_blank\" rel=\"noopener\">vze-geschaeftsstelle@t-online.de<\/a><\/p>\n<hr \/>\n<p><strong>Bankverbindung:<\/strong><br \/>\nKonto: Deutsche Bank 24 Leipzig, Filiale 706, Konto-Nr. 321 482 200, BLZ 860 700 24,<br \/>\nIBAN: DE50 8607 0024 0321 4822 00, BIC: DEUTDEDBLEG<\/p>\n<hr \/>\n<p><strong>Redaktion der Vereinszeitschrift VZE Vogelwelt<\/strong><\/p>\n<p>Ren\u00e9 Stelzer-Scholz<br \/>\nAm Heitkamp 25<br \/>\n31061 Alfeld \/ Leine<br \/>\nTel. 015170857064<br \/>\nE-Mail: <a href=\"mailto:colius84@gmail.com\" target=\"_blank\" rel=\"noopener\">colius84@gmail.com<\/a><\/p>\n<hr \/>\n<p><strong>Ansprechpartner f\u00fcr den Internetauftritt der VZE<\/strong><\/p>\n<p>J\u00f6rg Westphal<br \/>\n06502 Thale<br \/>\n<a href=\"https:\/\/vze-vogelzucht.de\/?page_id=4447\">Kontaktformular<\/a><\/p>\n","protected":false},"excerpt":{"rendered":"<p>Pr\u00e4sidium (gem.\u00a0\u00a7 6 Abs. 2 der Satzung) gew\u00e4hlt in der Mitgliederversammlung am 29.04.2018 Pr\u00e4sident Dr. Niels Mensing Akazienstra\u00dfe 3-4 39126 Magdeburg Tel. 01707777365 Tel. 0391 50959778 Fax: 0391 50959711 E-Mail: niels.mensing@t-online.de Vizepr\u00e4sident Eckhard Freitag J\u00e4gerstra\u00dfe 4 06502 Thale Tel. 03947 65522 E-Mail: eckhard.freitag@freenet.de Vizepr\u00e4sident Volker Seidl F\u00f6hrwiese 1 39345 Flechtingen-Bahnhof\u2026<\/p>\n<p class=\"continue-reading-button\"> <a class=\"continue-reading-link\" href=\"https:\/\/vze-vogelzucht.de\/?page_id=17\">wei\u00adter\u00adle\u00adsen<i class=\"crycon-right-dir\"><\/i><\/a><\/p>\n","protected":false},"author":2,"featured_media":0,"parent":171,"menu_order":2,"comment_status":"closed","ping_status":"closed","template":"","meta":{"footnotes":""},"class_list":["post-17","page","type-page","status-publish","hentry"],"jetpack-related-posts":[],"jetpack_sharing_enabled":true,"_links":{"self":[{"href":"https:\/\/vze-vogelzucht.de\/index.php?rest_route=\/wp\/v2\/pages\/17","targetHints":{"allow":["GET"]}}],"collection":[{"href":"https:\/\/vze-vogelzucht.de\/index.php?rest_route=\/wp\/v2\/pages"}],"about":[{"href":"https:\/\/vze-vogelzucht.de\/index.php?rest_route=\/wp\/v2\/types\/page"}],"author":[{"embeddable":true,"href":"https:\/\/vze-vogelzucht.de\/index.php?rest_route=\/wp\/v2\/users\/2"}],"replies":[{"embeddable":true,"href":"https:\/\/vze-vogelzucht.de\/index.php?rest_route=%2Fwp%2Fv2%2Fcomments&post=17"}],"version-history":[{"count":15,"href":"https:\/\/vze-vogelzucht.de\/index.php?rest_route=\/wp\/v2\/pages\/17\/revisions"}],"predecessor-version":[{"id":7952,"href":"https:\/\/vze-vogelzucht.de\/index.php?rest_route=\/wp\/v2\/pages\/17\/revisions\/7952"}],"up":[{"embeddable":true,"href":"https:\/\/vze-vogelzucht.de\/index.php?rest_route=\/wp\/v2\/pages\/171"}],"wp:attachment":[{"href":"https:\/\/vze-vogelzucht.de\/index.php?rest_route=%2Fwp%2Fv2%2Fmedia&parent=17"}],"curies":[{"name":"wp","href":"https:\/\/api.w.org\/{rel}","templated":true}]}}