{"id":129,"date":"2017-12-12T23:28:39","date_gmt":"2017-12-12T23:28:39","guid":{"rendered":"http:\/\/vze-vogelzucht.de\/?page_id=129"},"modified":"2019-02-21T21:10:43","modified_gmt":"2019-02-21T20:10:43","slug":"richtlinie-fuer-zuchtgemeinschaften","status":"publish","type":"page","link":"https:\/\/vze-vogelzucht.de\/?page_id=129","title":{"rendered":"Richtlinie f\u00fcr Zuchtgemeinschaften"},"content":{"rendered":"<p><strong>Richtlinie f\u00fcr Zuchtgemeinschaften<\/strong><\/p>\n<p>Von den Mitgliedern der VZE k\u00f6nnen Zuchtgemeinschaften (ZG) gebildet\u00a0werden. Der Vorteil einer derartigen ZG kommt vor allem beim\u00a0Zuchtgeschehen und auch bei der Teilnahme an Ausstellungen mit\u00a0Meisterschaften zum Tragen. Deshalb bietet unsere Vereinigung ihren\u00a0Mitgliedern die M\u00f6glichkeit der Nutzung dieses Vorteils an.<\/p>\n<p>Die Bildung und das Fortbestehen sind an folgende Bedingungen\u00a0gebunden:<\/p>\n<p>&#8211; Die Mitglieder m\u00fcssen der VZE angeh\u00f6ren.<\/p>\n<p>&#8211; Eine ZG muss aus mindestens zwei oder mehr Vollmitgliedern der VZE\u00a0bestehen, welche ihre Zucht in der gleichen Anlage betreiben.\u00a0Scheidet ein Mitglied aus bzw. wird die ZG aufgel\u00f6st, ist dieses\u00a0unverz\u00fcglich der Gesch\u00e4ftsstelle zu melden. Der zust\u00e4ndige\u00a0Landesvorsitzende ist ebenfalls hier\u00fcber zu informieren. Es erfolgt eine\u00a0Ver\u00f6ffentlichung in der \u201eVZE- Vogelwelt\u201c.<\/p>\n<p>&#8211; Die Bildung einer ZG ist bei der Gesch\u00e4ftsstelle schriftlich zu\u00a0beantragen. Dazu ist ein formloser Antrag mit der getroffenen\u00a0Entscheidung zur vorgesehenen einheitlichen VZE- Mitgliedsnummer,\u00a0unter welcher die ZG k\u00fcnftig die V\u00f6gel beringen und aus- stellen wird,\u00a0von den beteiligten Mitgliedern unterschrieben einzureichen.<\/p>\n<p>Die ZG gilt als best\u00e4tigt, wenn von der Gesch\u00e4ftsstelle die schriftliche\u00a0Antwort des Antrages vorliegt. Es erfolgt die Ver\u00f6ffentlichung in der\u00a0\u201eVZE- Vogelwelt\u201c.<\/p>\n<p>&#8211; F\u00fcr Papageienv\u00f6gel muss des Weiteren eine auf die Zuchtanlage\u00a0ausgestellte Zuchtgenehmigung bei der Gesch\u00e4ftsstelle vorliegen.<\/p>\n<p>&#8211; Die festgelegte VZE- Mitgliedsnummer ist somit ab sofort f\u00fcr alle\u00a0Mitglieder der ZG verbindlich, d.h. die nach gez\u00fcchteten V\u00f6gel erhalten\u00a0alle einen Ring mit der einheitlichen VZE- Mitgliedsnummer.<\/p>\n<p>Bei Neugr\u00fcndung einer ZG k\u00f6nnen in der \u00dcbergangszeit Altv\u00f6gel der\u00a0einzelnen Z\u00fcchter f\u00fcr maximal 4 Jahre mit den alten Ringnummern der\u00a0Mitglieder der ZG auf eigenen Namen ausgestellt werden.\u00a0Nach dem Ausscheiden aus der ZG k\u00f6nnen die Mitglieder, die nicht die\u00a0bisher verwendete VZE-Mitgliedsnummer behalten, im ersten Jahr nur\u00a0Jungv\u00f6gel ausstellen.<\/p>\n","protected":false},"excerpt":{"rendered":"<p>Richtlinie f\u00fcr Zuchtgemeinschaften Von den Mitgliedern der VZE k\u00f6nnen Zuchtgemeinschaften (ZG) gebildet\u00a0werden. Der Vorteil einer derartigen ZG kommt vor allem beim\u00a0Zuchtgeschehen und auch bei der Teilnahme an Ausstellungen mit\u00a0Meisterschaften zum Tragen. Deshalb bietet unsere Vereinigung ihren\u00a0Mitgliedern die M\u00f6glichkeit der Nutzung dieses Vorteils an. Die Bildung und das Fortbestehen sind an\u2026<\/p>\n<p class=\"continue-reading-button\"> <a class=\"continue-reading-link\" href=\"https:\/\/vze-vogelzucht.de\/?page_id=129\">wei\u00adter\u00adle\u00adsen<i class=\"crycon-right-dir\"><\/i><\/a><\/p>\n","protected":false},"author":2,"featured_media":0,"parent":25,"menu_order":28,"comment_status":"closed","ping_status":"closed","template":"","meta":{"footnotes":""},"class_list":["post-129","page","type-page","status-publish","hentry"],"jetpack-related-posts":[],"jetpack_sharing_enabled":true,"_links":{"self":[{"href":"https:\/\/vze-vogelzucht.de\/index.php?rest_route=\/wp\/v2\/pages\/129","targetHints":{"allow":["GET"]}}],"collection":[{"href":"https:\/\/vze-vogelzucht.de\/index.php?rest_route=\/wp\/v2\/pages"}],"about":[{"href":"https:\/\/vze-vogelzucht.de\/index.php?rest_route=\/wp\/v2\/types\/page"}],"author":[{"embeddable":true,"href":"https:\/\/vze-vogelzucht.de\/index.php?rest_route=\/wp\/v2\/users\/2"}],"replies":[{"embeddable":true,"href":"https:\/\/vze-vogelzucht.de\/index.php?rest_route=%2Fwp%2Fv2%2Fcomments&post=129"}],"version-history":[{"count":0,"href":"https:\/\/vze-vogelzucht.de\/index.php?rest_route=\/wp\/v2\/pages\/129\/revisions"}],"up":[{"embeddable":true,"href":"https:\/\/vze-vogelzucht.de\/index.php?rest_route=\/wp\/v2\/pages\/25"}],"wp:attachment":[{"href":"https:\/\/vze-vogelzucht.de\/index.php?rest_route=%2Fwp%2Fv2%2Fmedia&parent=129"}],"curies":[{"name":"wp","href":"https:\/\/api.w.org\/{rel}","templated":true}]}}