{"id":127,"date":"2017-12-12T23:26:03","date_gmt":"2017-12-12T23:26:03","guid":{"rendered":"http:\/\/vze-vogelzucht.de\/?page_id=127"},"modified":"2019-02-21T21:04:26","modified_gmt":"2019-02-21T20:04:26","slug":"ig-ordnung","status":"publish","type":"page","link":"https:\/\/vze-vogelzucht.de\/?page_id=127","title":{"rendered":"IG-Ordnung"},"content":{"rendered":"<p><strong>Ordnung f\u00fcr die T\u00e4tigkeit der Interessengemeinschaften (IG-Ordnung)<\/strong><\/p>\n<ol>\n<li>Interessengemeinschaften gem\u00e4\u00df Artikel 7, Absatz 3 der Satzung der VZE sind freiwillige, jederzeit offene Gruppierungen von Z\u00fcchtern gleicher oder verwandter Vogelarten, die im Interesse einer erfolgreichen z\u00fcchterischen Arbeit die Zusammenarbeit suchen. Inhalt der T\u00e4tigkeit der IG\u2019n sind der organisierte Erfahrungsaustausch, die Beratung von Problemen der Vogelhaltung und -zucht und die fachliche Weiterbildung. Die Bildung einer IG bedarf der Zustimmung des Pr\u00e4sidiums. Ihr ist in der Regel eine Bew\u00e4hrungszeit als \u201eArbeitsgemeinschaft\u201c von wenigstens zwei Jahren vorangestellt.<\/li>\n<li>Die Interessengemeinschaften sind Struktureinheiten der VZE und tragen die Bezeichnung \u201eVZE-IG&#8230;.(Vogelart)&#8230;\u201c Sie besitzen keine eigene Rechtsf\u00e4higkeit und werden im Rechtsverkehr durch die VZE nach Ma\u00dfgabe der Satzung vertreten.<\/li>\n<li>Die Arbeit der IG\u2019n ist an die in der Satzung festgeschriebenen Ziele der VZE und an die Beschl\u00fcsse der Mitgliederversammlung bzw. des Pr\u00e4sidiums gebunden.<\/li>\n<li>Mitglied einer oder mehrerer IG\u2019n kann jedes Mitglied der VZE werden. Die Mitgliedschaft entsteht durch Mitwirkung an den Aktivit\u00e4ten einer IG und \/ oder durch m\u00fcndliche Erkl\u00e4rung. Sie setzt keine \u00fcber die Bestimmungen der Satzung hinausgehenden Rechte und Pflichten. Die Mitgliedschaft ist jederzeit fristlos widerrufbar. Sie erlischt automatisch durch dreimaliges unentschuldigtes Fernbleiben in Folge von den Veranstaltungen der IG.<\/li>\n<li>Die IG w\u00e4hlt aus ihrer Mitte einen Vorsitzenden. Vorschlagsberechtigt ist jedes anwesende IG-Mitglied und das Pr\u00e4sidium der VZE. Die Wahl erfolgt offen, es gilt die einfache Stimmenmehrheit der anwesenden IG-Mitglieder. Die zus\u00e4tzliche Wahl eines oder mehrerer Stellvertreter ist zul\u00e4ssig.<\/li>\n<li>Der IG-Vorsitzende ist verantwortlich f\u00fcr die Organisation der Arbeit der IG und f\u00fcr die Vertretung der Interessen der IG-Mitglieder im Gesamtvorstand. Er ist ordentliches Mitglied des Gesamtvorstandes. Zu seinen Aufgaben geh\u00f6ren insbesondere &#8211; die Durchf\u00fchrung mindestens einer Fachtagung der IG pro Jahr und die Abfassung eines Berichts dar\u00fcber, der in der Monatszeitschrift zu ver\u00f6ffentlichen ist,<\/li>\n<\/ol>\n<p>&#8211; die F\u00f6rderung der Schauzucht und der Erhaltungszucht gem\u00e4\u00df dem Profil und der Kompetenz der IG,<\/p>\n<p>&#8211; die Teilnahme der IG an Schauen und Meisterschaften der VZE,<\/p>\n<p>&#8211; die Protokollierung der IG-Veranstaltungen einschlie\u00dflich Teil nehmerlisten,<\/p>\n<p>&#8211; die Erstattung eines T\u00e4tigkeitsberichts am Ende einer IG Wahlperiode, der dem Pr\u00e4sidium zu \u00fcbergeben ist.<\/p>\n<ol start=\"7\">\n<li>Die IG\u2019n haben Anspruch auf die Bereitstellung finanzieller Mittel gem\u00e4\u00df dem Jahreshaushaltsplan der VZE. Der IG-Vorsitzende ist f\u00fcr die satzungsgem\u00e4\u00dfe Verwendung der Mittel verantwortlich. Die Haushaltsf\u00fchrung der IG erfolgt durch die VZE-Gesch\u00e4ftsstelle.<\/li>\n<li>Die Mitarbeit von Z\u00fcchtern, die nicht Mitglied der VZE sind, in einer Interessengemeinschaft der VZE ist m\u00f6glich. Diese Z\u00fcchter erhalten einen Sonderstatus. Sind nicht formal Mitglieder der IG, haben kein Stimm- oder sonstiges Entscheidungsrecht und keinen Anspruch auf Leistungen gem\u00e4\u00df Absatz 7 dieser Ordnung. Bei Veranstaltungen, die Kosten verursachen, f\u00fcr die der Haushalt der VZE einsteht, ist der IG-Vorsitzende berechtigt, von diesen Teilnehmern einen finanziellen Beitrag einzufordern. Die H\u00f6he eines solchen Beitrags ist vorher mit der Gesch\u00e4ftsstelle abzustimmen.<\/li>\n<\/ol>\n<p>Diese Ordnung tritt mit ihrer Verk\u00fcndung im November 2012 in Kraft.<\/p>\n","protected":false},"excerpt":{"rendered":"<p>Ordnung f\u00fcr die T\u00e4tigkeit der Interessengemeinschaften (IG-Ordnung) Interessengemeinschaften gem\u00e4\u00df Artikel 7, Absatz 3 der Satzung der VZE sind freiwillige, jederzeit offene Gruppierungen von Z\u00fcchtern gleicher oder verwandter Vogelarten, die im Interesse einer erfolgreichen z\u00fcchterischen Arbeit die Zusammenarbeit suchen. Inhalt der T\u00e4tigkeit der IG\u2019n sind der organisierte Erfahrungsaustausch, die Beratung von\u2026<\/p>\n<p class=\"continue-reading-button\"> <a class=\"continue-reading-link\" href=\"https:\/\/vze-vogelzucht.de\/?page_id=127\">wei\u00adter\u00adle\u00adsen<i class=\"crycon-right-dir\"><\/i><\/a><\/p>\n","protected":false},"author":2,"featured_media":0,"parent":25,"menu_order":27,"comment_status":"closed","ping_status":"closed","template":"","meta":{"footnotes":""},"class_list":["post-127","page","type-page","status-publish","hentry"],"jetpack-related-posts":[],"jetpack_sharing_enabled":true,"_links":{"self":[{"href":"https:\/\/vze-vogelzucht.de\/index.php?rest_route=\/wp\/v2\/pages\/127","targetHints":{"allow":["GET"]}}],"collection":[{"href":"https:\/\/vze-vogelzucht.de\/index.php?rest_route=\/wp\/v2\/pages"}],"about":[{"href":"https:\/\/vze-vogelzucht.de\/index.php?rest_route=\/wp\/v2\/types\/page"}],"author":[{"embeddable":true,"href":"https:\/\/vze-vogelzucht.de\/index.php?rest_route=\/wp\/v2\/users\/2"}],"replies":[{"embeddable":true,"href":"https:\/\/vze-vogelzucht.de\/index.php?rest_route=%2Fwp%2Fv2%2Fcomments&post=127"}],"version-history":[{"count":0,"href":"https:\/\/vze-vogelzucht.de\/index.php?rest_route=\/wp\/v2\/pages\/127\/revisions"}],"up":[{"embeddable":true,"href":"https:\/\/vze-vogelzucht.de\/index.php?rest_route=\/wp\/v2\/pages\/25"}],"wp:attachment":[{"href":"https:\/\/vze-vogelzucht.de\/index.php?rest_route=%2Fwp%2Fv2%2Fmedia&parent=127"}],"curies":[{"name":"wp","href":"https:\/\/api.w.org\/{rel}","templated":true}]}}