{"id":125,"date":"2017-12-12T23:24:22","date_gmt":"2017-12-12T23:24:22","guid":{"rendered":"http:\/\/vze-vogelzucht.de\/?page_id=125"},"modified":"2019-02-21T21:00:33","modified_gmt":"2019-02-21T20:00:33","slug":"geschaeftsordnung","status":"publish","type":"page","link":"https:\/\/vze-vogelzucht.de\/?page_id=125","title":{"rendered":"Gesch\u00e4ftsordnung"},"content":{"rendered":"<p><strong>Gesch\u00e4ftsordnung<\/strong><\/p>\n<p>Das von der Mitgliederversammlung am 01.04.2012 gew\u00e4hlte Pr\u00e4sidium gibt sich mit Beschluss vom 23.05.2012 nachfolgende Gesch\u00e4ftsordnung.<\/p>\n<p>Die Gesch\u00e4ftsordnung regelt die Rechte und Pflichten der Mitglieder des Pr\u00e4sidiums und die Arbeitsweise des Pr\u00e4sidiums.<\/p>\n<ul>\n<li><strong>1 Pr\u00e4sident<\/strong><\/li>\n<\/ul>\n<ol>\n<li>Der Pr\u00e4sident leitet und repr\u00e4sentiert die Vereinigung auf der Grundlage der Satzung und der Beschl\u00fcsse der Mitgliederversammlung.<\/li>\n<li>Er vertritt die Vereinigung im Rechtsverkehr nach innen und au\u00dfen.<\/li>\n<li>Er beruft die Sitzungen des Pr\u00e4sidiums und des Gesamtvorstandes ein und leitet sie.<\/li>\n<li>Er nimmt Antr\u00e4ge, Vorschl\u00e4ge, Kritiken und Anregungen der Mitglieder entgegen und bearbeitet sie. Er ist berechtigt, Mitglieder des Pr\u00e4sidiums oder andere Tr\u00e4ger von Wahlfunktionen mit der Bearbeitung solcher Vorg\u00e4nge zu beauftragen.<\/li>\n<li>Er ist verpflichtet, die Ordnungsm\u00e4\u00dfigkeit der Gesch\u00e4ftsf\u00fchrung zu garantieren und berechtigt, im laufenden Haushaltsjahr nicht geplante Ausgaben unter Wahrung der Haushaltsbilanz zu genehmigen. Er ist verpflichtet, die Reisekostenabrechnungen der Mitglieder des Pr\u00e4sidiums und des Gesamtvorstandes zu pr\u00fcfen und zu best\u00e4tigen.<\/li>\n<li>Er hat das Recht, an allen Veranstaltungen von K\u00f6rperschaften der VZE<\/li>\n<\/ol>\n<ul>\n<li><strong>2 Mitglieder des Pr\u00e4sidiums<\/strong><\/li>\n<\/ul>\n<ol>\n<li>Das Pr\u00e4sidium bestimmt zwei Pr\u00e4sidiumsmitglieder zu Vizepr\u00e4sidenten. Die Vizepr\u00e4sidenten vertreten den Pr\u00e4sidenten in dessen Auftrag in allen seinen Funktionen. Bei Ausfall des Pr\u00e4sidenten vertreten sie diesen gem\u00e4\u00df Satzung gemeinsam.<\/li>\n<li>Die Mitglieder des Pr\u00e4sidiums \u00fcbernehmen Aufgabengebiete, in denen sie erste Ansprechpartner f\u00fcr die Mitglieder sind und die Beschl\u00fcsse des Pr\u00e4sidiums selbst\u00e4ndig nach au\u00dfen vertreten. Die kollektive Verantwortung des Pr\u00e4sidiums f\u00fcr alle Arbeitsbereiche innerhalb der Vereinigung bleibt von dieser Arbeitsteilung unber\u00fchrt.<\/li>\n<\/ol>\n<ul>\n<li><strong>3 Leiter\/in der Gesch\u00e4ftsstelle<\/strong><\/li>\n<\/ul>\n<p>Der\/die Leiter\/in der Gesch\u00e4ftsstelle ist nicht Mitglied des Pr\u00e4sidiums, nimmt aber grunds\u00e4tzlich an den Beratungen des Pr\u00e4sidiums teil, um die Einheit von wirtschaftlicher und fachlicher T\u00e4tigkeit in der Vereinigung zu Er\/sie f\u00fchrt die Gesch\u00e4ftst\u00e4tigkeit der VZE auf der Grundlage der Satzung und g\u00fcltiger Beschl\u00fcsse, insbesondere des Jahreshaushaltsplans, selbst\u00e4ndig Er\/sie erstattet dem Pr\u00e4sidium regelm\u00e4\u00dfig Bericht \u00fcber den Stand der Gesch\u00e4ftst\u00e4tigkeit.<\/p>\n<p>Er\/sie legt dem Pr\u00e4sidium j\u00e4hrlich einen Bericht zum abgeschlossenen Haushaltsjahr und einen Haushaltsplan f\u00fcr das n\u00e4chste Jahr vor, die vom Pr\u00e4sidium dem Gesamtvorstand zur Verf\u00fcgung zu stellen sind.<\/p>\n<p>Er\/sie f\u00fchrt die Mitglieder- und Vereinsliste.<\/p>\n<p>Er\/sie verwaltet und bearbeitet Auszeichnungsvorg\u00e4nge gem\u00e4\u00df der Auszeichnungsordnung.<\/p>\n<p>Er\/sie ist verantwortlich f\u00fcr die Versorgung der Mitglieder mit anerkannten Kennzeichen (Ringen) zur Kennzeichnung von V\u00f6geln. Die dazu erforderlichen Vertr\u00e4ge schlie\u00dft er\/sie selbst\u00e4ndig ab.<\/p>\n<ul>\n<li><strong>4 Finanzrichtlinie<\/strong><\/li>\n<\/ul>\n<p>Pr\u00e4sident und Mitglieder des Pr\u00e4sidiums \u00fcben ihre T\u00e4tigkeit f\u00fcr die Vereinigung ehrenamtlich aus, die Vereinigung leistet daf\u00fcr keinerlei finanzielle oder materielle Aufwendungen. Die Mitglieder des Pr\u00e4sidiums sind bei T\u00e4tigkeit im Rahmen ihrer Wahlfunktion spesenberechtigt. Die Spesenberechtigung umfasst folgende<\/p>\n<p>Leistungen:<\/p>\n<p>&#8211; Erstattung der Reisekosten in voller H\u00f6he bei Benutzung \u00f6ffentlicher Verkehrsmittel gegen Vorlage der g\u00fcltigen Reisedokumente,<\/p>\n<p>&#8211; Erstattung eines Tagesgeldes von 15 \u20ac bei auftragsgem\u00e4\u00dfer T\u00e4tigkeit au\u00dferhalb des Wohnortes von wenigstens 10 Stunden eines Tages,<\/p>\n<p>&#8211; Kilometergeld in H\u00f6he von 30 Cent bei Benutzung des eigenen PKW\u2019s zuz\u00fcglich 2 Cent pro mitgenommene weitere Person.<\/p>\n<p>&#8211; \u00dcbernachtungskosten \/Hotelkosten bis zu 50 \u20ac pro Nacht, sofern die Wahl der \u00dcbernachtsm\u00f6glichkeit dem Anspruchsberechtigten selbst Diese Reisekostenregelung gilt bei Leistungen gem\u00e4\u00df ihrer Wahlfunktion auch f\u00fcr die Mitglieder des Ehrenrates, f\u00fcr die Kassenpr\u00fcfer und f\u00fcr die Mitglieder des Gesamtvorstandes. Die Mitglieder des Pr\u00e4sidiums und die Inhaber von Wahlfunktionen auf der Ebene der Gemeinschaft haben Anspruch auf Erstattung von Auslagen f\u00fcr Porto, Telefonnutzung, Schreib- und Organisationsbedarf. Die Erstattung von Telefonkosten erfolgt gegen Vorlage des Einzelnachweises, bei sonstigen Auslagen gegen Vorlage der Quittung.<\/p>\n<p>F\u00fcr die Redaktion der Monatszeitschrift wird dem Redakteur eine Aufwandsentsch\u00e4digung geleistet. Sie bezieht sich auf die Arbeitszeit und Leistung des Redakteurs. Ferner wird dem Redakteur ein Mietbeitrag f\u00fcr den erforderlichen B\u00fcroraum gew\u00e4hrt. Die daf\u00fcr erforderlichen Mittel sind im Haushaltsplan auszuweisen.<\/p>\n<ul>\n<li><strong>5 Allgemeine Bestimmungen<\/strong><\/li>\n<\/ul>\n<p>Die Erstattung von Auslagen gem\u00e4\u00df dieser Ordnung erfolgt grunds\u00e4tzlich nur gegen Vorlage von Originaldokumenten oder Quittungen.<\/p>\n<p>Die Erstattung ist an das laufende Haushaltsjahr gebunden. Der Anspruch auf Erstattung erlischt zwei Monate nach Eintritt der Kosten, sp\u00e4testens aber zum 31.12. eines Kalenderjahres.<\/p>\n","protected":false},"excerpt":{"rendered":"<p>Gesch\u00e4ftsordnung Das von der Mitgliederversammlung am 01.04.2012 gew\u00e4hlte Pr\u00e4sidium gibt sich mit Beschluss vom 23.05.2012 nachfolgende Gesch\u00e4ftsordnung. Die Gesch\u00e4ftsordnung regelt die Rechte und Pflichten der Mitglieder des Pr\u00e4sidiums und die Arbeitsweise des Pr\u00e4sidiums. 1 Pr\u00e4sident Der Pr\u00e4sident leitet und repr\u00e4sentiert die Vereinigung auf der Grundlage der Satzung und der Beschl\u00fcsse\u2026<\/p>\n<p class=\"continue-reading-button\"> <a class=\"continue-reading-link\" href=\"https:\/\/vze-vogelzucht.de\/?page_id=125\">wei\u00adter\u00adle\u00adsen<i class=\"crycon-right-dir\"><\/i><\/a><\/p>\n","protected":false},"author":2,"featured_media":0,"parent":25,"menu_order":12,"comment_status":"closed","ping_status":"closed","template":"","meta":{"footnotes":""},"class_list":["post-125","page","type-page","status-publish","hentry"],"jetpack-related-posts":[],"jetpack_sharing_enabled":true,"_links":{"self":[{"href":"https:\/\/vze-vogelzucht.de\/index.php?rest_route=\/wp\/v2\/pages\/125","targetHints":{"allow":["GET"]}}],"collection":[{"href":"https:\/\/vze-vogelzucht.de\/index.php?rest_route=\/wp\/v2\/pages"}],"about":[{"href":"https:\/\/vze-vogelzucht.de\/index.php?rest_route=\/wp\/v2\/types\/page"}],"author":[{"embeddable":true,"href":"https:\/\/vze-vogelzucht.de\/index.php?rest_route=\/wp\/v2\/users\/2"}],"replies":[{"embeddable":true,"href":"https:\/\/vze-vogelzucht.de\/index.php?rest_route=%2Fwp%2Fv2%2Fcomments&post=125"}],"version-history":[{"count":0,"href":"https:\/\/vze-vogelzucht.de\/index.php?rest_route=\/wp\/v2\/pages\/125\/revisions"}],"up":[{"embeddable":true,"href":"https:\/\/vze-vogelzucht.de\/index.php?rest_route=\/wp\/v2\/pages\/25"}],"wp:attachment":[{"href":"https:\/\/vze-vogelzucht.de\/index.php?rest_route=%2Fwp%2Fv2%2Fmedia&parent=125"}],"curies":[{"name":"wp","href":"https:\/\/api.w.org\/{rel}","templated":true}]}}