{"id":123,"date":"2017-12-12T23:22:22","date_gmt":"2017-12-12T23:22:22","guid":{"rendered":"http:\/\/vze-vogelzucht.de\/?page_id=123"},"modified":"2019-02-21T20:52:55","modified_gmt":"2019-02-21T19:52:55","slug":"auszeichnungsordnung","status":"publish","type":"page","link":"https:\/\/vze-vogelzucht.de\/?page_id=123","title":{"rendered":"Auszeichnungsordnung"},"content":{"rendered":"<p><strong>Auszeichnungsordnung<\/strong><\/p>\n<p>F\u00fcr Verdienste um die VZE sowie f\u00fcr besondere Leistungen zum Wohle der Vogelzucht k\u00f6nnen folgende Auszeichnungen vergeben bzw. Ehrungen vorgenommen werden:<\/p>\n<p><em>A \u2013 Allgemeine Ehrungen<\/em><\/p>\n<p>Ehrennadel<\/p>\n<p>F\u00fcr langj\u00e4hrige Mitgliedschaft in der VZE wird eine Ehrennadel in drei Stufen verliehen:<\/p>\n<p>nach 10-j\u00e4hriger Mitgliedschaft &#8211; Ehrennadel in Bronze<\/p>\n<p>nach 20-j\u00e4hriger Mitgliedschaft &#8211; Ehrennadel in Silber<\/p>\n<p>nach 30-j\u00e4hriger Mitgliedschaft &#8211; Ehrennadel in Gold<\/p>\n<p>Die Reihenfolge ist im Regelfalle einzuhalten. Die Ehrennadel wird ohne Antrag verliehen. Bei besonderen Verdiensten kann eine Ehrennadel auch zu einem fr\u00fcheren Zeitpunkt verliehen werden.<\/p>\n<p>Bei Vollendung einer 40-j\u00e4hrigen Mitgliedschaft kann einem Mitglied auf Antrag eines gew\u00e4hlten Organs gem\u00e4\u00df Punkt 6 dieser Ordnung oder des Mitgliedes selbst eine Ehrenurkunde verliehen werden.<\/p>\n<ol start=\"2\">\n<li>Eintragung ins Goldene Buch der VZE nach Vollendung einer 50-j\u00e4hrigen Mitgliedschaft kann auf Antrag eines gew\u00e4hlten Organs der VZE gem\u00e4\u00df Punkt 6 dieser Ordnung oder des Mitgliedes selbst die Eintragung ins Goldene Buch der VZE erfolgen.<\/li>\n<\/ol>\n<p>Die Eintragung ist mit der Verleihung einer Ehrenurkunde verbunden.<\/p>\n<ol start=\"3\">\n<li>Verdienstmedaille der VZE<\/li>\n<\/ol>\n<p>Die Verdienstmedaille der VZE kann f\u00fcr herausragende organisatorische Leistungen im Dienste der Vereinigung, f\u00fcr au\u00dfergew\u00f6hnliche Leistungen auf dem Gebiet der Vogelhaltung und \u2013zucht, f\u00fcr wissenschaftliche Leistungen sowie f\u00fcr l\u00e4ngerfristige Gesamtleistungen im Interesse der Vogelzucht und der VZE vergeben werden. Die Verdienstmedaille kann an einem Mitglied mehrmals verliehen werden.<\/p>\n<ol start=\"4\">\n<li>Ehrenmitglied der VZE<\/li>\n<\/ol>\n<p>Zum Ehrenmitglied der VZE kann ernannt werden, wer<\/p>\n<p>&#8211; wenigstens 30 Jahre Mitglied der Vereinigung und Tr\u00e4ger der Goldenen Ehrennadel ist,<\/p>\n<p>&#8211; langj\u00e4hrige Verdienste um die Vogelhaltung und \u2013zucht erworben hat,<\/p>\n<p>&#8211; an Ausstellungen, Meisterschaften und anderen \u00f6ffentlichen Veranstaltungen der VZE teilgenommen hat<\/p>\n<p>und \/ oder teilnimmt,<\/p>\n<p>&#8211; Fachbeitr\u00e4ge in der Monatszeitschrift der VZE oder anderen Fachorganen geleistet hat oder<\/p>\n<p>&#8211; oder in andere Weise in sehr hohem Ma\u00dfe zu Ehre und Ansehen der VZE beigetragen hat.<\/p>\n<p>Mit Zustimmung des Gesamtvorstandes k\u00f6nnen zu Ehrenmitgliedern der VZE auch Pers\u00f6nlichkeiten des \u00f6ffentlichen Lebens, die die Arbeit der VZE<\/p>\n<p>in herausragender Weise unterst\u00fctzen, berufen werden. Ehrenmitglieder sind vom Mitgliedsbeitrag befreit.<\/p>\n<ol start=\"5\">\n<li>Antrag<\/li>\n<\/ol>\n<p>Der Antrag auf eine der vorstehend aufgef\u00fchrten Auszeichnungen\/ Ehrungen ist schriftlich zu stellen, im \u00dcbrigen nicht formgebunden. Er muss mindestens folgende Angaben enthalten:<\/p>\n<p>Name, Vorname, Mitglieds-Nr., Dauer der Mitgliedschaft, z\u00fcchterische Leistungen, Funktionen, Ehren\u00e4mter in der VZE (vorher SZG), bisherige Auszeichnungen, wann erfolgte die letzte Auszeichnung Antragsberechtigt sind:<\/p>\n<ol>\n<li>das Pr\u00e4sidium der VZE<\/li>\n<li>die Vorsitzenden der Landesgruppen<\/li>\n<li>die Leitungen der Interessengemeinschaften<\/li>\n<li>die Vereinsvorst\u00e4nde<\/li>\n<\/ol>\n<p>&nbsp;<\/p>\n<ol start=\"6\">\n<li>Alfred-Fichtner-Medaille<\/li>\n<\/ol>\n<p>Aus besonderem Anlass, in der Regel zu besonderen Gr\u00fcndungsjubil\u00e4en der VZE, verleiht das Pr\u00e4sidium an herausragende Mitglieder und F\u00f6rderer der VZE und der Vogelzucht die dem Gr\u00fcnder der Vereinigung Alfred Fichtner gewidmete \u201eAlfred-Fichtner-Medaille\u201c. Diese Auszeichnung w\u00fcrdigt in besonderer Weise gesellschaftlich wirksame Leistungen von Mitgliedern und Freunden der VZE. Vor der Vergabe dieser Ehrung ist der Gesamtvorstand zu informieren.<\/p>\n<ol start=\"7\">\n<li>Vergabe der Auszeichnungen \/ Ehrungen<\/li>\n<\/ol>\n<p>Alle Auszeichnungen und Ehrungen werden vom Pr\u00e4sidium oder einem Mitglied des Gesamtvorstandes verliehen.<\/p>\n<p>&nbsp;<\/p>\n<p><em>B \u2013 Spezielle Auszeichnungen f\u00fcr z\u00fcchterische Leistungen<\/em><\/p>\n<ol start=\"8\">\n<li>Erstzuchten und Erhaltungszuchten<\/li>\n<\/ol>\n<p>Die VZE zeichnet zur Anerkennung und F\u00f6rderung besonderer z\u00fcchterischer Leistungen die erstmalige erfolgreiche Aufzucht einer Art, die bisher noch nicht in der VZE vermehrt wurde, als Erstzucht und die erfolgreiche Vermehrung einer in ihrem Bestand gef\u00e4hrdeten Art als Erhaltungszucht Der Z\u00fcchter einer Erstzucht oder einer Erhaltungszucht erh\u00e4lt nach erfolgreichem Anerkennungsverfahren gem\u00e4\u00df Punkt 9 dieser Ordnung eine Urkunde und eine Medaille.<\/p>\n<p>Bedingungen f\u00fcr den Erwerb der Anerkennung:<\/p>\n<p>&#8211; der Z\u00fcchter muss Mitglied der VZE sein,<\/p>\n<p>&#8211; aufgezogene Jungtiere m\u00fcssen fl\u00fcgge sein, selbst\u00e4ndig Nahrung aufnehmen und unabh\u00e4ngig sein von der F\u00fcrsorge der Elterntiere,<\/p>\n<p>&#8211; Brut und Aufzucht der V\u00f6gel sollen durch die Eltern selbst erfolgt sein. Ammen- oder Handaufzuchten k\u00f6nnen anerkannt werden, wenn die Eier von eigenen Zuchttieren des Antragstellers stammen und die nat\u00fcrliche Aufzucht aus belegbaren und \/ oder dem anerkannten Wissens- stand entsprechenden Gr\u00fcnden nicht m\u00f6glich war.<\/p>\n<p>&#8211; F\u00fcr die Anerkennung als Erhaltungszucht mu\u00df die Nachzucht \u00fcber wenigstens zwei Generationen erfolgt sein. Die Anerkennung ist dann auch f\u00fcr Arten m\u00f6glich, die nicht gef\u00e4hrdet sind, aber extrem selten gehalten und \/ oder vermehrt werden.<\/p>\n<p>&#8211; Die V\u00f6gel m\u00fcssen einer nat\u00fcrlichen Art \/ Unterart entsprechen. Mutationen oder Anerkannte Farbschl\u00e4ge sind f\u00fcr die Anerkennung als Erst- oder Erhaltungszucht nicht zugelassen.<\/p>\n<ol start=\"9\">\n<li>Anerkennungsverfahren<\/li>\n<\/ol>\n<p>Der Antrag auf Anerkennung einer Erst- oder Erhaltungszucht wird vom Z\u00fcchter formlos beim Pr\u00e4sidium (am Sitz der Gesch\u00e4ftsstelle) eingereicht. Der Z\u00fcchter erkl\u00e4rt mit der Antragstellung, dass die V\u00f6gel, mit denen die Erst- oder Erhaltungszucht gelungen ist, sein rechtm\u00e4\u00dfiges Eigentum sind. Ein exakter und ausf\u00fchrlicher Bericht \u00fcber die Elternv\u00f6gel und die Nachzucht sowie beweisf\u00e4higes Bildmaterial sind beizulegen. Der Bericht ist in der Monatszeitschrift zu ver\u00f6ffentlichen. Sodann beschlie\u00dft das Pr\u00e4sidium nach Anh\u00f6rung des f\u00fcr die betreffende Vogelart zust\u00e4ndigen IG-Vorstandes die Anerkennung der beantragten Deklaration. Die \u00dcbergabe der Ehrenurkunde und der Medaille f\u00fcr eine Erst- oder Erhaltungszucht erfolgt bei der n\u00e4chstf\u00e4llige Mitgliederversammlung.<\/p>\n<ol start=\"10\">\n<li>Ehrenpr\u00e4sident<\/li>\n<\/ol>\n<p>Die VZE kann langj\u00e4hrig t\u00e4tig gewesene Pr\u00e4sidenten der Vereinigung nach deren Ausscheiden aus der Leitungsverantwortung zu \u201eEhrenpr\u00e4sidenten\u201c ernennen. Die Verleihung diese Titels ist auch m\u00f6glich an andere Personen, die \u00fcber einen langen Zeitraum \u00fcberragende Leistungen von existentieller Bedeutung zugunsten der VZE erbracht haben. Ehrenpr\u00e4sident der VZE k\u00f6nnen mehrere Personen gleichzeitig sein. Die Vergabe des Titels erfolgt durch Beschluss der Mitgliederversammlung. Antragsberechtigt sind das Pr\u00e4sidium und der Gesamtvorstand. Der Titel \u201eEhrenpr\u00e4sident der VZE\u201c schlie\u00dft alle Eigenschaften eines Ehrenmitglieds ein. Ehrenpr\u00e4sidenten haben bei allen Veranstaltungen der VZE den Status eines Ehrengastes. Sie k\u00f6nnen nach Ma\u00dfgabe ihrer Bereitschaft repr\u00e4sentative Aufgaben f\u00fcr die VZE \u00fcbernehmen.<\/p>\n","protected":false},"excerpt":{"rendered":"<p>Auszeichnungsordnung F\u00fcr Verdienste um die VZE sowie f\u00fcr besondere Leistungen zum Wohle der Vogelzucht k\u00f6nnen folgende Auszeichnungen vergeben bzw. Ehrungen vorgenommen werden: A \u2013 Allgemeine Ehrungen Ehrennadel F\u00fcr langj\u00e4hrige Mitgliedschaft in der VZE wird eine Ehrennadel in drei Stufen verliehen: nach 10-j\u00e4hriger Mitgliedschaft &#8211; Ehrennadel in Bronze nach 20-j\u00e4hriger Mitgliedschaft\u2026<\/p>\n<p class=\"continue-reading-button\"> <a class=\"continue-reading-link\" href=\"https:\/\/vze-vogelzucht.de\/?page_id=123\">wei\u00adter\u00adle\u00adsen<i class=\"crycon-right-dir\"><\/i><\/a><\/p>\n","protected":false},"author":2,"featured_media":0,"parent":25,"menu_order":55,"comment_status":"closed","ping_status":"closed","template":"","meta":{"footnotes":""},"class_list":["post-123","page","type-page","status-publish","hentry"],"jetpack-related-posts":[],"jetpack_sharing_enabled":true,"_links":{"self":[{"href":"https:\/\/vze-vogelzucht.de\/index.php?rest_route=\/wp\/v2\/pages\/123","targetHints":{"allow":["GET"]}}],"collection":[{"href":"https:\/\/vze-vogelzucht.de\/index.php?rest_route=\/wp\/v2\/pages"}],"about":[{"href":"https:\/\/vze-vogelzucht.de\/index.php?rest_route=\/wp\/v2\/types\/page"}],"author":[{"embeddable":true,"href":"https:\/\/vze-vogelzucht.de\/index.php?rest_route=\/wp\/v2\/users\/2"}],"replies":[{"embeddable":true,"href":"https:\/\/vze-vogelzucht.de\/index.php?rest_route=%2Fwp%2Fv2%2Fcomments&post=123"}],"version-history":[{"count":0,"href":"https:\/\/vze-vogelzucht.de\/index.php?rest_route=\/wp\/v2\/pages\/123\/revisions"}],"up":[{"embeddable":true,"href":"https:\/\/vze-vogelzucht.de\/index.php?rest_route=\/wp\/v2\/pages\/25"}],"wp:attachment":[{"href":"https:\/\/vze-vogelzucht.de\/index.php?rest_route=%2Fwp%2Fv2%2Fmedia&parent=123"}],"curies":[{"name":"wp","href":"https:\/\/api.w.org\/{rel}","templated":true}]}}