{"id":117,"date":"2017-12-12T23:14:16","date_gmt":"2017-12-12T23:14:16","guid":{"rendered":"http:\/\/vze-vogelzucht.de\/?page_id=117"},"modified":"2023-01-18T10:58:21","modified_gmt":"2023-01-18T09:58:21","slug":"beitragsordnung","status":"publish","type":"page","link":"https:\/\/vze-vogelzucht.de\/?page_id=117","title":{"rendered":"Beitragsordnung"},"content":{"rendered":"<p>Beitragsordnung<\/p>\n<p>&nbsp;<\/p>\n<p>1<\/p>\n<p>&nbsp;<\/p>\n<p>Die Mitgliedsbeitr\u00e4ge sind die Haupteinnahmequelle der Vereinigung. Zur Sicherung des Finanzbedarfs f\u00fcr die Durchf\u00fchrung der Gesamtaufgaben der Vereinigung wird ab 2023 als Beitrag je Mitglied und Jahr ein Betrag von 40,00 \u20ac pro Person erhoben. Minderj\u00e4hrige Personen zahlen 15,00 \u20ac\/Jahr Beitrag.<\/p>\n<p>&nbsp;<\/p>\n<p>2<\/p>\n<p>&nbsp;<\/p>\n<p>Ehe- und Lebensgemeinschaftspartner sowie wirtschaftlich\u00a0unselbstst\u00e4ndige Familienmitglieder k\u00f6nnen mit einem Beitrag von 20,00 \u20ac\/Jahr eine Familienmitgliedschaft erwerben. Diese berechtigt nicht zum kostenlosen Bezug der Monatszeitschrift und nicht zum Erwerb amtlicher Kennzeichen der VZE.<\/p>\n<p>&nbsp;<\/p>\n<p>3<\/p>\n<p>&nbsp;<\/p>\n<p>Der Beitrag ist bis zum 31. M\u00e4rz f\u00fcr das laufende Kalenderjahr zu entrichten. Neu eingetretene Mitglieder zahlen den vollen Jahresbeitrag innerhalb von 14 Tagen nach Erhalt der Best\u00e4tigung ihrer Mitgliedschaft in der VZE. Sie erwerben damit das Recht, die Monatszeitschrift der VZE r\u00fcckwirkend ab Nr. 1 des laufenden Jahres zu erhalten. Eine R\u00fcckerstattung von Teilbetr\u00e4gen bei Beendigung der Mitgliedschaft vor Jahresfrist erfolgt nicht.<\/p>\n<p>&nbsp;<\/p>\n<p>4<\/p>\n<p>&nbsp;<\/p>\n<p>Neu eingetretene Mitglieder entrichten gem\u00e4\u00df Satzung im 1. Jahr einmalig neben dem Beitrag eine Beitrittsgeb\u00fchr von 10,00 \u20ac.<\/p>\n<p>&nbsp;<\/p>\n<p>5<\/p>\n<p>&nbsp;<\/p>\n<p>Die Entrichtung des Jahresbeitrages und der Beitrittsgeb\u00fchr erfolgt durch Einzahlung bzw. \u00dcberweisung auf das aktuelle Konto der VZE unter Angabe des Namens und der Mitgliedsnummer.<\/p>\n<p>&nbsp;<\/p>\n<p>6<\/p>\n<p>&nbsp;<\/p>\n<p>F\u00fcr die monatliche Zeitschrift und den Versand der Zeitschrift wird kein zus\u00e4tzlicher Beitrag erhoben.<\/p>\n<p>&nbsp;<\/p>\n<p>7<\/p>\n<p>&nbsp;<\/p>\n<p>Gem\u00e4\u00df Beschluss der Jahreshauptversammlung 2022 zahlen Mitglieder, die ihren Beitrag nicht termingem\u00e4\u00df entrichteten, f\u00fcr den Aufwand der Mahnung<\/p>\n<p>&nbsp;<\/p>\n<p>bei der 1. Mahnung 2,50 \u20ac Mahngeb\u00fchr,<\/p>\n<p>&nbsp;<\/p>\n<p>bei der 2. Mahnung 10,00 \u20ac Mahngeb\u00fchr.<\/p>\n<p>&nbsp;<\/p>\n<p>8<\/p>\n<p>&nbsp;<\/p>\n<p>In dieser Fassung auf der Mitgliederversammlung vom 09.07.2022 in Thale beschlossen.<\/p>\n","protected":false},"excerpt":{"rendered":"<p>Beitragsordnung &nbsp; 1 &nbsp; Die Mitgliedsbeitr\u00e4ge sind die Haupteinnahmequelle der Vereinigung. Zur Sicherung des Finanzbedarfs f\u00fcr die Durchf\u00fchrung der Gesamtaufgaben der Vereinigung wird ab 2023 als Beitrag je Mitglied und Jahr ein Betrag von 40,00 \u20ac pro Person erhoben. Minderj\u00e4hrige Personen zahlen 15,00 \u20ac\/Jahr Beitrag. &nbsp; 2 &nbsp; Ehe- und\u2026<\/p>\n<p class=\"continue-reading-button\"> <a class=\"continue-reading-link\" href=\"https:\/\/vze-vogelzucht.de\/?page_id=117\">wei\u00adter\u00adle\u00adsen<i class=\"crycon-right-dir\"><\/i><\/a><\/p>\n","protected":false},"author":2,"featured_media":0,"parent":25,"menu_order":16,"comment_status":"closed","ping_status":"closed","template":"","meta":{"footnotes":""},"class_list":["post-117","page","type-page","status-publish","hentry"],"jetpack-related-posts":[],"jetpack_sharing_enabled":true,"_links":{"self":[{"href":"https:\/\/vze-vogelzucht.de\/index.php?rest_route=\/wp\/v2\/pages\/117","targetHints":{"allow":["GET"]}}],"collection":[{"href":"https:\/\/vze-vogelzucht.de\/index.php?rest_route=\/wp\/v2\/pages"}],"about":[{"href":"https:\/\/vze-vogelzucht.de\/index.php?rest_route=\/wp\/v2\/types\/page"}],"author":[{"embeddable":true,"href":"https:\/\/vze-vogelzucht.de\/index.php?rest_route=\/wp\/v2\/users\/2"}],"replies":[{"embeddable":true,"href":"https:\/\/vze-vogelzucht.de\/index.php?rest_route=%2Fwp%2Fv2%2Fcomments&post=117"}],"version-history":[{"count":2,"href":"https:\/\/vze-vogelzucht.de\/index.php?rest_route=\/wp\/v2\/pages\/117\/revisions"}],"predecessor-version":[{"id":6596,"href":"https:\/\/vze-vogelzucht.de\/index.php?rest_route=\/wp\/v2\/pages\/117\/revisions\/6596"}],"up":[{"embeddable":true,"href":"https:\/\/vze-vogelzucht.de\/index.php?rest_route=\/wp\/v2\/pages\/25"}],"wp:attachment":[{"href":"https:\/\/vze-vogelzucht.de\/index.php?rest_route=%2Fwp%2Fv2%2Fmedia&parent=117"}],"curies":[{"name":"wp","href":"https:\/\/api.w.org\/{rel}","templated":true}]}}